{"id":28183,"date":"2022-08-26T08:18:42","date_gmt":"2022-08-26T14:18:42","guid":{"rendered":"https:\/\/mickyandoniehn.com\/radio\/?page_id=28183"},"modified":"2022-09-01T09:22:02","modified_gmt":"2022-09-01T15:22:02","slug":"cecilia-todd","status":"publish","type":"page","link":"http:\/\/mickyandoniehn.com\/radio\/cecilia-todd\/","title":{"rendered":"Cecilia Todd"},"content":{"rendered":"<p style=\"text-align: justify;\"><img loading=\"lazy\" decoding=\"async\" class=\" wp-image-30150 aligncenter\" src=\"http:\/\/mickyandoniehn.com\/radio\/wp-content\/uploads\/2022\/03\/Cecilia-Todd.jpg\" alt=\"\" width=\"623\" height=\"352\" \/><\/p>\n<p>&nbsp;<\/p>\n<p style=\"text-align: justify;\"><strong>Fecha de Nacimiento: <\/strong>Venezuela Caracas, 4 de marzo de 1951<\/p>\n<p style=\"text-align: justify;\"><strong>Biograf\u00eda<\/strong><\/p>\n<p style=\"text-align: justify;\">Esa excepcional voz del canto venezolano y latinoamericano nace en Caracas. Ya a los 5 a\u00f1os comienza a tocar el cuatro, instrumento que luego dominar\u00b7 a la perfecci\u00f3n y que complementa su personalidad musical.<\/p>\n<p style=\"text-align: justify;\">Debuta en 1972 y a fines de ese a\u00f1o efectuara su primera aparici\u00f3n internacional: Otatwa y Montreal. En el 73 viaja a Barbados, Per\u00fa y Argentina, en cuya capital, Buenos Aires, residi\u00f3 tres a\u00f1os. Estudi\u00f3 T\u00e9cnica Vocal con la reconocida Profesora Susana Naidich.<\/p>\n<p style=\"text-align: justify;\">En 1974 graba su primer LP Pajarillo Verde *, acompa\u00f1ada por Horacio Corral, Cacho Tirao y Domingo Cura, por el disco y sus conciertos, el diario Clar\u00edn la considera como la m\u00e1s importante revelaci\u00f3n folcl\u00f3rica del a\u00f1o.<\/p>\n<p style=\"text-align: justify;\">A comienzos del 76 junto a Buenos Aires 8 realizan la temporada de verano en Villa Gessell, luego viaja a Caracas donde se radica nuevamente. En Setiembre viaja a Mexico donde canta en el Museo de Arte Contempor\u00e1neo y otros auditorios de ese pa\u00eds. Desde esa fecha realiza continuas giras por la provincia venezolana y por Inglaterra. Espa\u00f1a (donde acompa\u00f1a a Soledad Bravo en un disco), Finlandia, Nicaragua, Argentina, Cuba, Bolivia, Puerto Rico, Holanda, Francia, Jap\u00f3n, China, USA. En 1991 se radic\u00f3 en Tenerife (Islas Canarias), desde donde viaja a otras regiones de Espa\u00f1a y pa\u00edses europeos. En sus numerosas presentaciones ha alternado con figuras como Joan Manuel Serrat, Chico Buarque, Astor Piazzolla, Zimbo Trio, Silvio Rodr\u00edguez, Pablo Milan\u00e9s y Mercedes Sosa entre otros.<\/p>\n<p style=\"text-align: justify;\">Pajarillo Verde es incluido entre los 100 mejores discos del Siglo XX, seg\u00fan el Diario Clar\u00edn de Buenos Aires, Argentina (29\/12\/99).<\/p>\n<p style=\"text-align: justify;\"><strong>Date of Birth:<\/strong> Venezuela Caracas, March 4, 1951<\/p>\n<p style=\"text-align: justify;\"><strong>Biography<\/strong><\/p>\n<p style=\"text-align: justify;\">That exceptional voice of Venezuelan and Latin American singing was born in Caracas. Already at the age of 5 he began to play the cuatro, an instrument that he would later master perfectly and that complements his musical personality.<\/p>\n<p style=\"text-align: justify;\">He debuted in 1972 and at the end of that year he made his first international appearance: Otatwa and Montreal. In 1973 he traveled to Barbados, Peru and Argentina, in whose capital, Buenos Aires, he lived for three years. She studied Vocal Technique with the renowned Professor Susana Naidich.<\/p>\n<p style=\"text-align: justify;\">In 1974 she recorded her first LP Pajarillo Verde *, accompanied by Horacio Corral, Cacho Tirao and Domingo Cura, for the album and her concerts, the newspaper Clar\u00edn considers her the most important folk revelation of the year.<\/p>\n<p style=\"text-align: justify;\">At the beginning of 1976, together with Buenos Aires 8, they performed the summer season in Villa Gessell, then traveled to Caracas where they settled again. In September he travels to Mexico where he sings at the Museum of Contemporary Art and other auditoriums in that country. Since then, he has made continuous tours of the Venezuelan province and of England. Spain (where he accompanies Soledad Bravo on an album), Finland, Nicaragua, Argentina, Cuba, Bolivia, Puerto Rico, Holland, France, Japan, China, USA. In 1991 he settled in Tenerife (Canary Islands), from where he traveled to other regions of Spain and European countries. In his numerous presentations he has alternated with figures such as Joan Manuel Serrat, Chico Buarque, Astor Piazzolla, Zimbo Trio, Silvio Rodr\u00edguez, Pablo Milan\u00e9s and Mercedes Sosa among others.<\/p>\n<p style=\"text-align: justify;\">Pajarillo Verde is included among the 100 best records of the 20th century, according to Diario Clar\u00edn of Buenos Aires, Argentina (12\/29\/99).<\/p>\n<p style=\"text-align: justify;\"><strong>Discografia<\/strong><\/p>\n<table width=\"531\">\n<tbody>\n<tr>\n<td style=\"text-align: center;\" width=\"211\"><strong>Musica Venezolana<\/strong><\/td>\n<td style=\"text-align: center;\" width=\"234\"><strong>Escuchar tema<\/strong><\/td>\n<td style=\"text-align: center;\" width=\"86\"><strong>A\u00f1o de Publicaci\u00f3n<\/strong><\/td>\n<\/tr>\n<tr>\n<td>1<\/td>\n<td>El Novio Pollero<\/td>\n<td>1982<\/td>\n<\/tr>\n<tr>\n<td>2<\/td>\n<td>Maldici\u00f3n<\/td>\n<td><\/td>\n<\/tr>\n<tr>\n<td>3<\/td>\n<td>El Norte Es Una Quimera<\/td>\n<td><\/td>\n<\/tr>\n<tr>\n<td>4<\/td>\n<td>El Catre<\/td>\n<td><\/td>\n<\/tr>\n<tr>\n<td>5<\/td>\n<td>Rosa Gentil<\/td>\n<td><\/td>\n<\/tr>\n<tr>\n<td>6<\/td>\n<td>Las Brumas Del Mar<\/td>\n<td><\/td>\n<\/tr>\n<tr>\n<td>7<\/td>\n<td>El Romant\u00f3n<\/td>\n<td><\/td>\n<\/tr>\n<tr>\n<td>8<\/td>\n<td>La Zarzauma<\/td>\n<td><\/td>\n<\/tr>\n<tr>\n<td>9<\/td>\n<td>La Bata Blanca<\/td>\n<td><\/td>\n<\/tr>\n<tr>\n<td>10<\/td>\n<td>La Negra Filomena<\/td>\n<td><\/td>\n<\/tr>\n<tr>\n<td><\/td>\n<td><\/td>\n<td><\/td>\n<\/tr>\n<\/tbody>\n<\/table>\n<p>&nbsp;<\/p>\n<p style=\"text-align: justify;\"><a href=\"http:\/\/mejorescanciones.es\/cecilia-todd\">http:\/\/mejorescanciones.es\/cecilia-todd<\/a><\/p>\n<p style=\"text-align: justify;\"><a href=\"https:\/\/www.last.fm\/es\/music\/Cecilia+Todd\/+wiki\">https:\/\/www.last.fm\/es\/music\/Cecilia+Todd\/+wiki<\/a><\/p>\n<div class=\"epyt-video-wrapper\"><iframe loading=\"lazy\"  id=\"_ytid_73647\"  width=\"618\" height=\"347\"  data-origwidth=\"618\" data-origheight=\"347\" src=\"https:\/\/www.youtube.com\/embed\/iNFxeiaKsDs?enablejsapi=1&#038;autoplay=0&#038;cc_load_policy=0&#038;cc_lang_pref=&#038;iv_load_policy=1&#038;loop=0&#038;modestbranding=0&#038;rel=1&#038;fs=1&#038;playsinline=0&#038;autohide=2&#038;theme=dark&#038;color=red&#038;controls=1&#038;\" class=\"__youtube_prefs__  epyt-is-override  no-lazyload\" title=\"YouTube player\"  allow=\"fullscreen; accelerometer; autoplay; clipboard-write; encrypted-media; gyroscope; picture-in-picture\" allowfullscreen data-no-lazy=\"1\" data-skipgform_ajax_framebjll=\"\"><\/iframe><\/div>\n","protected":false},"excerpt":{"rendered":"<p>&nbsp; Fecha de Nacimiento: Venezuela Caracas, 4 de marzo de 1951 Biograf\u00eda Esa excepcional voz del canto venezolano y latinoamericano nace en Caracas. Ya a los 5 a\u00f1os comienza a tocar el cuatro, instrumento que luego dominar\u00b7 a la perfecci\u00f3n y que complementa su personalidad musical. Debuta en 1972 y a fines de ese a\u00f1o &hellip;<\/p>\n","protected":false},"author":1,"featured_media":0,"parent":0,"menu_order":0,"comment_status":"closed","ping_status":"closed","template":"","meta":{"footnotes":""},"class_list":["post-28183","page","type-page","status-publish",""],"jetpack_sharing_enabled":true,"_links":{"self":[{"href":"http:\/\/mickyandoniehn.com\/radio\/wp-json\/wp\/v2\/pages\/28183","targetHints":{"allow":["GET"]}}],"collection":[{"href":"http:\/\/mickyandoniehn.com\/radio\/wp-json\/wp\/v2\/pages"}],"about":[{"href":"http:\/\/mickyandoniehn.com\/radio\/wp-json\/wp\/v2\/types\/page"}],"author":[{"embeddable":true,"href":"http:\/\/mickyandoniehn.com\/radio\/wp-json\/wp\/v2\/users\/1"}],"replies":[{"embeddable":true,"href":"http:\/\/mickyandoniehn.com\/radio\/wp-json\/wp\/v2\/comments?post=28183"}],"version-history":[{"count":2,"href":"http:\/\/mickyandoniehn.com\/radio\/wp-json\/wp\/v2\/pages\/28183\/revisions"}],"predecessor-version":[{"id":30153,"href":"http:\/\/mickyandoniehn.com\/radio\/wp-json\/wp\/v2\/pages\/28183\/revisions\/30153"}],"wp:attachment":[{"href":"http:\/\/mickyandoniehn.com\/radio\/wp-json\/wp\/v2\/media?parent=28183"}],"curies":[{"name":"wp","href":"https:\/\/api.w.org\/{rel}","templated":true}]}}