{"id":28140,"date":"2022-08-26T08:11:35","date_gmt":"2022-08-26T14:11:35","guid":{"rendered":"https:\/\/mickyandoniehn.com\/radio\/?page_id=28140"},"modified":"2022-09-01T11:00:42","modified_gmt":"2022-09-01T17:00:42","slug":"karen-carpenter","status":"publish","type":"page","link":"http:\/\/mickyandoniehn.com\/radio\/karen-carpenter\/","title":{"rendered":"Karen Carpenter"},"content":{"rendered":"<p style=\"text-align: justify;\"><img loading=\"lazy\" decoding=\"async\" class=\" wp-image-24784 aligncenter\" src=\"http:\/\/mickyandoniehn.com\/radio\/wp-content\/uploads\/2022\/08\/Karen-Carpenter-232x300.png\" alt=\"\" width=\"445\" height=\"576\" srcset=\"http:\/\/mickyandoniehn.com\/radio\/wp-content\/uploads\/2022\/08\/Karen-Carpenter-232x300.png 232w, http:\/\/mickyandoniehn.com\/radio\/wp-content\/uploads\/2022\/08\/Karen-Carpenter.png 431w\" sizes=\"auto, (max-width: 445px) 100vw, 445px\" \/><\/p>\n<p>&nbsp;<\/p>\n<div class=\"cxmmr5t8 oygrvhab hcukyx3x c1et5uql o9v6fnle ii04i59q\" style=\"text-align: justify;\">\n<div dir=\"auto\"><strong>Fecha de Nacimiento<\/strong> 2 de marzo de 1950<\/div>\n<p>&nbsp;<\/p>\n<div dir=\"auto\"><\/div>\n<div dir=\"auto\"><strong>Fecha de Fallecimiento<\/strong> 4 de febrero de 1983 (32 a\u00f1os)<\/div>\n<p>&nbsp;<\/p>\n<div dir=\"auto\"><\/div>\n<\/div>\n<div class=\"cxmmr5t8 oygrvhab hcukyx3x c1et5uql o9v6fnle ii04i59q\" style=\"text-align: justify;\">\n<div dir=\"auto\"><strong>Biograf\u00eca:<\/strong><\/div>\n<p>&nbsp;<\/p>\n<div dir=\"auto\"><\/div>\n<div dir=\"auto\">Fue una exitosa cantante y baterista estadounidense famosa por el d\u00fao The Carpenters conformado por ella y su hermano, Richard Carpenter. Fue elogiada por sus vocales de contralto y su habilidad para tocar la bater\u00eda donde recibi\u00f3 comentarios favorables de otros m\u00fasicos y cr\u00edticos. Sus luchas con los trastornos de alimentaci\u00f3n originaron m\u00e1s tarde crear conciencia de la anorexia y de la dismorfia corporal.<\/div>\n<p>&nbsp;<\/p>\n<div dir=\"auto\"><\/div>\n<\/div>\n<div class=\"cxmmr5t8 oygrvhab hcukyx3x c1et5uql o9v6fnle ii04i59q\" style=\"text-align: justify;\">\n<div dir=\"auto\">Hab\u00eda nacido en New Haven, Connecticut y se mud\u00f3 a Downey, California en 1963 con su familia. Comenz\u00f3 a estudiar bater\u00eda en la secundaria y se uni\u00f3 al coro de Long Beach State despu\u00e9s de su graduaci\u00f3n. Despu\u00e9s de varios a\u00f1os de giras y de grabaci\u00f3n, los Carpenters fueron firmados por A&amp;M Records en 1969, logrando un \u00e9xito comercial y buenas cr\u00edticas a trav\u00e9s de los a\u00f1os 1970s. Al inicio, Karen Carpenter fue la baterista de la banda, pero gradualmente tom\u00f3 el papel de vocalista reduciendo su papel como baterista solo en un pu\u00f1ado de presentaciones en vivo o en grabaciones en \u00e1lbumes. Mientras los Carpenters hicieron una pausa a fines de los a\u00f1os 1970s, grab\u00f3 un \u00e1lbum en solitario, que ser\u00eda liberado a\u00f1os despu\u00e9s de su muerte.<\/div>\n<p>&nbsp;<\/p>\n<div dir=\"auto\"><\/div>\n<\/div>\n<div class=\"cxmmr5t8 oygrvhab hcukyx3x c1et5uql o9v6fnle ii04i59q\" style=\"text-align: justify;\">\n<div dir=\"auto\">Karen tuvo un desorden alimenticio conocido como anorexia nerviosa, de la cual se conoc\u00eda poco en ese tiempo y estuvo casada brevemente a principios de los a\u00f1os 1980s. Muri\u00f3 a la edad de 32 a\u00f1os por insuficiencia card\u00edaca originada por complicaciones relacionadas con su enfermedad. Su muerte, origin\u00f3 un increment\u00f3 en la investigaci\u00f3n de los trastornos de la alimentaci\u00f3n. Su trabajo contin\u00fao atrayendo elogios, incluyendo ser nominada en la lista de la revista Rolling Stone entre las 100 m\u00e1s grandes cantantes de todos los tiempos.<\/div>\n<p>&nbsp;<\/p>\n<div dir=\"auto\"><\/div>\n<\/div>\n<div class=\"cxmmr5t8 oygrvhab hcukyx3x c1et5uql o9v6fnle ii04i59q\" style=\"text-align: justify;\">\n<div dir=\"auto\"><strong>Wikipedia in English<\/strong><\/div>\n<p>&nbsp;<\/p>\n<div dir=\"auto\"><\/div>\n<\/div>\n<div class=\"cxmmr5t8 oygrvhab hcukyx3x c1et5uql o9v6fnle ii04i59q\" style=\"text-align: justify;\">\n<div dir=\"auto\"><strong>Biography:<\/strong><\/div>\n<div dir=\"auto\"><\/div>\n<div dir=\"auto\"><strong>Date of Birth:<\/strong> March 2, 1950<\/div>\n<p>&nbsp;<\/p>\n<div dir=\"auto\"><\/div>\n<div dir=\"auto\"><strong>Date of Death:<\/strong> February 4, 1983 (32 years)<\/div>\n<p>&nbsp;<\/p>\n<div dir=\"auto\"><\/div>\n<\/div>\n<div class=\"cxmmr5t8 oygrvhab hcukyx3x c1et5uql o9v6fnle ii04i59q\" style=\"text-align: justify;\">\n<div dir=\"auto\">She was a successful American singer and drummer famous for the duo The Carpenters made up of her and her brother, Richard Carpenter. She was praised for her contralto vocals and her ability to play drums where she received favorable comments from other musicians and critics. Her struggles with eating disorders later led to awareness of anorexia and body dysmorphia.<\/div>\n<div dir=\"auto\"><\/div>\n<p>&nbsp;<\/p>\n<\/div>\n<div class=\"cxmmr5t8 oygrvhab hcukyx3x c1et5uql o9v6fnle ii04i59q\" style=\"text-align: justify;\">\n<div dir=\"auto\">He was born in New Haven, Connecticut and moved to Downey, California in 1963 with his family. He began studying drums in high school and joined the Long Beach State Choir after graduation. After several years of touring and recording, the Carpenters were signed to A&amp;M Records in 1969, achieving commercial success and critical acclaim throughout the 1970s. Karen Carpenter was initially the band&#8217;s drummer, but gradually took on the role of vocalist, reducing her role as a drummer to only a handful of live performances or album recordings. While the Carpenters went on hiatus in the late 1970s, he recorded a solo album, which would be released years after his death.<\/div>\n<p>&nbsp;<\/p>\n<div dir=\"auto\"><\/div>\n<\/div>\n<div class=\"cxmmr5t8 oygrvhab hcukyx3x c1et5uql o9v6fnle ii04i59q\" style=\"text-align: justify;\">\n<div dir=\"auto\">Karen had an eating disorder known as anorexia nervosa, of which little was known at the time, and was briefly married in the early 1980s. He died at the age of 32 from heart failure caused by complications related to his disease. His death caused an increase in research on eating disorders. Her work continued to attract accolades, including being nominated on Rolling Stone magazine&#8217;s list of the 100 Greatest Singers of All Time.<\/div>\n<p>&nbsp;<\/p>\n<div dir=\"auto\"><\/div>\n<\/div>\n<div class=\"cxmmr5t8 oygrvhab hcukyx3x c1et5uql o9v6fnle ii04i59q\" style=\"text-align: justify;\">\n<div dir=\"auto\"><strong>Discography<\/strong><\/div>\n<p>&nbsp;<\/p>\n<div dir=\"auto\"><\/div>\n<div dir=\"auto\">\n<table width=\"847\">\n<tbody>\n<tr>\n<td style=\"text-align: center;\" width=\"139\"><strong>Genero\u00a0 Pop, easy listening, adult contemporary<\/strong><\/td>\n<td style=\"text-align: center;\" width=\"628\"><strong>Escuchar Musica<\/strong><\/td>\n<td style=\"text-align: center;\" width=\"80\"><strong>A\u00f1o<\/strong><\/td>\n<\/tr>\n<tr>\n<td style=\"text-align: center;\"><\/td>\n<td style=\"text-align: center;\"><strong>\u00c1lbumes<\/strong><\/td>\n<td style=\"text-align: center;\"><\/td>\n<\/tr>\n<tr>\n<td><\/td>\n<td><\/td>\n<td><\/td>\n<\/tr>\n<tr>\n<td>1<\/td>\n<td>Ticket to ride (originalmente llamado Offering).<\/td>\n<td>1969<\/td>\n<\/tr>\n<tr>\n<td>2<\/td>\n<td>Close to you<\/td>\n<td>1970<\/td>\n<\/tr>\n<tr>\n<td>3<\/td>\n<td>Carpenters<\/td>\n<td>1971<\/td>\n<\/tr>\n<tr>\n<td>4<\/td>\n<td>A song for you<\/td>\n<td>1972<\/td>\n<\/tr>\n<tr>\n<td>5<\/td>\n<td>Now &amp; then<\/td>\n<td>1973<\/td>\n<\/tr>\n<tr>\n<td>6<\/td>\n<td>Horizon<\/td>\n<td>1975<\/td>\n<\/tr>\n<tr>\n<td>7<\/td>\n<td>A kind of hush<\/td>\n<td>1976<\/td>\n<\/tr>\n<tr>\n<td>8<\/td>\n<td>Passage<\/td>\n<td>1977<\/td>\n<\/tr>\n<tr>\n<td>9<\/td>\n<td>Christmas portrait<\/td>\n<td>1978<\/td>\n<\/tr>\n<tr>\n<td>10<\/td>\n<td>Made in Am\u00e9rica<\/td>\n<td>1981<\/td>\n<\/tr>\n<tr>\n<td><\/td>\n<td><\/td>\n<td><\/td>\n<\/tr>\n<\/tbody>\n<\/table>\n<p>&nbsp;<\/p>\n<\/div>\n<\/div>\n<div class=\"epyt-video-wrapper\"><iframe loading=\"lazy\"  id=\"_ytid_72970\"  width=\"618\" height=\"347\"  data-origwidth=\"618\" data-origheight=\"347\" src=\"https:\/\/www.youtube.com\/embed\/3VIlne2sbi0?enablejsapi=1&#038;autoplay=0&#038;cc_load_policy=0&#038;cc_lang_pref=&#038;iv_load_policy=1&#038;loop=0&#038;modestbranding=0&#038;rel=1&#038;fs=1&#038;playsinline=0&#038;autohide=2&#038;theme=dark&#038;color=red&#038;controls=1&#038;\" class=\"__youtube_prefs__  epyt-is-override  no-lazyload\" title=\"YouTube player\"  allow=\"fullscreen; accelerometer; autoplay; clipboard-write; encrypted-media; gyroscope; picture-in-picture\" allowfullscreen data-no-lazy=\"1\" data-skipgform_ajax_framebjll=\"\"><\/iframe><\/div>\n","protected":false},"excerpt":{"rendered":"<p>&nbsp; Fecha de Nacimiento 2 de marzo de 1950 &nbsp; Fecha de Fallecimiento 4 de febrero de 1983 (32 a\u00f1os) &nbsp; Biograf\u00eca: &nbsp; Fue una exitosa cantante y baterista estadounidense famosa por el d\u00fao The Carpenters conformado por ella y su hermano, Richard Carpenter. Fue elogiada por sus vocales de contralto y su habilidad para &hellip;<\/p>\n","protected":false},"author":1,"featured_media":0,"parent":0,"menu_order":0,"comment_status":"closed","ping_status":"closed","template":"","meta":{"footnotes":""},"class_list":["post-28140","page","type-page","status-publish",""],"jetpack_sharing_enabled":true,"_links":{"self":[{"href":"http:\/\/mickyandoniehn.com\/radio\/wp-json\/wp\/v2\/pages\/28140","targetHints":{"allow":["GET"]}}],"collection":[{"href":"http:\/\/mickyandoniehn.com\/radio\/wp-json\/wp\/v2\/pages"}],"about":[{"href":"http:\/\/mickyandoniehn.com\/radio\/wp-json\/wp\/v2\/types\/page"}],"author":[{"embeddable":true,"href":"http:\/\/mickyandoniehn.com\/radio\/wp-json\/wp\/v2\/users\/1"}],"replies":[{"embeddable":true,"href":"http:\/\/mickyandoniehn.com\/radio\/wp-json\/wp\/v2\/comments?post=28140"}],"version-history":[{"count":2,"href":"http:\/\/mickyandoniehn.com\/radio\/wp-json\/wp\/v2\/pages\/28140\/revisions"}],"predecessor-version":[{"id":30325,"href":"http:\/\/mickyandoniehn.com\/radio\/wp-json\/wp\/v2\/pages\/28140\/revisions\/30325"}],"wp:attachment":[{"href":"http:\/\/mickyandoniehn.com\/radio\/wp-json\/wp\/v2\/media?parent=28140"}],"curies":[{"name":"wp","href":"https:\/\/api.w.org\/{rel}","templated":true}]}}