{"id":27994,"date":"2022-08-25T12:46:16","date_gmt":"2022-08-25T18:46:16","guid":{"rendered":"https:\/\/mickyandoniehn.com\/radio\/?page_id=27994"},"modified":"2022-09-01T09:59:20","modified_gmt":"2022-09-01T15:59:20","slug":"francisco-palaviccini","status":"publish","type":"page","link":"http:\/\/mickyandoniehn.com\/radio\/francisco-palaviccini\/","title":{"rendered":"Francisco Palaviccini"},"content":{"rendered":"<p style=\"text-align: justify;\"><img loading=\"lazy\" decoding=\"async\" class=\" wp-image-24768 aligncenter\" src=\"http:\/\/mickyandoniehn.com\/radio\/wp-content\/uploads\/2022\/08\/Francisco-Palaviccini-195x300.png\" alt=\"\" width=\"536\" height=\"823\" srcset=\"http:\/\/mickyandoniehn.com\/radio\/wp-content\/uploads\/2022\/08\/Francisco-Palaviccini-195x300.png 195w, http:\/\/mickyandoniehn.com\/radio\/wp-content\/uploads\/2022\/08\/Francisco-Palaviccini.png 250w\" sizes=\"auto, (max-width: 536px) 100vw, 536px\" \/><\/p>\n<p>&nbsp;<\/p>\n<div class=\"cxmmr5t8 oygrvhab hcukyx3x c1et5uql o9v6fnle\" style=\"text-align: justify;\">\n<div dir=\"auto\"><strong>Fecha de Nacimiento:<\/strong> 28 de febrero de 1912<\/div>\n<p>&nbsp;<\/p>\n<div dir=\"auto\"><\/div>\n<div dir=\"auto\"><strong>Fallecimiento:<\/strong> 24 de febrero de 1996<\/div>\n<p>&nbsp;<\/p>\n<div dir=\"auto\"><\/div>\n<\/div>\n<div class=\"cxmmr5t8 oygrvhab hcukyx3x c1et5uql o9v6fnle\" style=\"text-align: justify;\">\n<div dir=\"auto\"><strong>Biograf\u00eda:<\/strong><\/div>\n<p>&nbsp;<\/p>\n<div dir=\"auto\"><\/div>\n<div dir=\"auto\">El apellido Palaviccini, viene de su abuelo, nacido en N\u00e1poles, Italia, quien lleg\u00f3 El Salvador, como otros extranjeros que, hicieron ah\u00ed su segunda patria.<\/div>\n<p>&nbsp;<\/p>\n<div dir=\"auto\"><\/div>\n<\/div>\n<div class=\"cxmmr5t8 oygrvhab hcukyx3x c1et5uql o9v6fnle\" style=\"text-align: justify;\">\n<div dir=\"auto\">En su infancia, estudi\u00f3 viol\u00edn y solfa con su padre, que era un m\u00fasico de ascendencia italiana. En 1923 ingres\u00f3 en el Conservatorio Nacional de El Salvador, donde profundiz\u00f3 sus conocimientos de solfeo. En 1928 viaja a Guatemala para continuar en el Conservatorio Nacional Germ\u00e1n Alc\u00e1ntara , sus estudios de composici\u00f3n musical. En 1934, viaja a Cuba donde reside por cinco a\u00f1os, all\u00ed estudia en la Academia &#8220;Ignacio Acevedo &#8221; de La Habana.<\/div>\n<p>&nbsp;<\/p>\n<div dir=\"auto\"><\/div>\n<\/div>\n<div class=\"cxmmr5t8 oygrvhab hcukyx3x c1et5uql o9v6fnle\" style=\"text-align: justify;\">\n<div dir=\"auto\">En la d\u00e9cada de 1940, viaja por Estados Unidos y Sudam\u00e9rica como parte de La Revista Musical del cubano Ernesto Lecuona. Regresa definitivamente a El Salvador, en los a\u00f1os 50, para dirigir la Orquesta Internacional Pol\u00edo. En 1960 fund\u00f3 Los Palaviccinis, conocida tambi\u00e9n como Conjunto Paquito Palaviccini y Conjunto Los Palaviccinis.<\/div>\n<p>&nbsp;<\/p>\n<div dir=\"auto\"><\/div>\n<\/div>\n<div class=\"cxmmr5t8 oygrvhab hcukyx3x c1et5uql o9v6fnle\" style=\"text-align: justify;\">\n<div dir=\"auto\">Fue tambi\u00e9n director de la Orquesta de la Universidad de El Salvador (1970-1973), y se integr\u00f3 al grupo \u201cBossa\u201d en 1982.<\/div>\n<p>&nbsp;<\/p>\n<div dir=\"auto\"><\/div>\n<\/div>\n<div class=\"cxmmr5t8 oygrvhab hcukyx3x c1et5uql o9v6fnle\" style=\"text-align: justify;\">\n<div dir=\"auto\">En reconocimiento a su carrera musical, fue nombrado, Hijo Merit\u00edsimo de El Salvador, en 1992, por la Asamblea Legislativa de El Salvador.<\/div>\n<p>&nbsp;<\/p>\n<div dir=\"auto\"><\/div>\n<\/div>\n<div class=\"cxmmr5t8 oygrvhab hcukyx3x c1et5uql o9v6fnle\" style=\"text-align: justify;\">\n<div dir=\"auto\">Palaviccini cre\u00f3 el ritmo del xuc, inspirado en la m\u00fasica aut\u00f3ctona salvadore\u00f1a. Sus composiciones m\u00e1s c\u00e9lebres: &#8220;Adentro Cojutepeque&#8221;, &#8220;El Xuc&#8221;, &#8220;El Carnaval en San Miguel&#8221;, &#8220;Santa Ana m\u00eda&#8221;, &#8220;El Caf\u00e9 de mi tierra&#8221;, &#8220;Usulut\u00e1n&#8221; y &#8220;Cocotero Sonsonateco&#8221;.<\/div>\n<div dir=\"auto\"><\/div>\n<p>&nbsp;<\/p>\n<\/div>\n<div class=\"cxmmr5t8 oygrvhab hcukyx3x c1et5uql o9v6fnle\" style=\"text-align: justify;\">\n<div dir=\"auto\"><strong>Wikipedia in English<\/strong><\/div>\n<p>&nbsp;<\/p>\n<div dir=\"auto\"><\/div>\n<\/div>\n<div class=\"cxmmr5t8 oygrvhab hcukyx3x c1et5uql o9v6fnle\" style=\"text-align: justify;\">\n<div dir=\"auto\"><strong>Date of Birth:<\/strong> February 28, 1912<\/div>\n<p>&nbsp;<\/p>\n<div dir=\"auto\"><\/div>\n<div dir=\"auto\"><strong>Date of Died:<\/strong> February 24, 1996<\/div>\n<p>&nbsp;<\/p>\n<div dir=\"auto\"><\/div>\n<\/div>\n<div class=\"cxmmr5t8 oygrvhab hcukyx3x c1et5uql o9v6fnle\" style=\"text-align: justify;\">\n<div dir=\"auto\"><strong>Biography:<\/strong><\/div>\n<p>&nbsp;<\/p>\n<div dir=\"auto\"><\/div>\n<div dir=\"auto\">The Palaviccini surname comes from his grandfather, born in Naples, Italy, who arrived in El Salvador, like other foreigners who made his second home there.<\/div>\n<p>&nbsp;<\/p>\n<div dir=\"auto\"><\/div>\n<\/div>\n<div class=\"cxmmr5t8 oygrvhab hcukyx3x c1et5uql o9v6fnle\" style=\"text-align: justify;\">\n<div dir=\"auto\">In his childhood, he studied violin and solfa with his father, who was a musician of Italian descent. In 1923 he entered the National Conservatory of El Salvador, where he deepened his knowledge of music theory. In 1928 he traveled to Guatemala to continue his studies in musical composition at the Germ\u00e1n Alc\u00e1ntara National Conservatory. In 1934, he travels to Cuba where he resides for five years, there he studies at the &#8220;Ignacio Acevedo&#8221; Academy in Havana.<\/div>\n<p>&nbsp;<\/p>\n<div dir=\"auto\"><\/div>\n<\/div>\n<div class=\"cxmmr5t8 oygrvhab hcukyx3x c1et5uql o9v6fnle\" style=\"text-align: justify;\">\n<div dir=\"auto\">In the 1940s, he toured the United States and South America as part of Cuban Ernesto Lecuona&#8217;s La Revista Musical. He returns definitively to El Salvador, in the 1950s, to direct the Pol\u00edo International Orchestra. In 1960 he founded Los Palaviccinis, also known as Conjunto Paquito Palaviccini and Conjunto Los Palaviccinis.<\/div>\n<p>&nbsp;<\/p>\n<div dir=\"auto\"><\/div>\n<\/div>\n<div class=\"cxmmr5t8 oygrvhab hcukyx3x c1et5uql o9v6fnle\" style=\"text-align: justify;\">\n<div dir=\"auto\">He was also director of the Orchestra of the University of El Salvador (1970-1973), and joined the group &#8220;Bossa&#8221; in 1982.<\/div>\n<p>&nbsp;<\/p>\n<div dir=\"auto\"><\/div>\n<\/div>\n<div class=\"cxmmr5t8 oygrvhab hcukyx3x c1et5uql o9v6fnle\" style=\"text-align: justify;\">\n<div dir=\"auto\">In recognition of his musical career, he was named, Meritorious Son of El Salvador, in 1992, by the Legislative Assembly of El Salvador.<\/div>\n<p>&nbsp;<\/p>\n<div dir=\"auto\"><\/div>\n<\/div>\n<div class=\"cxmmr5t8 oygrvhab hcukyx3x c1et5uql o9v6fnle\" style=\"text-align: justify;\">\n<div dir=\"auto\">Palaviccini created the rhythm of the xuc, inspired by indigenous Salvadoran music. His most famous compositions: &#8220;Inside Cojutepeque&#8221;, &#8220;El Xuc&#8221;, &#8220;Carnival in San Miguel&#8221;, &#8220;Santa Ana m\u00eda&#8221;, &#8220;El Caf\u00e9 de mi Tierra&#8221;, &#8220;Usulut\u00e1n&#8221; and &#8220;Cocotero Sonsonateco&#8221;.<\/div>\n<div dir=\"auto\"><\/div>\n<p>&nbsp;<\/p>\n<\/div>\n<div class=\"cxmmr5t8 oygrvhab hcukyx3x c1et5uql o9v6fnle\" style=\"text-align: justify;\">\n<div dir=\"auto\"><strong>Discography<\/strong><\/div>\n<\/div>\n<p>&nbsp;<\/p>\n<table width=\"429\">\n<tbody>\n<tr>\n<td style=\"text-align: center;\" width=\"178\"><strong>Musica Folk, Jazz, Country<\/strong><\/td>\n<td style=\"text-align: center;\" width=\"187\"><strong>Escuchar tema<\/strong><\/td>\n<td style=\"text-align: center;\" width=\"64\"><strong>A\u00f1o de Publicaci\u00f3n<\/strong><\/td>\n<\/tr>\n<tr>\n<td style=\"text-align: center;\"><\/td>\n<td style=\"text-align: center;\"><strong>Bouquet de Melod\u00edas<\/strong><\/td>\n<td style=\"text-align: center;\"><strong>1963<\/strong><\/td>\n<\/tr>\n<tr>\n<td>1<\/td>\n<td>Bouquet de Melod\u00edas<\/td>\n<td><\/td>\n<\/tr>\n<tr>\n<td>2<\/td>\n<td>As\u00ed es la Cumbia<\/td>\n<td><\/td>\n<\/tr>\n<tr>\n<td>3<\/td>\n<td>Ptpurri Europeo<\/td>\n<td><\/td>\n<\/tr>\n<tr>\n<td><\/td>\n<td><\/td>\n<td><\/td>\n<\/tr>\n<tr>\n<td style=\"text-align: center;\"><\/td>\n<td style=\"text-align: center;\"><strong>Deme Oportunidad<\/strong><\/td>\n<td style=\"text-align: center;\"><strong>1966<\/strong><\/td>\n<\/tr>\n<tr>\n<td>1<\/td>\n<td>Deme Oportunidad<\/td>\n<td><\/td>\n<\/tr>\n<tr>\n<td>2<\/td>\n<td>Regalo del Cielo<\/td>\n<td><\/td>\n<\/tr>\n<tr>\n<td><\/td>\n<td><\/td>\n<td><\/td>\n<\/tr>\n<tr>\n<td style=\"text-align: center;\"><\/td>\n<td style=\"text-align: center;\"><strong>La Cosita Xuc<\/strong><\/td>\n<td><\/td>\n<\/tr>\n<tr>\n<td>1<\/td>\n<td>La Cosita Xuc<\/td>\n<td><\/td>\n<\/tr>\n<tr>\n<td>2<\/td>\n<td>Falta Navidad<\/td>\n<td><\/td>\n<\/tr>\n<tr>\n<td><\/td>\n<td><\/td>\n<td><\/td>\n<\/tr>\n<\/tbody>\n<\/table>\n<div><\/div>\n<p>&nbsp;<\/p>\n<div class=\"cxmmr5t8 oygrvhab hcukyx3x c1et5uql o9v6fnle\" style=\"text-align: justify;\">\n<div dir=\"auto\">Cr\u00e9ditos tomados de Wikipedia:<\/div>\n<div dir=\"auto\"><a class=\"oajrlxb2 g5ia77u1 qu0x051f esr5mh6w e9989ue4 r7d6kgcz rq0escxv nhd2j8a9 nc684nl6 p7hjln8o kvgmc6g5 cxmmr5t8 oygrvhab hcukyx3x jb3vyjys rz4wbd8a qt6c0cv9 a8nywdso i1ao9s8h esuyzwwr f1sip0of lzcic4wl gpro0wi8 py34i1dx\" tabindex=\"0\" role=\"link\" href=\"https:\/\/es.wikipedia.org\/wiki\/Francisco_Palaviccini?fbclid=IwAR2mK7OfK146xVqKpYHldEx69FhZ2xI0sEpvJ75DaChzSi08SCdjFr_uoRg\" target=\"_blank\" rel=\"nofollow noopener\">https:\/\/es.wikipedia.org\/wiki\/Francisco_Palaviccini<\/a><\/div>\n<div dir=\"auto\"><\/div>\n<p>&nbsp;<\/p>\n<\/div>\n<div class=\"epyt-video-wrapper\"><iframe loading=\"lazy\"  id=\"_ytid_71639\"  width=\"618\" height=\"347\"  data-origwidth=\"618\" data-origheight=\"347\" src=\"https:\/\/www.youtube.com\/embed\/MdA_jucLamc?enablejsapi=1&#038;autoplay=0&#038;cc_load_policy=0&#038;cc_lang_pref=&#038;iv_load_policy=1&#038;loop=0&#038;modestbranding=0&#038;rel=1&#038;fs=1&#038;playsinline=0&#038;autohide=2&#038;theme=dark&#038;color=red&#038;controls=1&#038;\" class=\"__youtube_prefs__  epyt-is-override  no-lazyload\" title=\"YouTube player\"  allow=\"fullscreen; accelerometer; autoplay; clipboard-write; encrypted-media; gyroscope; picture-in-picture\" allowfullscreen data-no-lazy=\"1\" data-skipgform_ajax_framebjll=\"\"><\/iframe><\/div>\n","protected":false},"excerpt":{"rendered":"<p>&nbsp; Fecha de Nacimiento: 28 de febrero de 1912 &nbsp; Fallecimiento: 24 de febrero de 1996 &nbsp; Biograf\u00eda: &nbsp; El apellido Palaviccini, viene de su abuelo, nacido en N\u00e1poles, Italia, quien lleg\u00f3 El Salvador, como otros extranjeros que, hicieron ah\u00ed su segunda patria. &nbsp; En su infancia, estudi\u00f3 viol\u00edn y solfa con su padre, que &hellip;<\/p>\n","protected":false},"author":1,"featured_media":0,"parent":0,"menu_order":0,"comment_status":"closed","ping_status":"closed","template":"","meta":{"footnotes":""},"class_list":["post-27994","page","type-page","status-publish",""],"jetpack_sharing_enabled":true,"_links":{"self":[{"href":"http:\/\/mickyandoniehn.com\/radio\/wp-json\/wp\/v2\/pages\/27994","targetHints":{"allow":["GET"]}}],"collection":[{"href":"http:\/\/mickyandoniehn.com\/radio\/wp-json\/wp\/v2\/pages"}],"about":[{"href":"http:\/\/mickyandoniehn.com\/radio\/wp-json\/wp\/v2\/types\/page"}],"author":[{"embeddable":true,"href":"http:\/\/mickyandoniehn.com\/radio\/wp-json\/wp\/v2\/users\/1"}],"replies":[{"embeddable":true,"href":"http:\/\/mickyandoniehn.com\/radio\/wp-json\/wp\/v2\/comments?post=27994"}],"version-history":[{"count":2,"href":"http:\/\/mickyandoniehn.com\/radio\/wp-json\/wp\/v2\/pages\/27994\/revisions"}],"predecessor-version":[{"id":30234,"href":"http:\/\/mickyandoniehn.com\/radio\/wp-json\/wp\/v2\/pages\/27994\/revisions\/30234"}],"wp:attachment":[{"href":"http:\/\/mickyandoniehn.com\/radio\/wp-json\/wp\/v2\/media?parent=27994"}],"curies":[{"name":"wp","href":"https:\/\/api.w.org\/{rel}","templated":true}]}}