{"id":27992,"date":"2022-08-25T12:45:21","date_gmt":"2022-08-25T18:45:21","guid":{"rendered":"https:\/\/mickyandoniehn.com\/radio\/?page_id=27992"},"modified":"2022-09-01T10:22:47","modified_gmt":"2022-09-01T16:22:47","slug":"guillermo-anderson","status":"publish","type":"page","link":"http:\/\/mickyandoniehn.com\/radio\/guillermo-anderson\/","title":{"rendered":"Guillermo Anderson"},"content":{"rendered":"<p style=\"text-align: justify;\"><img loading=\"lazy\" decoding=\"async\" class=\" wp-image-24765 aligncenter\" src=\"http:\/\/mickyandoniehn.com\/radio\/wp-content\/uploads\/2022\/08\/Guillermo-Anderson.png\" alt=\"\" width=\"950\" height=\"631\" \/><\/p>\n<p>&nbsp;<\/p>\n<div class=\"cxmmr5t8 oygrvhab hcukyx3x c1et5uql o9v6fnle\" style=\"text-align: justify;\">\n<div dir=\"auto\"><strong>Fecha de Nacimiento<\/strong> el 26 de Febrero de 1962<\/div>\n<p>&nbsp;<\/p>\n<div dir=\"auto\"><\/div>\n<div dir=\"auto\"><strong>Fecha de Fallecimiento<\/strong> el 06 de agosto del 2016<\/div>\n<p>&nbsp;<\/p>\n<\/div>\n<div dir=\"auto\"><\/div>\n<div dir=\"auto\"><strong>Biografia<\/strong><\/div>\n<p>&nbsp;<\/p>\n<div dir=\"auto\"><\/div>\n<div class=\"cxmmr5t8 oygrvhab hcukyx3x c1et5uql o9v6fnle\" style=\"text-align: justify;\">\n<div dir=\"auto\">Fue un m\u00fasico polifac\u00e9tico hondure\u00f1o. actualmente, Guillermo Anderson es una de las figuras musicales m\u00e1s importantes de Honduras.<\/div>\n<p>&nbsp;<\/p>\n<div dir=\"auto\"><\/div>\n<div dir=\"auto\">Basado en el alegre puerto caribe\u00f1o de La Ceiba, Honduras su ciudad natal, Guillermo y su grupo fusionan percusiones hondure\u00f1as con sonidos contempor\u00e1neos. Sus actuaciones se enriquecen con la mezcla de ritmos tradicionales de la etnia gar\u00edfuna como la &#8220;Parranda&#8221; y la &#8220;Punta&#8221; con ritmos m\u00e1s conocidos de caribe. Los conciertos de este cantautor, tanto a voz y guitarra como junto a sus talentosos m\u00fasicos, celebran el amor, la naturaleza y la vida en esta parte del mundo.<\/div>\n<div dir=\"auto\"><\/div>\n<p>&nbsp;<\/p>\n<div dir=\"auto\">Con varios a\u00f1os en la escena art\u00edstica nacional es dif\u00edcil hablar de m\u00fasica hondure\u00f1a sin mencionar su nombre. Su trayectoria y papel en el panorama cultural de Honduras le ha ganado el ser nombrado Embajador Cultural de su pa\u00eds ante el mundo. Guillermo ha desempe\u00f1ado un papel importante involucr\u00e1ndose adem\u00e1s en varias causas y campa\u00f1as de educaci\u00f3n y salud.<\/div>\n<div dir=\"auto\"><\/div>\n<p>&nbsp;<\/p>\n<div dir=\"auto\">Su canci\u00f3n &#8220;En Mi Pa\u00eds&#8221; es considerada un himno alternativo en Honduras y sus canciones para ni\u00f1os son cantadas en las escuelas p\u00fablicas.<\/div>\n<p>&nbsp;<\/p>\n<div dir=\"auto\"><\/div>\n<div dir=\"auto\">Internacionalmente, Guillermo y su grupo han recibido aplausos en importantes escenarios de Norte, Centro y Sudam\u00e9rica, as\u00ed como en Europa y Asia. Sus producciones ponen de manifiesto su riqueza en talento y versatilidad, mezclando todas sus influencias sin seguir un patr\u00f3n determinado en su estilo.<\/div>\n<p>&nbsp;<\/p>\n<div dir=\"auto\"><\/div>\n<\/div>\n<div class=\"cxmmr5t8 oygrvhab hcukyx3x c1et5uql o9v6fnle\" style=\"text-align: justify;\">\n<div dir=\"auto\"><strong>Wikipedia in English<\/strong><\/div>\n<p>&nbsp;<\/p>\n<div dir=\"auto\"><\/div>\n<div dir=\"auto\"><strong>Today would be Birthday: GUILLERMO ANDERSON (he was a multifaceted Honduran musician)<\/strong><\/div>\n<div dir=\"auto\"><\/div>\n<div dir=\"auto\"><strong>Date of Birth<\/strong> on February 26, 1962<\/div>\n<p>&nbsp;<\/p>\n<div dir=\"auto\"><\/div>\n<div dir=\"auto\"><strong>Date of Died<\/strong> on August 06, 2016<\/div>\n<p>&nbsp;<\/p>\n<\/div>\n<div dir=\"auto\"><\/div>\n<div dir=\"auto\"><strong>Biography<\/strong><\/div>\n<p>&nbsp;<\/p>\n<div class=\"cxmmr5t8 oygrvhab hcukyx3x c1et5uql o9v6fnle\" style=\"text-align: justify;\">\n<div dir=\"auto\"><\/div>\n<div dir=\"auto\">He was a versatile Honduran musician. Currently, Guillermo Anderson is one of the most important musical figures in Honduras.<\/div>\n<p>&nbsp;<\/p>\n<div dir=\"auto\"><\/div>\n<div dir=\"auto\">Based in the lively Caribbean port of La Ceiba, his hometown of Honduras, Guillermo and his group fuse Honduran percussion with contemporary sounds. Their performances are enriched by the mixture of traditional rhythms of the Gar\u00edfuna ethnic group such as &#8220;Parranda&#8221; and &#8220;Punta&#8221; with more well-known Caribbean rhythms. The concerts of this singer-songwriter, both on voice and guitar and with his talented musicians, celebrate love, nature and life in this part of the world.<\/div>\n<p>&nbsp;<\/p>\n<div dir=\"auto\"><\/div>\n<div dir=\"auto\">With several years in the national art scene, it is difficult to talk about Honduran music without mentioning his name. His career and role in the cultural scene of Honduras has earned him the appointment of Cultural Ambassador of his country to the world. Guillermo has played an important role and has also been involved in various health and education causes and campaigns.<\/div>\n<p>&nbsp;<\/p>\n<div dir=\"auto\"><\/div>\n<div dir=\"auto\">His song &#8220;En Mi Pa\u00eds&#8221; is considered an alternative anthem in Honduras and his children&#8217;s songs are sung in public schools.<\/div>\n<p>&nbsp;<\/p>\n<div dir=\"auto\"><\/div>\n<div dir=\"auto\">Internationally, Guillermo and his group have received applause on major stages in North, Central and South America, as well as in Europe and Asia. His productions reveal his wealth of talent and versatility, mixing all his influences without following a specific pattern in his style.<\/div>\n<p>&nbsp;<\/p>\n<div dir=\"auto\"><\/div>\n<\/div>\n<div class=\"cxmmr5t8 oygrvhab hcukyx3x c1et5uql o9v6fnle\" style=\"text-align: justify;\">\n<div dir=\"auto\"><strong>Discography<\/strong><\/div>\n<p>&nbsp;<\/p>\n<div dir=\"auto\"><\/div>\n<div dir=\"auto\">\n<table width=\"515\">\n<tbody>\n<tr>\n<td style=\"text-align: center;\" width=\"172\"><strong>Temas T\u00edpico de Honduras<\/strong><\/td>\n<td style=\"text-align: center;\" width=\"279\"><strong>Escuchar tema<\/strong><\/td>\n<td style=\"text-align: center;\" width=\"64\"><strong>A\u00f1o<\/strong><\/td>\n<\/tr>\n<tr>\n<td>1<\/td>\n<td>Costa y Calor<\/td>\n<td>1997<\/td>\n<\/tr>\n<tr>\n<td>2<\/td>\n<td>Aves<\/td>\n<td><\/td>\n<\/tr>\n<tr>\n<td>3<\/td>\n<td>Maria Dolores<\/td>\n<td><\/td>\n<\/tr>\n<tr>\n<td>4<\/td>\n<td>Pobre Marinero<\/td>\n<td><\/td>\n<\/tr>\n<tr>\n<td>5<\/td>\n<td>Pepe Goles<\/td>\n<td><\/td>\n<\/tr>\n<tr>\n<td>6<\/td>\n<td>Guitarreando<\/td>\n<td><\/td>\n<\/tr>\n<tr>\n<td>7<\/td>\n<td>La Fuerza Que Tenes<\/td>\n<td><\/td>\n<\/tr>\n<tr>\n<td>8<\/td>\n<td>Chago<\/td>\n<td><\/td>\n<\/tr>\n<tr>\n<td>9<\/td>\n<td>Por Esa Negra<\/td>\n<td><\/td>\n<\/tr>\n<tr>\n<td><\/td>\n<td><\/td>\n<td><\/td>\n<\/tr>\n<tr>\n<td style=\"text-align: center;\"><\/td>\n<td style=\"text-align: center;\"><strong>Costa y Calor<\/strong><\/td>\n<td style=\"text-align: center;\"><strong>1999<\/strong><\/td>\n<\/tr>\n<tr>\n<td>1<\/td>\n<td>Que Mas Puedo Darte<\/td>\n<td><\/td>\n<\/tr>\n<tr>\n<td>2<\/td>\n<td>Por Esa Negra<\/td>\n<td><\/td>\n<\/tr>\n<tr>\n<td>3<\/td>\n<td>Llanto, Risa Y Paz<\/td>\n<td><\/td>\n<\/tr>\n<tr>\n<td>4<\/td>\n<td>Celebraci\u00f3n<\/td>\n<td><\/td>\n<\/tr>\n<tr>\n<td>5<\/td>\n<td>Cualquier Lugar<\/td>\n<td><\/td>\n<\/tr>\n<tr>\n<td>6<\/td>\n<td>Luna Llena<\/td>\n<td><\/td>\n<\/tr>\n<tr>\n<td>7<\/td>\n<td>Aves<\/td>\n<td><\/td>\n<\/tr>\n<tr>\n<td>8<\/td>\n<td>Cortaron El \u00c1rbol<\/td>\n<td><\/td>\n<\/tr>\n<tr>\n<td>9<\/td>\n<td>Primer Leon<\/td>\n<td><\/td>\n<\/tr>\n<tr>\n<td>10<\/td>\n<td>Costa Y Calor<\/td>\n<td><\/td>\n<\/tr>\n<tr>\n<td>11<\/td>\n<td>Morada Del Tapir<\/td>\n<td><\/td>\n<\/tr>\n<tr>\n<td><\/td>\n<td><\/td>\n<td><\/td>\n<\/tr>\n<tr>\n<td style=\"text-align: center;\"><\/td>\n<td style=\"text-align: center;\"><strong>Pobre Marinero<\/strong><\/td>\n<td style=\"text-align: center;\"><strong>2001<\/strong><\/td>\n<\/tr>\n<tr>\n<td>1<\/td>\n<td>Costa Y Calor<\/td>\n<td><\/td>\n<\/tr>\n<tr>\n<td>2<\/td>\n<td>Aves<\/td>\n<td><\/td>\n<\/tr>\n<tr>\n<td>3<\/td>\n<td>Mar\u00eda Dolores<\/td>\n<td><\/td>\n<\/tr>\n<tr>\n<td>4<\/td>\n<td>Pobre Marinero<\/td>\n<td><\/td>\n<\/tr>\n<tr>\n<td>5<\/td>\n<td>Pepe Goles<\/td>\n<td><\/td>\n<\/tr>\n<tr>\n<td>6<\/td>\n<td>Guitarreando<\/td>\n<td><\/td>\n<\/tr>\n<tr>\n<td>7<\/td>\n<td>La Fuerza Que Tenes<\/td>\n<td><\/td>\n<\/tr>\n<tr>\n<td>8<\/td>\n<td>Chago (Santiago)<\/td>\n<td><\/td>\n<\/tr>\n<tr>\n<td>9<\/td>\n<td>Memoria De La Abuela<\/td>\n<td><\/td>\n<\/tr>\n<tr>\n<td>10<\/td>\n<td colspan=\"2\">Cancion De La Esperanza Infinita (Cuando Sea Mas Grande)<\/td>\n<\/tr>\n<tr>\n<td>11<\/td>\n<td>Cipota De Barrio<\/td>\n<td><\/td>\n<\/tr>\n<tr>\n<td>12<\/td>\n<td>En Mi Pais<\/td>\n<td><\/td>\n<\/tr>\n<tr>\n<td><\/td>\n<td><\/td>\n<td><\/td>\n<\/tr>\n<tr>\n<td style=\"text-align: center;\"><\/td>\n<td style=\"text-align: center;\"><strong>Desde El Fondo Del Mar<\/strong><\/td>\n<td style=\"text-align: center;\"><strong>2002<\/strong><\/td>\n<\/tr>\n<tr>\n<td>1<\/td>\n<td>Capit\u00e1n Morris<\/td>\n<td><\/td>\n<\/tr>\n<tr>\n<td>2<\/td>\n<td>El Indicado<\/td>\n<td><\/td>\n<\/tr>\n<tr>\n<td>3<\/td>\n<td>Haydee<\/td>\n<td><\/td>\n<\/tr>\n<tr>\n<td>4<\/td>\n<td>Al Fondo Del Mar<\/td>\n<td><\/td>\n<\/tr>\n<tr>\n<td>5<\/td>\n<td>Diosa De La Lluvia<\/td>\n<td><\/td>\n<\/tr>\n<tr>\n<td>6<\/td>\n<td>Naufrago<\/td>\n<td><\/td>\n<\/tr>\n<tr>\n<td>7<\/td>\n<td>Frutales<\/td>\n<td><\/td>\n<\/tr>\n<tr>\n<td>8<\/td>\n<td>Si Me Descuido<\/td>\n<td><\/td>\n<\/tr>\n<tr>\n<td>9<\/td>\n<td>Amaneci\u00f3 En El Puerto<\/td>\n<td><\/td>\n<\/tr>\n<tr>\n<td>10<\/td>\n<td>Sirena<\/td>\n<td><\/td>\n<\/tr>\n<tr>\n<td>11<\/td>\n<td>En Mi Pais<\/td>\n<td><\/td>\n<\/tr>\n<tr>\n<td><\/td>\n<td><\/td>\n<td><\/td>\n<\/tr>\n<tr>\n<td style=\"text-align: center;\"><\/td>\n<td style=\"text-align: center;\"><strong>Encarguitos del Caribe<\/strong><\/td>\n<td style=\"text-align: center;\"><strong>2003<\/strong><\/td>\n<\/tr>\n<tr>\n<td>1<\/td>\n<td>As\u00ed Te Quiero (El Matapalo)<\/td>\n<td><\/td>\n<\/tr>\n<tr>\n<td>2<\/td>\n<td>El Encarguito<\/td>\n<td><\/td>\n<\/tr>\n<tr>\n<td>3<\/td>\n<td>Malena<\/td>\n<td><\/td>\n<\/tr>\n<tr>\n<td>4<\/td>\n<td>Pensando En Vos<\/td>\n<td><\/td>\n<\/tr>\n<tr>\n<td>5<\/td>\n<td>Llevarte Al Mar<\/td>\n<td><\/td>\n<\/tr>\n<tr>\n<td>6<\/td>\n<td>Te So\u00f1aba<\/td>\n<td><\/td>\n<\/tr>\n<tr>\n<td>7<\/td>\n<td>El Mar<\/td>\n<td><\/td>\n<\/tr>\n<tr>\n<td>8<\/td>\n<td>Pobre Marinero<\/td>\n<td><\/td>\n<\/tr>\n<tr>\n<td>9<\/td>\n<td>Santo Negro<\/td>\n<td><\/td>\n<\/tr>\n<tr>\n<td>10<\/td>\n<td>Amor y Confidente<\/td>\n<td><\/td>\n<\/tr>\n<tr>\n<td>11<\/td>\n<td>Cuando Llega El Carnaval<\/td>\n<td><\/td>\n<\/tr>\n<tr>\n<td>12<\/td>\n<td>Un Pais Mejor<\/td>\n<td><\/td>\n<\/tr>\n<tr>\n<td><\/td>\n<td><\/td>\n<td><\/td>\n<\/tr>\n<\/tbody>\n<\/table>\n<p>&nbsp;<\/p>\n<\/div>\n<\/div>\n<div class=\"epyt-video-wrapper\"><iframe loading=\"lazy\"  id=\"_ytid_26109\"  width=\"618\" height=\"347\"  data-origwidth=\"618\" data-origheight=\"347\" src=\"https:\/\/www.youtube.com\/embed\/_iErkC6yT28?enablejsapi=1&#038;autoplay=0&#038;cc_load_policy=0&#038;cc_lang_pref=&#038;iv_load_policy=1&#038;loop=0&#038;modestbranding=0&#038;rel=1&#038;fs=1&#038;playsinline=0&#038;autohide=2&#038;theme=dark&#038;color=red&#038;controls=1&#038;\" class=\"__youtube_prefs__  epyt-is-override  no-lazyload\" title=\"YouTube player\"  allow=\"fullscreen; accelerometer; autoplay; clipboard-write; encrypted-media; gyroscope; picture-in-picture\" allowfullscreen data-no-lazy=\"1\" data-skipgform_ajax_framebjll=\"\"><\/iframe><\/div>\n","protected":false},"excerpt":{"rendered":"<p>&nbsp; Fecha de Nacimiento el 26 de Febrero de 1962 &nbsp; Fecha de Fallecimiento el 06 de agosto del 2016 &nbsp; Biografia &nbsp; Fue un m\u00fasico polifac\u00e9tico hondure\u00f1o. actualmente, Guillermo Anderson es una de las figuras musicales m\u00e1s importantes de Honduras. &nbsp; Basado en el alegre puerto caribe\u00f1o de La Ceiba, Honduras su ciudad natal, &hellip;<\/p>\n","protected":false},"author":1,"featured_media":0,"parent":0,"menu_order":0,"comment_status":"closed","ping_status":"closed","template":"","meta":{"footnotes":""},"class_list":["post-27992","page","type-page","status-publish",""],"jetpack_sharing_enabled":true,"_links":{"self":[{"href":"http:\/\/mickyandoniehn.com\/radio\/wp-json\/wp\/v2\/pages\/27992","targetHints":{"allow":["GET"]}}],"collection":[{"href":"http:\/\/mickyandoniehn.com\/radio\/wp-json\/wp\/v2\/pages"}],"about":[{"href":"http:\/\/mickyandoniehn.com\/radio\/wp-json\/wp\/v2\/types\/page"}],"author":[{"embeddable":true,"href":"http:\/\/mickyandoniehn.com\/radio\/wp-json\/wp\/v2\/users\/1"}],"replies":[{"embeddable":true,"href":"http:\/\/mickyandoniehn.com\/radio\/wp-json\/wp\/v2\/comments?post=27992"}],"version-history":[{"count":2,"href":"http:\/\/mickyandoniehn.com\/radio\/wp-json\/wp\/v2\/pages\/27992\/revisions"}],"predecessor-version":[{"id":30260,"href":"http:\/\/mickyandoniehn.com\/radio\/wp-json\/wp\/v2\/pages\/27992\/revisions\/30260"}],"wp:attachment":[{"href":"http:\/\/mickyandoniehn.com\/radio\/wp-json\/wp\/v2\/media?parent=27992"}],"curies":[{"name":"wp","href":"https:\/\/api.w.org\/{rel}","templated":true}]}}