{"id":27990,"date":"2022-08-25T12:45:04","date_gmt":"2022-08-25T18:45:04","guid":{"rendered":"https:\/\/mickyandoniehn.com\/radio\/?page_id=27990"},"modified":"2022-09-01T09:54:42","modified_gmt":"2022-09-01T15:54:42","slug":"erykah-badu","status":"publish","type":"page","link":"http:\/\/mickyandoniehn.com\/radio\/erykah-badu\/","title":{"rendered":"Erykah Badu"},"content":{"rendered":"<p style=\"text-align: justify;\"><img loading=\"lazy\" decoding=\"async\" class=\" wp-image-24761 aligncenter\" src=\"http:\/\/mickyandoniehn.com\/radio\/wp-content\/uploads\/2022\/08\/Erykah-Badu-300x199.png\" alt=\"\" width=\"601\" height=\"399\" srcset=\"http:\/\/mickyandoniehn.com\/radio\/wp-content\/uploads\/2022\/08\/Erykah-Badu-300x199.png 300w, http:\/\/mickyandoniehn.com\/radio\/wp-content\/uploads\/2022\/08\/Erykah-Badu-310x205.png 310w, http:\/\/mickyandoniehn.com\/radio\/wp-content\/uploads\/2022\/08\/Erykah-Badu.png 606w\" sizes=\"auto, (max-width: 601px) 100vw, 601px\" \/><\/p>\n<p>&nbsp;<\/p>\n<div class=\"cxmmr5t8 oygrvhab hcukyx3x c1et5uql o9v6fnle ii04i59q\" style=\"text-align: justify;\">\n<div dir=\"auto\"><strong>Fecha de Nacimiento:<\/strong> 26 de febrero de 1971<\/div>\n<p>&nbsp;<\/p>\n<div dir=\"auto\"><\/div>\n<\/div>\n<div class=\"cxmmr5t8 oygrvhab hcukyx3x c1et5uql o9v6fnle ii04i59q\" style=\"text-align: justify;\">\n<div dir=\"auto\"><strong>Biograf\u00eda<\/strong><\/div>\n<p>&nbsp;<\/p>\n<div dir=\"auto\"><\/div>\n<div dir=\"auto\">Es una cantante estadounidense de neo soul.<\/div>\n<p>&nbsp;<\/p>\n<div dir=\"auto\"><\/div>\n<\/div>\n<div class=\"cxmmr5t8 oygrvhab hcukyx3x c1et5uql o9v6fnle ii04i59q\" style=\"text-align: justify;\">\n<div dir=\"auto\">Naci\u00f3 en Dallas, Texas. Creci\u00f3 escuchando el soul de los &#8217;70 y comenz\u00f3 a vivir el hip hop de los &#8217;80, pero tambi\u00e9n est\u00e1 muy influida por grandes del jazz como Billie Holiday. Su verdadero nombre es Erica Abi Wright, curs\u00f3 estudios en una escuela de arte, y a\u00f1os despu\u00e9s estuvo un tiempo dedicada a la docencia, hasta que en 1994 apareci\u00f3 en un show de D&#8217;Angelo. El m\u00e1nager de D&#8217;Angelo, Kedar Massenburg, qued\u00f3 impresionado por la actuaci\u00f3n y la contrat\u00f3 para hacer una versi\u00f3n a d\u00fao del tema de Marvin Gaye y Tammi Terrell &#8220;Your Precious Love&#8221;. En poco tiempo fich\u00f3 para la discogr\u00e1fica Entertainment, comenz\u00f3 a grabar su debut &#8220;Baduizm&#8221; bajo la producci\u00f3n de Kedar Massenburg, y la compa\u00f1\u00eda de Ron Carter, contrabajista de jazz, en alguno de los temas. El primer sencillo &#8220;On &amp; on&#8221; se convirti\u00f3 en un hit a principios de 1997, y en marzo el \u00e1lbum ya hab\u00eda llegado al n\u00famero uno. En el \u00e1lbum hab\u00eda una conjunci\u00f3n de neo soul, jazz y rap que lo hacen una gran pieza musical. Gan\u00f3 dos Grammy en 1997, uno al mejor \u00e1lbum de R&amp;B y otro a la mejor interpretaci\u00f3n vocal femenina de R&amp;B.<\/div>\n<p>&nbsp;<\/p>\n<div dir=\"auto\"><\/div>\n<\/div>\n<div class=\"cxmmr5t8 oygrvhab hcukyx3x c1et5uql o9v6fnle ii04i59q\" style=\"text-align: justify;\">\n<div dir=\"auto\"><strong>Wikipedia in English<\/strong><\/div>\n<p>&nbsp;<\/p>\n<div dir=\"auto\"><\/div>\n<\/div>\n<div class=\"cxmmr5t8 oygrvhab hcukyx3x c1et5uql o9v6fnle ii04i59q\" style=\"text-align: justify;\">\n<div dir=\"auto\"><strong>Date of Birth:<\/strong> February 26, 1971<\/div>\n<p>&nbsp;<\/p>\n<div dir=\"auto\"><\/div>\n<\/div>\n<div class=\"cxmmr5t8 oygrvhab hcukyx3x c1et5uql o9v6fnle ii04i59q\" style=\"text-align: justify;\">\n<div dir=\"auto\"><strong>Biography<\/strong><\/div>\n<p>&nbsp;<\/p>\n<div dir=\"auto\"><\/div>\n<div dir=\"auto\">Is an American singer of neo soul.<\/div>\n<p>&nbsp;<\/p>\n<div dir=\"auto\"><\/div>\n<\/div>\n<div class=\"cxmmr5t8 oygrvhab hcukyx3x c1et5uql o9v6fnle ii04i59q\" style=\"text-align: justify;\">\n<div dir=\"auto\">He was born in Dallas, Texas. She grew up listening to the soul of the &#8217;70s and began to experience the hip hop of the&#8217; 80s, but she is also heavily influenced by jazz greats like Billie Holiday. Her real name is Erica Abi Wright, she studied at an art school, and years later she spent a time teaching, until in 1994 she appeared on a D&#8217;Angelo show. D&#8217;Angelo&#8217;s manager Kedar Massenburg was impressed by the performance and hired her to do a duet version of Marvin Gaye and Tammi Terrell&#8217;s &#8220;Your Precious Love.&#8221; In a short time he signed for the record company Entertainment, he began to record his debut &#8220;Baduizm&#8221; under the production of Kedar Massenburg, and the company of Ron Carter, jazz double bass player, in some of the songs. The first single &#8220;On &amp; on&#8221; became a hit in early 1997, and by March the album had already reached number one. On the album there was a conjunction of neo soul, jazz and rap that makes it a great piece of music. She won two Grammys in 1997, one for Best R&amp;B Album and one for Best R&amp;B Female Vocal Performance.<\/div>\n<div dir=\"auto\"><\/div>\n<p>&nbsp;<\/p>\n<\/div>\n<div class=\"cxmmr5t8 oygrvhab hcukyx3x c1et5uql o9v6fnle ii04i59q\" style=\"text-align: justify;\">\n<div dir=\"auto\"><strong>Discography<\/strong><\/div>\n<p>&nbsp;<\/p>\n<div dir=\"auto\"><\/div>\n<div dir=\"auto\">\n<table width=\"847\">\n<tbody>\n<tr>\n<td style=\"text-align: center;\" width=\"139\"><strong>Genero R&amp;B, Neo soul, Hip hop<\/strong><\/td>\n<td style=\"text-align: center;\" width=\"628\"><strong>Escuchar Musica<\/strong><\/td>\n<td style=\"text-align: center;\" width=\"80\"><strong>A\u00f1o<\/strong><\/td>\n<\/tr>\n<tr>\n<td style=\"text-align: center;\"><\/td>\n<td style=\"text-align: center;\"><strong>\u00c1lbumes<\/strong><\/td>\n<td style=\"text-align: center;\"><\/td>\n<\/tr>\n<tr>\n<td><\/td>\n<td><\/td>\n<td><\/td>\n<\/tr>\n<tr>\n<td>1<\/td>\n<td>Baduizm<\/td>\n<td>1997<\/td>\n<\/tr>\n<tr>\n<td>2<\/td>\n<td>Live<\/td>\n<td>1997<\/td>\n<\/tr>\n<tr>\n<td>3<\/td>\n<td>Mama&#8217;s gun<\/td>\n<td>2000<\/td>\n<\/tr>\n<tr>\n<td>4<\/td>\n<td>Worldwide Underground<\/td>\n<td>2003<\/td>\n<\/tr>\n<tr>\n<td>5<\/td>\n<td>New Amerykah pt.1 (4th World War)<\/td>\n<td>2008<\/td>\n<\/tr>\n<tr>\n<td>6<\/td>\n<td>New Amerykah pt.2 (Return of the Ankh)<\/td>\n<td>2010<\/td>\n<\/tr>\n<tr>\n<td><\/td>\n<td><\/td>\n<td><\/td>\n<\/tr>\n<tr>\n<td style=\"text-align: center;\"><\/td>\n<td style=\"text-align: center;\"><strong>Sencillos<\/strong><\/td>\n<td style=\"text-align: center;\"><\/td>\n<\/tr>\n<tr>\n<td><\/td>\n<td><\/td>\n<td><\/td>\n<\/tr>\n<tr>\n<td>1<\/td>\n<td>On &amp; On<\/td>\n<td>1997<\/td>\n<\/tr>\n<tr>\n<td>2<\/td>\n<td>Next Lifetime<\/td>\n<td>1997<\/td>\n<\/tr>\n<tr>\n<td>3<\/td>\n<td>Apple Tree<\/td>\n<td>1997<\/td>\n<\/tr>\n<tr>\n<td>4<\/td>\n<td>Tyrone<\/td>\n<td>1997<\/td>\n<\/tr>\n<tr>\n<td>5<\/td>\n<td>Southern Gul (ft. Rahzel)<\/td>\n<td>1999<\/td>\n<\/tr>\n<tr>\n<td>6<\/td>\n<td>Bag Lady<\/td>\n<td>2000<\/td>\n<\/tr>\n<tr>\n<td>7<\/td>\n<td>Didn&#8217;t Cha Know<\/td>\n<td>2001<\/td>\n<\/tr>\n<tr>\n<td>8<\/td>\n<td>Love of my Life<\/td>\n<td>2002<\/td>\n<\/tr>\n<tr>\n<td>9<\/td>\n<td>Danger<\/td>\n<td>2003<\/td>\n<\/tr>\n<tr>\n<td>10<\/td>\n<td>Honey<\/td>\n<td>2008<\/td>\n<\/tr>\n<tr>\n<td><\/td>\n<td><\/td>\n<td><\/td>\n<\/tr>\n<\/tbody>\n<\/table>\n<p>&nbsp;<\/p>\n<\/div>\n<\/div>\n<div class=\"cxmmr5t8 oygrvhab hcukyx3x c1et5uql o9v6fnle ii04i59q\" style=\"text-align: justify;\">\n<div dir=\"auto\">Cr\u00e9ditos tomados de Wikipedia:<\/div>\n<div dir=\"auto\"><a class=\"oajrlxb2 g5ia77u1 qu0x051f esr5mh6w e9989ue4 r7d6kgcz rq0escxv nhd2j8a9 nc684nl6 p7hjln8o kvgmc6g5 cxmmr5t8 oygrvhab hcukyx3x jb3vyjys rz4wbd8a qt6c0cv9 a8nywdso i1ao9s8h esuyzwwr f1sip0of lzcic4wl gpro0wi8 py34i1dx\" tabindex=\"0\" role=\"link\" href=\"https:\/\/l.facebook.com\/l.php?u=https%3A%2F%2Fes.wikipedia.org%2Fwiki%2FErykah_Badu%3Ffbclid%3DIwAR27o-5ar8wI-QXfZ_n2lFvkwOBHb0IHwWHYESrnrfjXe7Vg0o4AHQK6tdo&amp;h=AT3SllkREYrbuWFHCRPKTQjx5lrmQlCi2z2JGl1o8Jrb0r5Cav4Cd0E_lcW-MeMdBEbI7ugHG6z1YlVrid4s-_45e6Noq9UyCCMQB8Llf0QND77T9a8U8NR677e-ArDsZSxY&amp;__tn__=-UK-R&amp;c[0]=AT2GVCNGrRdQuWm8BKnJwfnxJlY8KDKrkefQaP9qzt0FOsIiQbgcG3R-APBYANYjRUUMk08vSbRglx8f1PudMFmrGr9FXJFq17Lq9PCjrYKVV4vmHqmX4e4Ld94wiUkbJSm35VW529_dlZ6H4DIWbeXO6LIzjFUo4Cg2aQ\" target=\"_blank\" rel=\"nofollow noopener\">https:\/\/es.wikipedia.org\/wiki\/Erykah_Badu<\/a><\/div>\n<div dir=\"auto\"><\/div>\n<p>&nbsp;<\/p>\n<\/div>\n<div class=\"epyt-video-wrapper\"><iframe loading=\"lazy\"  id=\"_ytid_28577\"  width=\"618\" height=\"347\"  data-origwidth=\"618\" data-origheight=\"347\" src=\"https:\/\/www.youtube.com\/embed\/nZ7r8WGS1lY?enablejsapi=1&#038;autoplay=0&#038;cc_load_policy=0&#038;cc_lang_pref=&#038;iv_load_policy=1&#038;loop=0&#038;modestbranding=0&#038;rel=1&#038;fs=1&#038;playsinline=0&#038;autohide=2&#038;theme=dark&#038;color=red&#038;controls=1&#038;\" class=\"__youtube_prefs__  epyt-is-override  no-lazyload\" title=\"YouTube player\"  allow=\"fullscreen; accelerometer; autoplay; clipboard-write; encrypted-media; gyroscope; picture-in-picture\" allowfullscreen data-no-lazy=\"1\" data-skipgform_ajax_framebjll=\"\"><\/iframe><\/div>\n","protected":false},"excerpt":{"rendered":"<p>&nbsp; Fecha de Nacimiento: 26 de febrero de 1971 &nbsp; Biograf\u00eda &nbsp; Es una cantante estadounidense de neo soul. &nbsp; Naci\u00f3 en Dallas, Texas. Creci\u00f3 escuchando el soul de los &#8217;70 y comenz\u00f3 a vivir el hip hop de los &#8217;80, pero tambi\u00e9n est\u00e1 muy influida por grandes del jazz como Billie Holiday. Su verdadero &hellip;<\/p>\n","protected":false},"author":1,"featured_media":0,"parent":0,"menu_order":0,"comment_status":"closed","ping_status":"closed","template":"","meta":{"footnotes":""},"class_list":["post-27990","page","type-page","status-publish",""],"jetpack_sharing_enabled":true,"_links":{"self":[{"href":"http:\/\/mickyandoniehn.com\/radio\/wp-json\/wp\/v2\/pages\/27990","targetHints":{"allow":["GET"]}}],"collection":[{"href":"http:\/\/mickyandoniehn.com\/radio\/wp-json\/wp\/v2\/pages"}],"about":[{"href":"http:\/\/mickyandoniehn.com\/radio\/wp-json\/wp\/v2\/types\/page"}],"author":[{"embeddable":true,"href":"http:\/\/mickyandoniehn.com\/radio\/wp-json\/wp\/v2\/users\/1"}],"replies":[{"embeddable":true,"href":"http:\/\/mickyandoniehn.com\/radio\/wp-json\/wp\/v2\/comments?post=27990"}],"version-history":[{"count":2,"href":"http:\/\/mickyandoniehn.com\/radio\/wp-json\/wp\/v2\/pages\/27990\/revisions"}],"predecessor-version":[{"id":30223,"href":"http:\/\/mickyandoniehn.com\/radio\/wp-json\/wp\/v2\/pages\/27990\/revisions\/30223"}],"wp:attachment":[{"href":"http:\/\/mickyandoniehn.com\/radio\/wp-json\/wp\/v2\/media?parent=27990"}],"curies":[{"name":"wp","href":"https:\/\/api.w.org\/{rel}","templated":true}]}}