{"id":27986,"date":"2022-08-25T12:41:30","date_gmt":"2022-08-25T18:41:30","guid":{"rendered":"https:\/\/mickyandoniehn.com\/radio\/?page_id=27986"},"modified":"2022-09-01T11:23:03","modified_gmt":"2022-09-01T17:23:03","slug":"luis-aguile","status":"publish","type":"page","link":"http:\/\/mickyandoniehn.com\/radio\/luis-aguile\/","title":{"rendered":"Luis Aguile"},"content":{"rendered":"<p style=\"text-align: justify;\">\n<p style=\"text-align: justify;\"><img loading=\"lazy\" decoding=\"async\" class=\" wp-image-24753 aligncenter\" src=\"http:\/\/mickyandoniehn.com\/radio\/wp-content\/uploads\/2022\/08\/Luis-Aguile-241x300.png\" alt=\"\" width=\"475\" height=\"591\" srcset=\"http:\/\/mickyandoniehn.com\/radio\/wp-content\/uploads\/2022\/08\/Luis-Aguile-241x300.png 241w, http:\/\/mickyandoniehn.com\/radio\/wp-content\/uploads\/2022\/08\/Luis-Aguile.png 296w\" sizes=\"auto, (max-width: 475px) 100vw, 475px\" \/><\/p>\n<p>&nbsp;<\/p>\n<div class=\"cxmmr5t8 oygrvhab hcukyx3x c1et5uql o9v6fnle ii04i59q\" style=\"text-align: justify;\">\n<div dir=\"auto\"><strong>Fecha de Nacimiento:<\/strong> 24 de febrero de 1936 (Buenos Aires Argentina)<\/div>\n<p>&nbsp;<\/p>\n<div dir=\"auto\"><\/div>\n<div dir=\"auto\"><strong>Fecha de Fallecimiento:<\/strong> 10 de octubre del 2009 (73 a\u00f1os, Madrid Espa\u00f1a)<\/div>\n<p>&nbsp;<\/p>\n<\/div>\n<div dir=\"auto\" style=\"text-align: justify;\"><\/div>\n<div dir=\"auto\" style=\"text-align: justify;\"><strong>Biografia<\/strong><\/div>\n<p>&nbsp;<\/p>\n<div class=\"cxmmr5t8 oygrvhab hcukyx3x c1et5uql o9v6fnle ii04i59q\" style=\"text-align: justify;\">\n<div dir=\"auto\"><\/div>\n<\/div>\n<div class=\"cxmmr5t8 oygrvhab hcukyx3x c1et5uql o9v6fnle ii04i59q\" style=\"text-align: justify;\">\n<div dir=\"auto\">Luis Mar\u00eda Aguilera Picca (Ciudad de Buenos Aires, 24 de febrero de 1936-Madrid, 10 de octubre de 2009) nacido como Luis Mar\u00eda Aguilera, conocido por su nombre art\u00edstico Luis Aguil\u00e9, fue un cantautor argentino nacionalizado espa\u00f1ol de m\u00fasica rom\u00e1ntica, que fue uno de los primeros m\u00fasicos en cantar rock en espa\u00f1ol y vivi\u00f3 tambi\u00e9n en Espa\u00f1a. Activo desde los a\u00f1os 1950, se hizo famoso en toda Latinoam\u00e9rica y en Espa\u00f1a.<\/div>\n<p>&nbsp;<\/p>\n<div dir=\"auto\"><\/div>\n<div dir=\"auto\">Grab\u00f3 m\u00e1s de 800 canciones, la mitad de ellas de su autor\u00eda, y algunas se han convertido en est\u00e1ndares de la m\u00fasica popular en castellano, como \u00abCuando sal\u00ed de Cuba\u00bb, quiz\u00e1 su canci\u00f3n m\u00e1s conocida, grabada por muchos otros artistas. Tambi\u00e9n compuso canciones para ni\u00f1os y public\u00f3 varios libros. Luis Mar\u00eda Aguilera naci\u00f3 el 24 de febrero de 1936 en Buenos Aires, capital de Argentina. En su ciudad natal combin\u00f3 sus primeras actuaciones como cantante, en reuniones y fiestas familiares, con su trabajo en la Casa Central del Banco de la Provincia de Buenos Aires. En 1951, a los quince a\u00f1os, consigui\u00f3 su primer contrato, en la Maison Dor\u00e9, lujoso sal\u00f3n de fiestas porte\u00f1o, y empez\u00f3 a trabajar en la radio.<\/div>\n<p>&nbsp;<\/p>\n<div dir=\"auto\">A los 20 a\u00f1os, en mayo de 1956, se present\u00f3 en el concurso de televisi\u00f3n Music-Hall logrando un enorme \u00e9xito. Poco despu\u00e9s grabar\u00eda su primer disco, con la discogr\u00e1fica Ode\u00f3n, un sencillo con los temas &#8220;El preso n\u00famero nueve&#8221; de Roberto Cantoral y &#8220;Tu recuerdo y yo&#8221; de Jos\u00e9 Alfredo Jim\u00e9nez, dos rancheras donde canta acompa\u00f1ado por \u00c1ngel Pocho Gatti y su conjunto. Poco despu\u00e9s, edita su primer LP, Luis Aguil\u00e9, con diez temas (Gig\u00ed, Linda nena, Mujer tejedora, Tiro Liro Liro, Pancho L\u00f3pez, Qu\u00e9 ser\u00e1 ser\u00e1, Luna bonita, Luna Azul y El alegre silbador).<\/div>\n<p>&nbsp;<\/p>\n<div dir=\"auto\">\n<p><strong>Date of Birth:<\/strong> February 24, 1936 (Buenos Aires Argentina)<\/p>\n<p><strong>Date of Death:<\/strong> October 10, 2009 (73 years old, Madrid, Spain)<\/p>\n<p><strong>Biography<\/strong><\/p>\n<p>Luis Mar\u00eda Aguilera Picca (City of Buenos Aires, February 24, 1936-Madrid, October 10, 2009) born Luis Mar\u00eda Aguilera, known by his stage name Luis Aguil\u00e9, was an Argentine nationalized Spanish singer-songwriter of romantic music, who was one of the first musicians to sing rock in Spanish and also lived in Spain. Active since the 1950s, he became famous throughout Latin America and in Spain.<\/p>\n<p>He recorded more than 800 songs, half of them his own, and some have become standards of popular music in Spanish, such as &#8220;When I left Cuba&#8221;, perhaps his best-known song, recorded by many other artists. He also composed children&#8217;s songs and published several books. Luis Mar\u00eda Aguilera was born on February 24, 1936 in Buenos Aires, the capital of Argentina. In her hometown she combined her first performances as a singer, at family gatherings and parties, with her work at the Central House of the Bank of the Province of Buenos Aires. In 1951, at the age of fifteen, he got his first contract, at the Maison Dor\u00e9, a luxurious Buenos Aires nightclub, and began working on the radio.<br \/>\nAt the age of 20, in May 1956, he appeared on the Music-Hall television contest, achieving enormous success. Shortly after he would record his first album, with the Ode\u00f3n record company, a single with the songs &#8220;El preso numero nuo&#8221; by Roberto Cantoral and &#8220;Tu memoria y yo&#8221; by Jos\u00e9 Alfredo Jim\u00e9nez, two rancheras where he sings accompanied by \u00c1ngel Pocho Gatti and his group. . Shortly after, he released his first LP, Luis Aguil\u00e9, with ten songs (Gig\u00ed, Linda nena, Mujer tejedora, Tiro Liro Liro, Pancho L\u00f3pez, Qu\u00e9 ser ser, Luna bonita, Luna Azul and El alegr\u00eda silbador).<\/p>\n<p><strong>Discograf\u00eda<\/strong><\/p>\n<table style=\"height: 1173px;\" width=\"810\">\n<tbody>\n<tr>\n<td style=\"text-align: center;\" width=\"217\"><strong>Temas Rom\u00e1ntico y Mel\u00f3dico<\/strong><\/td>\n<td style=\"text-align: center;\" width=\"249\"><strong>Escuchar tema<\/strong><\/td>\n<td style=\"text-align: center;\" width=\"130\"><strong>A\u00f1o de Publicaci\u00f3n<\/strong><\/td>\n<\/tr>\n<tr>\n<td style=\"text-align: center;\"><strong>Album<\/strong><\/td>\n<td style=\"text-align: center;\"><strong>Luis Aguile Con Acomp. De Orquesta<\/strong><\/td>\n<td style=\"text-align: center;\"><strong>1957<\/strong><\/td>\n<\/tr>\n<tr>\n<td>1<\/td>\n<td>Gui Gui = Gigi<\/td>\n<td><\/td>\n<\/tr>\n<tr>\n<td>2<\/td>\n<td>Linda Nena = Pretty Baby<\/td>\n<td><\/td>\n<\/tr>\n<tr>\n<td>3<\/td>\n<td>Mujer Tejedora<\/td>\n<td><\/td>\n<\/tr>\n<tr>\n<td>4<\/td>\n<td>Tiroliroliro<\/td>\n<td><\/td>\n<\/tr>\n<tr>\n<td>5<\/td>\n<td>Pancho L\u00f3pez<\/td>\n<td><\/td>\n<\/tr>\n<tr>\n<td>6<\/td>\n<td colspan=\"2\">Que Ser\u00e1, Ser\u00e1 = Whatever Will Be, Will Be<\/td>\n<\/tr>\n<tr>\n<td>7<\/td>\n<td>Luna Bonita<\/td>\n<td><\/td>\n<\/tr>\n<tr>\n<td>8<\/td>\n<td>Luna Azul = Blue Moon<\/td>\n<td><\/td>\n<\/tr>\n<tr>\n<td>9<\/td>\n<td>El Alegre Silbador = The Happy Whistler<\/td>\n<td><\/td>\n<\/tr>\n<tr>\n<td><\/td>\n<td><\/td>\n<td><\/td>\n<\/tr>\n<tr>\n<td style=\"text-align: center;\"><strong>Album<\/strong><\/td>\n<td style=\"text-align: center;\"><strong>Mas Creaciones<\/strong><\/td>\n<td style=\"text-align: center;\"><strong>1960<\/strong><\/td>\n<\/tr>\n<tr>\n<td>1<\/td>\n<td>D\u00e9jenme En Paz<\/td>\n<td><\/td>\n<\/tr>\n<tr>\n<td>2<\/td>\n<td>Te Llevo Bajo Mi Piel<\/td>\n<td><\/td>\n<\/tr>\n<tr>\n<td>3<\/td>\n<td>Yo Se<\/td>\n<td><\/td>\n<\/tr>\n<tr>\n<td>4<\/td>\n<td>La Pachanga<\/td>\n<td><\/td>\n<\/tr>\n<tr>\n<td>5<\/td>\n<td>Al Claro De Luna<\/td>\n<td><\/td>\n<\/tr>\n<tr>\n<td>6<\/td>\n<td>Ya Ves, As\u00ed Pienso Yo<\/td>\n<td><\/td>\n<\/tr>\n<tr>\n<td>7<\/td>\n<td>Ay! Chabela<\/td>\n<td><\/td>\n<\/tr>\n<tr>\n<td>8<\/td>\n<td>La Balanza<\/td>\n<td><\/td>\n<\/tr>\n<tr>\n<td>9<\/td>\n<td>Arrivederchi<\/td>\n<td><\/td>\n<\/tr>\n<tr>\n<td>10<\/td>\n<td>Mi Esp\u00edritu<\/td>\n<td><\/td>\n<\/tr>\n<tr>\n<td>11<\/td>\n<td>La Monta\u00f1a<\/td>\n<td><\/td>\n<\/tr>\n<tr>\n<td>12<\/td>\n<td>Castillo De Piedra<\/td>\n<td><\/td>\n<\/tr>\n<tr>\n<td><\/td>\n<td><\/td>\n<td><\/td>\n<\/tr>\n<tr>\n<td style=\"text-align: center;\"><strong>Album<\/strong><\/td>\n<td style=\"text-align: center;\"><strong>Hola Venezuela<\/strong><\/td>\n<td style=\"text-align: center;\"><\/td>\n<\/tr>\n<tr>\n<td>1<\/td>\n<td>La Canci\u00f3n Que Te Gusta A Ti<\/td>\n<td><\/td>\n<\/tr>\n<tr>\n<td>2<\/td>\n<td>La Cinta Verde<\/td>\n<td><\/td>\n<\/tr>\n<tr>\n<td>3<\/td>\n<td>Lulu &#8220;Sin Embargo&#8221;<\/td>\n<td><\/td>\n<\/tr>\n<tr>\n<td>4<\/td>\n<td>Hay Una Mujer<\/td>\n<td><\/td>\n<\/tr>\n<tr>\n<td>5<\/td>\n<td>No Me Abandones<\/td>\n<td><\/td>\n<\/tr>\n<tr>\n<td>6<\/td>\n<td>Regresa A Mi<\/td>\n<td><\/td>\n<\/tr>\n<tr>\n<td>7<\/td>\n<td>Venus<\/td>\n<td><\/td>\n<\/tr>\n<tr>\n<td>8<\/td>\n<td>Julia<\/td>\n<td><\/td>\n<\/tr>\n<tr>\n<td>9<\/td>\n<td>Llueve (Ciao Ciao Bambina)<\/td>\n<td><\/td>\n<\/tr>\n<tr>\n<td>10<\/td>\n<td>Dime Algo Cari\u00f1oso<\/td>\n<td><\/td>\n<\/tr>\n<tr>\n<td>11<\/td>\n<td>Linda Nena<\/td>\n<td><\/td>\n<\/tr>\n<tr>\n<td>12<\/td>\n<td>Yo (Io)<\/td>\n<td><\/td>\n<\/tr>\n<tr>\n<td><\/td>\n<td><\/td>\n<td><\/td>\n<\/tr>\n<\/tbody>\n<\/table>\n<p>Creditos tomados de Wikipedia<br \/>\n<a href=\"https:\/\/es.wikipedia.org\/wiki\/Luis_Aguil%C3%A9#Discograf%C3%ADa\">https:\/\/es.wikipedia.org\/wiki\/Luis_Aguil%C3%A9#Discograf%C3%ADa<\/a><\/p>\n<\/div>\n<\/div>\n<div class=\"epyt-video-wrapper\"><iframe loading=\"lazy\"  id=\"_ytid_10861\"  width=\"618\" height=\"347\"  data-origwidth=\"618\" data-origheight=\"347\" src=\"https:\/\/www.youtube.com\/embed\/3wPBX-Hu-g0?enablejsapi=1&#038;autoplay=0&#038;cc_load_policy=0&#038;cc_lang_pref=&#038;iv_load_policy=1&#038;loop=0&#038;modestbranding=0&#038;rel=1&#038;fs=1&#038;playsinline=0&#038;autohide=2&#038;theme=dark&#038;color=red&#038;controls=1&#038;\" class=\"__youtube_prefs__  epyt-is-override  no-lazyload\" title=\"YouTube player\"  allow=\"fullscreen; accelerometer; autoplay; clipboard-write; encrypted-media; gyroscope; picture-in-picture\" allowfullscreen data-no-lazy=\"1\" data-skipgform_ajax_framebjll=\"\"><\/iframe><\/div>\n<p style=\"text-align: justify;\">\n","protected":false},"excerpt":{"rendered":"<p>&nbsp; Fecha de Nacimiento: 24 de febrero de 1936 (Buenos Aires Argentina) &nbsp; Fecha de Fallecimiento: 10 de octubre del 2009 (73 a\u00f1os, Madrid Espa\u00f1a) &nbsp; Biografia &nbsp; Luis Mar\u00eda Aguilera Picca (Ciudad de Buenos Aires, 24 de febrero de 1936-Madrid, 10 de octubre de 2009) nacido como Luis Mar\u00eda Aguilera, conocido por su nombre &hellip;<\/p>\n","protected":false},"author":1,"featured_media":0,"parent":0,"menu_order":0,"comment_status":"closed","ping_status":"closed","template":"","meta":{"footnotes":""},"class_list":["post-27986","page","type-page","status-publish",""],"jetpack_sharing_enabled":true,"_links":{"self":[{"href":"http:\/\/mickyandoniehn.com\/radio\/wp-json\/wp\/v2\/pages\/27986","targetHints":{"allow":["GET"]}}],"collection":[{"href":"http:\/\/mickyandoniehn.com\/radio\/wp-json\/wp\/v2\/pages"}],"about":[{"href":"http:\/\/mickyandoniehn.com\/radio\/wp-json\/wp\/v2\/types\/page"}],"author":[{"embeddable":true,"href":"http:\/\/mickyandoniehn.com\/radio\/wp-json\/wp\/v2\/users\/1"}],"replies":[{"embeddable":true,"href":"http:\/\/mickyandoniehn.com\/radio\/wp-json\/wp\/v2\/comments?post=27986"}],"version-history":[{"count":2,"href":"http:\/\/mickyandoniehn.com\/radio\/wp-json\/wp\/v2\/pages\/27986\/revisions"}],"predecessor-version":[{"id":30369,"href":"http:\/\/mickyandoniehn.com\/radio\/wp-json\/wp\/v2\/pages\/27986\/revisions\/30369"}],"wp:attachment":[{"href":"http:\/\/mickyandoniehn.com\/radio\/wp-json\/wp\/v2\/media?parent=27986"}],"curies":[{"name":"wp","href":"https:\/\/api.w.org\/{rel}","templated":true}]}}