{"id":27980,"date":"2022-08-25T12:39:50","date_gmt":"2022-08-25T18:39:50","guid":{"rendered":"https:\/\/mickyandoniehn.com\/radio\/?page_id=27980"},"modified":"2022-08-25T12:39:50","modified_gmt":"2022-08-25T18:39:50","slug":"ulices-hermosa","status":"publish","type":"page","link":"http:\/\/mickyandoniehn.com\/radio\/ulices-hermosa\/","title":{"rendered":"Ulices Hermosa"},"content":{"rendered":"<p style=\"text-align: justify;\"><img loading=\"lazy\" decoding=\"async\" class=\"wp-image-24726 aligncenter\" src=\"http:\/\/mickyandoniehn.com\/radio\/wp-content\/uploads\/2022\/08\/Ulices-Hermosa-225x300.jpg\" alt=\"\" width=\"435\" height=\"580\" srcset=\"http:\/\/mickyandoniehn.com\/radio\/wp-content\/uploads\/2022\/08\/Ulices-Hermosa-225x300.jpg 225w, http:\/\/mickyandoniehn.com\/radio\/wp-content\/uploads\/2022\/08\/Ulices-Hermosa.jpg 300w\" sizes=\"auto, (max-width: 435px) 100vw, 435px\" \/><\/p>\n<p>&nbsp;<\/p>\n<p>&nbsp;<\/p>\n<p style=\"text-align: justify;\"><strong>Fecha de Nacimiento:<\/strong> 22 de febrero de 1954 Cochabamba, Bolivia<\/p>\n<p style=\"text-align: justify;\"><strong>Fecha de Fallecimiento:<\/strong> 03 de abril de 1992 (38 a\u00f1os)<\/p>\n<p><strong>Biografia<\/strong><\/p>\n<p style=\"text-align: justify;\">Ulises Hermosa (Villa Capinota, Cochabamba; 22 de febrero de 1954 \u2014 Houston, Estados Unidos; 3 de abril de 1992), fue un cantante y m\u00fasico boliviano. Era hermano de los cantantes Elmer Hermosa y Gonzalo Hermosa Gonz\u00e1lez form\u00f3 parte de la agrupaci\u00f3n folcl\u00f3rica Los Kjarkas, del que fue el compositor de los temas m\u00e1s aclamados y famosos. Junto con su hermano Gonzalo fue el creador del tema \u00abLlorando se fue\u00bb, que se hizo mundialmente famoso en 1989 cuando fue adaptado (sin autorizaci\u00f3n y sin pagar derechos) a ritmo de lambada por el grupo franco-brasile\u00f1o Kaoma.<\/p>\n<p style=\"text-align: justify;\">Ulises Hermosa naci\u00f3 en la Provincia Capinota de Cochabamba, en Bolivia, el 22 de febrero de 1954. Junto a su hermana Margarita, fue el pen\u00faltimo de 8 hermanos, integr\u00f3 Los Kjarkas desde los 14 a\u00f1os y se convirti\u00f3 en el mentor del grupo. Su hermano mayor Gonzalo dijo de \u00e9l: Ulises fue el hombre que nos llev\u00f3 hasta donde nunca hab\u00edamos so\u00f1ado porque a pesar de ser t\u00edmido, era agresivo cuando se trataba de alcanzar metas, siempre so\u00f1\u00f3 con llevar su m\u00fasica m\u00e1s all\u00e1 de las fronteras y lo logr\u00f3.<\/p>\n<p style=\"text-align: justify;\">Ulises nunca tom\u00f3 clases para aprender a tocar ning\u00fan instrumento, al ver que su hermano menor Elmer cantaba, \u00e9l tom\u00f3 la guitarra para acompa\u00f1arlo. Esa \u00e9poca solo ten\u00eda trece a\u00f1os, y Elmer siete.<\/p>\n<p style=\"text-align: justify;\"><strong>Date of Born:<\/strong> February 22, 1954 Cochabamba, Bolivia<\/p>\n<p style=\"text-align: justify;\"><strong>Date of Death:<\/strong> April 03, 1992 (38 years old)<\/p>\n<p><strong>Biography<\/strong><\/p>\n<p style=\"text-align: justify;\">Ulises Hermosa (Villa Capinota, Cochabamba, February 22, 1954 &#8211; Houston, United States, April 3, 1992), was a Bolivian singer and musician. He was the brother of the singers Elmer Hermosa and Gonzalo Hermosa Gonz\u00e1lez. He was part of the folk group Los Kjarkas, of which he was the composer of the most acclaimed and famous songs. Along with his brother Gonzalo, he was the creator of the song &#8220;Llorando se fue&#8221;, which became world famous in 1989 when it was adapted (without authorization and without paying rights) to the rhythm of lambada by the Franco-Brazilian group Kaoma.<\/p>\n<p style=\"text-align: justify;\">Ulises Hermosa was born in the Capinota Province of Cochabamba, in Bolivia, on February 22, 1954. Together with his sister Margarita, he was the penultimate of 8 siblings, he joined Los Kjarkas from the age of 14 and became the group&#8217;s mentor. His older brother Gonzalo said of him: Ulises was the man who took us to where we had never dreamed because despite being shy, he was aggressive when it came to reaching goals, he always dreamed of taking his music beyond borders and he achieved it. .<\/p>\n<p style=\"text-align: justify;\">Ulises never took classes to learn to play any instrument, seeing that his younger brother Elmer sang, he took the guitar to accompany him. I was only thirteen at the time, and Elmer was seven.<\/p>\n<p style=\"text-align: justify;\"><strong>Discografia<\/strong><\/p>\n<table width=\"228\">\n<tbody>\n<tr>\n<td style=\"text-align: center;\" width=\"83\"><strong>Temas Instrumental y vocal<\/strong><\/td>\n<td style=\"text-align: center;\" width=\"145\"><strong>Escuchar tema<\/strong><\/td>\n<\/tr>\n<tr>\n<td>1<\/td>\n<td>Tarajchi<\/td>\n<\/tr>\n<tr>\n<td>2<\/td>\n<td>Lambada<\/td>\n<\/tr>\n<tr>\n<td>3<\/td>\n<td>Llorando Se Fue<\/td>\n<\/tr>\n<\/tbody>\n<\/table>\n<p>&nbsp;<\/p>\n<div class=\"epyt-video-wrapper\"><iframe loading=\"lazy\"  id=\"_ytid_34338\"  width=\"618\" height=\"347\"  data-origwidth=\"618\" data-origheight=\"347\" src=\"https:\/\/www.youtube.com\/embed\/LCWgluc-mbM?enablejsapi=1&#038;autoplay=0&#038;cc_load_policy=0&#038;cc_lang_pref=&#038;iv_load_policy=1&#038;loop=0&#038;modestbranding=0&#038;rel=1&#038;fs=1&#038;playsinline=0&#038;autohide=2&#038;theme=dark&#038;color=red&#038;controls=1&#038;\" class=\"__youtube_prefs__  epyt-is-override  no-lazyload\" title=\"YouTube player\"  allow=\"fullscreen; accelerometer; autoplay; clipboard-write; encrypted-media; gyroscope; picture-in-picture\" allowfullscreen data-no-lazy=\"1\" data-skipgform_ajax_framebjll=\"\"><\/iframe><\/div>\n","protected":false},"excerpt":{"rendered":"<p>&nbsp; &nbsp; Fecha de Nacimiento: 22 de febrero de 1954 Cochabamba, Bolivia Fecha de Fallecimiento: 03 de abril de 1992 (38 a\u00f1os) Biografia Ulises Hermosa (Villa Capinota, Cochabamba; 22 de febrero de 1954 \u2014 Houston, Estados Unidos; 3 de abril de 1992), fue un cantante y m\u00fasico boliviano. Era hermano de los cantantes Elmer Hermosa &hellip;<\/p>\n","protected":false},"author":1,"featured_media":0,"parent":0,"menu_order":0,"comment_status":"closed","ping_status":"closed","template":"","meta":{"footnotes":""},"class_list":["post-27980","page","type-page","status-publish",""],"jetpack_sharing_enabled":true,"_links":{"self":[{"href":"http:\/\/mickyandoniehn.com\/radio\/wp-json\/wp\/v2\/pages\/27980","targetHints":{"allow":["GET"]}}],"collection":[{"href":"http:\/\/mickyandoniehn.com\/radio\/wp-json\/wp\/v2\/pages"}],"about":[{"href":"http:\/\/mickyandoniehn.com\/radio\/wp-json\/wp\/v2\/types\/page"}],"author":[{"embeddable":true,"href":"http:\/\/mickyandoniehn.com\/radio\/wp-json\/wp\/v2\/users\/1"}],"replies":[{"embeddable":true,"href":"http:\/\/mickyandoniehn.com\/radio\/wp-json\/wp\/v2\/comments?post=27980"}],"version-history":[{"count":2,"href":"http:\/\/mickyandoniehn.com\/radio\/wp-json\/wp\/v2\/pages\/27980\/revisions"}],"predecessor-version":[{"id":30547,"href":"http:\/\/mickyandoniehn.com\/radio\/wp-json\/wp\/v2\/pages\/27980\/revisions\/30547"}],"wp:attachment":[{"href":"http:\/\/mickyandoniehn.com\/radio\/wp-json\/wp\/v2\/media?parent=27980"}],"curies":[{"name":"wp","href":"https:\/\/api.w.org\/{rel}","templated":true}]}}