{"id":27962,"date":"2022-08-25T12:35:24","date_gmt":"2022-08-25T18:35:24","guid":{"rendered":"https:\/\/mickyandoniehn.com\/radio\/?page_id=27962"},"modified":"2022-09-01T11:44:40","modified_gmt":"2022-09-01T17:44:40","slug":"ophelie-winter","status":"publish","type":"page","link":"http:\/\/mickyandoniehn.com\/radio\/ophelie-winter\/","title":{"rendered":"Oph\u00e9lie Winter"},"content":{"rendered":"<p style=\"text-align: justify;\"><img loading=\"lazy\" decoding=\"async\" class=\" wp-image-24701 aligncenter\" src=\"http:\/\/mickyandoniehn.com\/radio\/wp-content\/uploads\/2022\/08\/Ophelie-Winter-199x300.png\" alt=\"\" width=\"448\" height=\"675\" srcset=\"http:\/\/mickyandoniehn.com\/radio\/wp-content\/uploads\/2022\/08\/Ophelie-Winter-199x300.png 199w, http:\/\/mickyandoniehn.com\/radio\/wp-content\/uploads\/2022\/08\/Ophelie-Winter.png 285w\" sizes=\"auto, (max-width: 448px) 100vw, 448px\" \/><\/p>\n<p>&nbsp;<\/p>\n<div class=\"cxmmr5t8 oygrvhab hcukyx3x c1et5uql o9v6fnle\" style=\"text-align: justify;\">\n<div dir=\"auto\"><strong>Fecha de Nacimiento:<\/strong> 20 de febrero de 1974<\/div>\n<p>&nbsp;<\/p>\n<div dir=\"auto\"><\/div>\n<\/div>\n<div class=\"cxmmr5t8 oygrvhab hcukyx3x c1et5uql o9v6fnle\" style=\"text-align: justify;\">\n<div dir=\"auto\"><strong>Biograf\u00eda:<\/strong><\/div>\n<p>&nbsp;<\/p>\n<div dir=\"auto\"><\/div>\n<div dir=\"auto\">Es una cantante y actriz francesa de hip hop y R&amp;B. Winter naci\u00f3 en Boulogne-Billancourt , Hauts-de-Seine. Su padre, David Alexandre Winter, era un cantante de pop holand\u00e9s que tuvo cierto \u00e9xito durante la d\u00e9cada de 1970, mientras que su madre, Catherine Fefeu, era una modelo francesa , que ahora es su agente. Su hermano Michael es cantante y presentador de televisi\u00f3n.<\/div>\n<div dir=\"auto\"><\/div>\n<p>&nbsp;<\/p>\n<\/div>\n<div class=\"cxmmr5t8 oygrvhab hcukyx3x c1et5uql o9v6fnle\" style=\"text-align: justify;\">\n<div dir=\"auto\">Sus padres se divorciaron cuando ella ten\u00eda solo 2 a\u00f1os y se mud\u00f3 a Par\u00eds con su madre y su hermano, mientras que su padre se fue a los Estados Unidos. En 1984, a la edad de 10 a\u00f1os, grab\u00f3 su primera canci\u00f3n en Francia , La Chanson des Klaxons y 3 a\u00f1os m\u00e1s tarde otra canci\u00f3n, Poil de Carotte , en franc\u00e9s. [1] A la edad de 17 a\u00f1os, fue descubierta por un agente de modelos en los Campos El\u00edseos de Par\u00eds y despu\u00e9s de tres a\u00f1os de modelar, decidi\u00f3 convertirse en cantante y actriz.<\/div>\n<div dir=\"auto\"><\/div>\n<p>&nbsp;<\/p>\n<\/div>\n<div class=\"cxmmr5t8 oygrvhab hcukyx3x c1et5uql o9v6fnle\" style=\"text-align: justify;\">\n<div dir=\"auto\">A finales de 2014 se convirti\u00f3 en un contendiente en la quinta temporada de TF1 &#8216;s Danse avec les Estrellas .<\/div>\n<div dir=\"auto\"><\/div>\n<p>&nbsp;<\/p>\n<\/div>\n<div class=\"cxmmr5t8 oygrvhab hcukyx3x c1et5uql o9v6fnle\" style=\"text-align: justify;\">\n<div dir=\"auto\">Actualmente reside en Par\u00eds haciendo varias apariciones en televisi\u00f3n. Su t\u00edtere de imitaci\u00f3n est\u00e1 en el espect\u00e1culo franc\u00e9s &#8221; Les Guignols de l&#8217;info &#8221; (1988).<\/div>\n<div dir=\"auto\"><\/div>\n<p>&nbsp;<\/p>\n<\/div>\n<div class=\"cxmmr5t8 oygrvhab hcukyx3x c1et5uql o9v6fnle\" style=\"text-align: justify;\">\n<div dir=\"auto\"><strong>Wikipedia in English<\/strong><\/div>\n<p>&nbsp;<\/p>\n<div dir=\"auto\"><\/div>\n<\/div>\n<div class=\"cxmmr5t8 oygrvhab hcukyx3x c1et5uql o9v6fnle\" style=\"text-align: justify;\">\n<div dir=\"auto\"><strong>Biography:<\/strong><\/div>\n<p>&nbsp;<\/p>\n<div dir=\"auto\"><\/div>\n<\/div>\n<div class=\"cxmmr5t8 oygrvhab hcukyx3x c1et5uql o9v6fnle\" style=\"text-align: justify;\">\n<div dir=\"auto\"><strong>Date of Birth:<\/strong> February 20, 1974<\/div>\n<p>&nbsp;<\/p>\n<div dir=\"auto\"><\/div>\n<\/div>\n<div class=\"cxmmr5t8 oygrvhab hcukyx3x c1et5uql o9v6fnle\" style=\"text-align: justify;\">\n<div dir=\"auto\">She is a French hip hop and R&amp;B singer and actress. Winter was born in Boulogne-Billancourt, Hauts-de-Seine. His father, David Alexandre Winter, was a Dutch pop singer who had some success during the 1970s, while his mother, Catherine Fefeu, was a French model, who is now his agent. His brother Michael is a singer and television host.<\/div>\n<div dir=\"auto\"><\/div>\n<p>&nbsp;<\/p>\n<\/div>\n<div class=\"cxmmr5t8 oygrvhab hcukyx3x c1et5uql o9v6fnle\" style=\"text-align: justify;\">\n<div dir=\"auto\">Her parents divorced when she was only 2 years old and she moved to Paris with her mother and brother, while her father went to the United States. In 1984, at the age of 10, he recorded his first song in France, La Chanson des Klaxons and 3 years later another song, Poil de Carotte, in French. [1] At the age of 17, she was discovered by a modeling agent on the Champs Elysees in Paris and after three years of modeling, she decided to become a singer and actress.<\/div>\n<div dir=\"auto\"><\/div>\n<p>&nbsp;<\/p>\n<\/div>\n<div class=\"cxmmr5t8 oygrvhab hcukyx3x c1et5uql o9v6fnle\" style=\"text-align: justify;\">\n<div dir=\"auto\">In late 2014 he became a contender on the fifth season of TF1&#8217;s Danse avec les Estrellas.<\/div>\n<div dir=\"auto\"><\/div>\n<p>&nbsp;<\/p>\n<\/div>\n<div class=\"cxmmr5t8 oygrvhab hcukyx3x c1et5uql o9v6fnle\" style=\"text-align: justify;\">\n<div dir=\"auto\">He currently resides in Paris making several appearances on television. His imitation puppet is in the French show &#8220;Les Guignols de l&#8217;info&#8221; (1988).<\/div>\n<p>&nbsp;<\/p>\n<div dir=\"auto\"><\/div>\n<\/div>\n<div class=\"cxmmr5t8 oygrvhab hcukyx3x c1et5uql o9v6fnle\" style=\"text-align: justify;\">\n<div dir=\"auto\"><strong>Discograf\u00eda<\/strong><\/div>\n<p>&nbsp;<\/p>\n<\/div>\n<div dir=\"auto\"><\/div>\n<div dir=\"auto\">\n<table width=\"547\">\n<tbody>\n<tr>\n<td style=\"text-align: center;\" width=\"129\"><strong>Genero\u00a0\u00a0 <\/strong><br \/>\n<strong>Pop<\/strong><\/td>\n<td style=\"text-align: center;\" width=\"338\"><strong>Escuchar Musica\u00a0<\/strong><\/td>\n<td style=\"text-align: center;\" width=\"80\"><strong>A\u00f1o<\/strong><\/td>\n<\/tr>\n<tr>\n<td>1<\/td>\n<td>\u00a1No Soucy!<\/td>\n<td>1996<\/td>\n<\/tr>\n<tr>\n<td>2<\/td>\n<td>Privacidad<\/td>\n<td>1998<\/td>\n<\/tr>\n<tr>\n<td>3<\/td>\n<td>Letras expl\u00edcitas<\/td>\n<td>2002<\/td>\n<\/tr>\n<tr>\n<td>4<\/td>\n<td>Resurrecci\u00f3n<\/td>\n<td>2009<\/td>\n<\/tr>\n<tr>\n<td><\/td>\n<td><\/td>\n<td><\/td>\n<\/tr>\n<\/tbody>\n<\/table>\n<\/div>\n<div dir=\"auto\"><\/div>\n<div class=\"epyt-video-wrapper\"><iframe loading=\"lazy\"  id=\"_ytid_46137\"  width=\"618\" height=\"347\"  data-origwidth=\"618\" data-origheight=\"347\" src=\"https:\/\/www.youtube.com\/embed\/onuDZRKDIAY?enablejsapi=1&#038;autoplay=0&#038;cc_load_policy=0&#038;cc_lang_pref=&#038;iv_load_policy=1&#038;loop=0&#038;modestbranding=0&#038;rel=1&#038;fs=1&#038;playsinline=0&#038;autohide=2&#038;theme=dark&#038;color=red&#038;controls=1&#038;\" class=\"__youtube_prefs__  epyt-is-override  no-lazyload\" title=\"YouTube player\"  allow=\"fullscreen; accelerometer; autoplay; clipboard-write; encrypted-media; gyroscope; picture-in-picture\" allowfullscreen data-no-lazy=\"1\" data-skipgform_ajax_framebjll=\"\"><\/iframe><\/div>\n","protected":false},"excerpt":{"rendered":"<p>&nbsp; Fecha de Nacimiento: 20 de febrero de 1974 &nbsp; Biograf\u00eda: &nbsp; Es una cantante y actriz francesa de hip hop y R&amp;B. Winter naci\u00f3 en Boulogne-Billancourt , Hauts-de-Seine. Su padre, David Alexandre Winter, era un cantante de pop holand\u00e9s que tuvo cierto \u00e9xito durante la d\u00e9cada de 1970, mientras que su madre, Catherine Fefeu, &hellip;<\/p>\n","protected":false},"author":1,"featured_media":0,"parent":0,"menu_order":0,"comment_status":"closed","ping_status":"closed","template":"","meta":{"footnotes":""},"class_list":["post-27962","page","type-page","status-publish",""],"jetpack_sharing_enabled":true,"_links":{"self":[{"href":"http:\/\/mickyandoniehn.com\/radio\/wp-json\/wp\/v2\/pages\/27962","targetHints":{"allow":["GET"]}}],"collection":[{"href":"http:\/\/mickyandoniehn.com\/radio\/wp-json\/wp\/v2\/pages"}],"about":[{"href":"http:\/\/mickyandoniehn.com\/radio\/wp-json\/wp\/v2\/types\/page"}],"author":[{"embeddable":true,"href":"http:\/\/mickyandoniehn.com\/radio\/wp-json\/wp\/v2\/users\/1"}],"replies":[{"embeddable":true,"href":"http:\/\/mickyandoniehn.com\/radio\/wp-json\/wp\/v2\/comments?post=27962"}],"version-history":[{"count":3,"href":"http:\/\/mickyandoniehn.com\/radio\/wp-json\/wp\/v2\/pages\/27962\/revisions"}],"predecessor-version":[{"id":30445,"href":"http:\/\/mickyandoniehn.com\/radio\/wp-json\/wp\/v2\/pages\/27962\/revisions\/30445"}],"wp:attachment":[{"href":"http:\/\/mickyandoniehn.com\/radio\/wp-json\/wp\/v2\/media?parent=27962"}],"curies":[{"name":"wp","href":"https:\/\/api.w.org\/{rel}","templated":true}]}}