{"id":27959,"date":"2022-08-25T12:34:38","date_gmt":"2022-08-25T18:34:38","guid":{"rendered":"https:\/\/mickyandoniehn.com\/radio\/?page_id=27959"},"modified":"2022-09-01T12:10:32","modified_gmt":"2022-09-01T18:10:32","slug":"smokey-robinson","status":"publish","type":"page","link":"http:\/\/mickyandoniehn.com\/radio\/smokey-robinson\/","title":{"rendered":"Smokey Robinson"},"content":{"rendered":"<p style=\"text-align: justify;\"><img loading=\"lazy\" decoding=\"async\" class=\" wp-image-24697 aligncenter\" src=\"http:\/\/mickyandoniehn.com\/radio\/wp-content\/uploads\/2022\/08\/Smokey-Robinson-200x300.png\" alt=\"\" width=\"390\" height=\"585\" srcset=\"http:\/\/mickyandoniehn.com\/radio\/wp-content\/uploads\/2022\/08\/Smokey-Robinson-200x300.png 200w, http:\/\/mickyandoniehn.com\/radio\/wp-content\/uploads\/2022\/08\/Smokey-Robinson.png 349w\" sizes=\"auto, (max-width: 390px) 100vw, 390px\" \/><\/p>\n<p>&nbsp;<\/p>\n<div class=\"cxmmr5t8 oygrvhab hcukyx3x c1et5uql o9v6fnle ii04i59q\" style=\"text-align: justify;\">\n<div dir=\"auto\"><strong>Fecha de Nacimiento:<\/strong> 19 de febrero de 1940<\/div>\n<p>&nbsp;<\/p>\n<div dir=\"auto\"><\/div>\n<\/div>\n<div class=\"cxmmr5t8 oygrvhab hcukyx3x c1et5uql o9v6fnle ii04i59q\" style=\"text-align: justify;\">\n<div dir=\"auto\"><strong>Biograf\u00eda<\/strong><\/div>\n<p>&nbsp;<\/p>\n<div dir=\"auto\"><\/div>\n<div dir=\"auto\">Es un cantante, compositor y productor discogr\u00e1fico de R&amp;B y soul. Naci\u00f3 y se crio en Detroit, M\u00edchigan, y cuando todav\u00eda era un ni\u00f1o fue apodado &#8220;Smokey Joe&#8221; por un t\u00edo, originado a partir de su amor a las pel\u00edculas de vaqueros. En su adolescencia, este se redujo a &#8220;Smokey&#8221;. En una entrevista, Robinson afirm\u00f3 que ha sido amigo de Diana Ross desde los once a\u00f1os de edad. En 1955, Robinson fund\u00f3 un grupo llamado The Five Chimes con su mejor amigo Ronald White, y con sus compa\u00f1eros de la escuela secundaria Pete Moore, Clarence Dawson, Grice y James. En 1957, el grupo fue renombrado como The Matadors y reemplaz\u00f3 a Dawson y Grice con sus primos Emerson y Bobby Rogers. Emerson fue sustituido m\u00e1s tarde por su hermana Claudette Rogers, que posteriormente se cas\u00f3 con Robinson. El guitarrista Marv Tarplin se uni\u00f3 al grupo en 1958.<\/div>\n<p>&nbsp;<\/p>\n<div dir=\"auto\"><\/div>\n<\/div>\n<div class=\"cxmmr5t8 oygrvhab hcukyx3x c1et5uql o9v6fnle ii04i59q\" style=\"text-align: justify;\">\n<div dir=\"auto\">Con Robinson como cantante, The Matadors comenzaron una gira por los alrededores de Detroit. En 1958, Robinson conoci\u00f3 al cantautor Berry Gordy, quien coescribi\u00f3 para ellos el sencillo Got a job, en respuesta al \u00e9xito de The Silhouettes, Get a job. El grupo cambi\u00f3 su nombre a The Miracles, y public\u00f3 singles en dos discogr\u00e1ficas, End Records y Chess Records. Poco despu\u00e9s, Robinson sugiri\u00f3 a Gordy que iniciara una discogr\u00e1fica propia.<\/div>\n<p>&nbsp;<\/p>\n<div dir=\"auto\"><\/div>\n<\/div>\n<div class=\"cxmmr5t8 oygrvhab hcukyx3x c1et5uql o9v6fnle ii04i59q\" style=\"text-align: justify;\">\n<div dir=\"auto\">En 1959, Gordy fund\u00f3 Tamla Records, que pronto renombr\u00f3 como Motown. The Miracles estuvieron entre los primeros grupos contratados. Gordy y Robinson cosecharon una relaci\u00f3n sin\u00e9rgica, con Robinson proporcionando una base de \u00e9xitos para Motown y Gordy actuando como un tutor para el incipiente cantante y compositor. En 1961, Gordy design\u00f3 a Robinson como vicepresidente de Motown Records, un t\u00edtulo que Robinson mantuvo tanto tiempo como Gordy permaneci\u00f3 en la empresa.<\/div>\n<p>&nbsp;<\/p>\n<div dir=\"auto\"><\/div>\n<\/div>\n<div class=\"cxmmr5t8 oygrvhab hcukyx3x c1et5uql o9v6fnle ii04i59q\" style=\"text-align: justify;\">\n<div dir=\"auto\"><strong>Wikipedia in English<\/strong><\/div>\n<p>&nbsp;<\/p>\n<div dir=\"auto\"><\/div>\n<\/div>\n<div class=\"cxmmr5t8 oygrvhab hcukyx3x c1et5uql o9v6fnle ii04i59q\" style=\"text-align: justify;\">\n<div dir=\"auto\"><strong>Date of Birth:<\/strong> February 19, 1940<\/div>\n<p>&nbsp;<\/p>\n<div dir=\"auto\"><\/div>\n<\/div>\n<div class=\"cxmmr5t8 oygrvhab hcukyx3x c1et5uql o9v6fnle ii04i59q\" style=\"text-align: justify;\">\n<div dir=\"auto\"><strong>Biography<\/strong><\/div>\n<p>&nbsp;<\/p>\n<div dir=\"auto\"><\/div>\n<div dir=\"auto\">Is an R&amp;B and soul singer, songwriter, and record producer. He was born and raised in Detroit, Michigan, and when he was still a child was nicknamed &#8220;Smokey Joe&#8221; by an uncle, stemming from his love of cowboy movies. In his teens, this was shortened to &#8220;Smokey.&#8221; In an interview, Robinson claimed that he has been friends with Diana Ross since he was eleven years old. In 1955, Robinson founded a group called The Five Chimes with his best friend Ronald White, and with his high school classmates Pete Moore, Clarence Dawson, Grice, and James. In 1957, the group was renamed The Matadors and replaced Dawson and Grice with their cousins Emerson and Bobby Rogers. Emerson was later replaced by his sister Claudette Rogers, who subsequently married Robinson. Guitarist Marv Tarplin joined the group in 1958.<\/div>\n<div dir=\"auto\"><\/div>\n<\/div>\n<div class=\"cxmmr5t8 oygrvhab hcukyx3x c1et5uql o9v6fnle ii04i59q\" style=\"text-align: justify;\">\n<div dir=\"auto\">With Robinson as singer, The Matadors began a tour around Detroit. In 1958, Robinson met singer-songwriter Berry Gordy, who co-wrote the single &#8220;Got a job&#8221; for them, in response to The Silhouettes&#8217; hit &#8220;Get a job.&#8221; The group changed their name to The Miracles, and released singles on two record labels, End Records and Chess Records. Soon after, Robinson suggested to Gordy that he start a record company of his own.<\/div>\n<p>&nbsp;<\/p>\n<div dir=\"auto\"><\/div>\n<\/div>\n<div class=\"cxmmr5t8 oygrvhab hcukyx3x c1et5uql o9v6fnle ii04i59q\" style=\"text-align: justify;\">\n<div dir=\"auto\">In 1959, Gordy founded Tamla Records, which he soon renamed Motown. The Miracles were among the first groups hired. Gordy and Robinson reaped a synergistic relationship, with Robinson providing a hit base for Motown and Gordy acting as a mentor for the fledgling singer-songwriter. In 1961, Gordy appointed Robinson as vice president of Motown Records, a title that Robinson held for as long as Gordy remained with the company.<\/div>\n<p>&nbsp;<\/p>\n<div dir=\"auto\"><\/div>\n<\/div>\n<div class=\"cxmmr5t8 oygrvhab hcukyx3x c1et5uql o9v6fnle ii04i59q\" style=\"text-align: justify;\">\n<div dir=\"auto\"><strong>Discography<\/strong><\/div>\n<p>&nbsp;<\/p>\n<\/div>\n<div dir=\"auto\"><\/div>\n<div dir=\"auto\">\n<table width=\"547\">\n<tbody>\n<tr>\n<td style=\"text-align: center;\" width=\"129\"><strong>Genero\u00a0\u00a0 <\/strong><br \/>\n<strong>R&amp;B\/Soul<\/strong><\/td>\n<td style=\"text-align: center;\" width=\"338\"><strong>Escuchar Musica\u00a0<\/strong><\/td>\n<td style=\"text-align: center;\" width=\"80\"><strong>A\u00f1o<\/strong><\/td>\n<\/tr>\n<tr>\n<td>1<\/td>\n<td>\u00a0Smokey Robinson And The Miracles &#8211; Going To A Go-Go<\/td>\n<td>1965<\/td>\n<\/tr>\n<tr>\n<td>2<\/td>\n<td>Smokey Robinson &amp; The Miracles &#8211; Away We A Go-Go<\/td>\n<td>1966<\/td>\n<\/tr>\n<tr>\n<td>3<\/td>\n<td>Smokey Robinson &amp; The Miracles &#8211; Make It Happen<\/td>\n<td>1967<\/td>\n<\/tr>\n<tr>\n<td>4<\/td>\n<td>Smokey Robinson And The Miracles &#8211; Special Occasion<\/td>\n<td>1968<\/td>\n<\/tr>\n<tr>\n<td>5<\/td>\n<td>Smokey Robinson And The Miracles &#8211; Live!<\/td>\n<td>1968<\/td>\n<\/tr>\n<tr>\n<td>6<\/td>\n<td>Smokey Robinson &amp; The Miracles &#8211; Time Out For Smokey Robinson And The Miracles<\/td>\n<td>1969<\/td>\n<\/tr>\n<tr>\n<td>7<\/td>\n<td>Smokey Robinson And The Miracles &#8211; One Dozen Roses<\/td>\n<td>1971<\/td>\n<\/tr>\n<tr>\n<td>8<\/td>\n<td>Smokey Robinson &amp; The Miracles &#8211; Flying High Together<\/td>\n<td>1972<\/td>\n<\/tr>\n<tr>\n<td>9<\/td>\n<td>Smokey<\/td>\n<td>1973<\/td>\n<\/tr>\n<tr>\n<td>10<\/td>\n<td>Pure Smokey<\/td>\n<td>1974<\/td>\n<\/tr>\n<tr>\n<td>11<\/td>\n<td>Deep In My Soul<\/td>\n<td>1977<\/td>\n<\/tr>\n<tr>\n<td>12<\/td>\n<td>Love Breeze<\/td>\n<td>1978<\/td>\n<\/tr>\n<tr>\n<td>13<\/td>\n<td>Where There&#8217;s Smoke&#8230;<\/td>\n<td>1979<\/td>\n<\/tr>\n<\/tbody>\n<\/table>\n<\/div>\n<div class=\"cxmmr5t8 oygrvhab hcukyx3x c1et5uql o9v6fnle ii04i59q\" style=\"text-align: justify;\">\n<div dir=\"auto\"><\/div>\n<\/div>\n<p>&nbsp;<\/p>\n<div class=\"cxmmr5t8 oygrvhab hcukyx3x c1et5uql o9v6fnle ii04i59q\" style=\"text-align: justify;\">\n<div dir=\"auto\">Cr\u00e9ditos tomados de Wikipedia:<\/div>\n<div dir=\"auto\"><a class=\"oajrlxb2 g5ia77u1 qu0x051f esr5mh6w e9989ue4 r7d6kgcz rq0escxv nhd2j8a9 nc684nl6 p7hjln8o kvgmc6g5 cxmmr5t8 oygrvhab hcukyx3x jb3vyjys rz4wbd8a qt6c0cv9 a8nywdso i1ao9s8h esuyzwwr f1sip0of lzcic4wl gpro0wi8 py34i1dx\" tabindex=\"0\" role=\"link\" href=\"https:\/\/es.wikipedia.org\/wiki\/Smokey_Robinson?fbclid=IwAR2X8pH_S8dxH-zrUcqKFTofCn4W-E4VO2GM6iTE-hjA1zUB_Gkv4CyLr1g\" target=\"_blank\" rel=\"nofollow noopener\">https:\/\/es.wikipedia.org\/wiki\/Smokey_Robinson<\/a><\/div>\n<div dir=\"auto\"><\/div>\n<p>&nbsp;<\/p>\n<\/div>\n<div class=\"epyt-video-wrapper\"><iframe loading=\"lazy\"  id=\"_ytid_86574\"  width=\"618\" height=\"347\"  data-origwidth=\"618\" data-origheight=\"347\" src=\"https:\/\/www.youtube.com\/embed\/I4288pGOhFs?enablejsapi=1&#038;autoplay=0&#038;cc_load_policy=0&#038;cc_lang_pref=&#038;iv_load_policy=1&#038;loop=0&#038;modestbranding=0&#038;rel=1&#038;fs=1&#038;playsinline=0&#038;autohide=2&#038;theme=dark&#038;color=red&#038;controls=1&#038;\" class=\"__youtube_prefs__  epyt-is-override  no-lazyload\" title=\"YouTube player\"  allow=\"fullscreen; accelerometer; autoplay; clipboard-write; encrypted-media; gyroscope; picture-in-picture\" allowfullscreen data-no-lazy=\"1\" data-skipgform_ajax_framebjll=\"\"><\/iframe><\/div>\n","protected":false},"excerpt":{"rendered":"<p>&nbsp; Fecha de Nacimiento: 19 de febrero de 1940 &nbsp; Biograf\u00eda &nbsp; Es un cantante, compositor y productor discogr\u00e1fico de R&amp;B y soul. Naci\u00f3 y se crio en Detroit, M\u00edchigan, y cuando todav\u00eda era un ni\u00f1o fue apodado &#8220;Smokey Joe&#8221; por un t\u00edo, originado a partir de su amor a las pel\u00edculas de vaqueros. En &hellip;<\/p>\n","protected":false},"author":1,"featured_media":0,"parent":0,"menu_order":0,"comment_status":"closed","ping_status":"closed","template":"","meta":{"footnotes":""},"class_list":["post-27959","page","type-page","status-publish",""],"jetpack_sharing_enabled":true,"_links":{"self":[{"href":"http:\/\/mickyandoniehn.com\/radio\/wp-json\/wp\/v2\/pages\/27959","targetHints":{"allow":["GET"]}}],"collection":[{"href":"http:\/\/mickyandoniehn.com\/radio\/wp-json\/wp\/v2\/pages"}],"about":[{"href":"http:\/\/mickyandoniehn.com\/radio\/wp-json\/wp\/v2\/types\/page"}],"author":[{"embeddable":true,"href":"http:\/\/mickyandoniehn.com\/radio\/wp-json\/wp\/v2\/users\/1"}],"replies":[{"embeddable":true,"href":"http:\/\/mickyandoniehn.com\/radio\/wp-json\/wp\/v2\/comments?post=27959"}],"version-history":[{"count":3,"href":"http:\/\/mickyandoniehn.com\/radio\/wp-json\/wp\/v2\/pages\/27959\/revisions"}],"predecessor-version":[{"id":30520,"href":"http:\/\/mickyandoniehn.com\/radio\/wp-json\/wp\/v2\/pages\/27959\/revisions\/30520"}],"wp:attachment":[{"href":"http:\/\/mickyandoniehn.com\/radio\/wp-json\/wp\/v2\/media?parent=27959"}],"curies":[{"name":"wp","href":"https:\/\/api.w.org\/{rel}","templated":true}]}}