{"id":27946,"date":"2022-08-25T12:30:54","date_gmt":"2022-08-25T18:30:54","guid":{"rendered":"https:\/\/mickyandoniehn.com\/radio\/?page_id=27946"},"modified":"2022-09-01T11:01:38","modified_gmt":"2022-09-01T17:01:38","slug":"lenny-williams","status":"publish","type":"page","link":"http:\/\/mickyandoniehn.com\/radio\/lenny-williams\/","title":{"rendered":"Lenny Williams"},"content":{"rendered":"<p style=\"text-align: justify;\"><img loading=\"lazy\" decoding=\"async\" class=\" wp-image-24655 aligncenter\" src=\"http:\/\/mickyandoniehn.com\/radio\/wp-content\/uploads\/2022\/08\/Lenny-Williams-293x300.png\" alt=\"\" width=\"591\" height=\"605\" srcset=\"http:\/\/mickyandoniehn.com\/radio\/wp-content\/uploads\/2022\/08\/Lenny-Williams-293x300.png 293w, http:\/\/mickyandoniehn.com\/radio\/wp-content\/uploads\/2022\/08\/Lenny-Williams.png 384w\" sizes=\"auto, (max-width: 591px) 100vw, 591px\" \/><\/p>\n<p>&nbsp;<\/p>\n<div class=\"cxmmr5t8 oygrvhab hcukyx3x c1et5uql o9v6fnle ii04i59q\" style=\"text-align: justify;\">\n<div dir=\"auto\"><strong>Fecha de Nacimiento:<\/strong> 16 de febrero de 1945<\/div>\n<p>&nbsp;<\/p>\n<div dir=\"auto\"><\/div>\n<\/div>\n<div class=\"cxmmr5t8 oygrvhab hcukyx3x c1et5uql o9v6fnle ii04i59q\" style=\"text-align: justify;\">\n<div dir=\"auto\"><strong>Biograf\u00eda:<\/strong><\/div>\n<p>&nbsp;<\/p>\n<div dir=\"auto\"><\/div>\n<div dir=\"auto\">Es un cantante, compositor y m\u00fasico estadounidense, mejor conocido como el vocalista principal del grupo de soul \/ funk Tower of Power a principios de la d\u00e9cada de 1970. Como solista, Williams hizo varias grabaciones exitosas , incluyendo &#8220;Cause I Love You&#8221; de 1978 y &#8220;Choosing You&#8221; de 1977.<\/div>\n<p>&nbsp;<\/p>\n<div dir=\"auto\"><\/div>\n<\/div>\n<div class=\"cxmmr5t8 oygrvhab hcukyx3x c1et5uql o9v6fnle ii04i59q\" style=\"text-align: justify;\">\n<div dir=\"auto\">Williams naci\u00f3 en Little Rock, Arkansas y se mud\u00f3 a Oakland , California, a una edad temprana. Aprender a tocar la trompeta en la escuela primaria aliment\u00f3 su inter\u00e9s por la m\u00fasica; sus habilidades como vocalista se nutrieron por primera vez cantando en coros y grupos de gospel en el \u00c1rea de la Bah\u00eda . Trabaj\u00f3 con varios artistas notables, como Sly Stone , Andra\u00e9 Crouch , Billy Preston y miembros de la familia Hawkins, Edwin , Walter y Tramaine.<\/div>\n<p>&nbsp;<\/p>\n<div dir=\"auto\"><\/div>\n<\/div>\n<div class=\"cxmmr5t8 oygrvhab hcukyx3x c1et5uql o9v6fnle ii04i59q\" style=\"text-align: justify;\">\n<div dir=\"auto\">Mientras todav\u00eda estaba en Tower of Power, grab\u00f3 su primer \u00e1lbum en solitario Pray for the Lion para Warner Bros. Records en 1974. A finales de 1975, Williams dej\u00f3 la banda y regres\u00f3 a sus proyectos en solitario. Inicialmente firm\u00f3 con Motown Records en 1975, luego se mud\u00f3 a ABC Records en 1977.<\/div>\n<p>&nbsp;<\/p>\n<div dir=\"auto\"><\/div>\n<\/div>\n<div class=\"cxmmr5t8 oygrvhab hcukyx3x c1et5uql o9v6fnle ii04i59q\" style=\"text-align: justify;\">\n<div dir=\"auto\">Despu\u00e9s de dejar MCA, Williams grab\u00f3 para las discogr\u00e1ficas independientes Rockshire y Knobhill. En 1986, fue invitado a cantar coros en &#8221; No haga que esperar por el amor &#8220;, una pista de Duotones , una grabaci\u00f3n multi-platino por Kenny G . La canci\u00f3n se convirti\u00f3 en un Top 20 de Billboard Hot 100 y un \u00e9xito de R&amp;B al a\u00f1o siguiente.<\/div>\n<p>&nbsp;<\/p>\n<div dir=\"auto\"><\/div>\n<\/div>\n<div class=\"cxmmr5t8 oygrvhab hcukyx3x c1et5uql o9v6fnle ii04i59q\" style=\"text-align: justify;\">\n<div dir=\"auto\"><strong>Wikipedia in English<\/strong><\/div>\n<p>&nbsp;<\/p>\n<div dir=\"auto\"><\/div>\n<\/div>\n<div class=\"cxmmr5t8 oygrvhab hcukyx3x c1et5uql o9v6fnle ii04i59q\" style=\"text-align: justify;\">\n<div dir=\"auto\"><strong>Date of Birth:<\/strong> February 16, 1945<\/div>\n<p>&nbsp;<\/p>\n<div dir=\"auto\"><\/div>\n<\/div>\n<div class=\"cxmmr5t8 oygrvhab hcukyx3x c1et5uql o9v6fnle ii04i59q\" style=\"text-align: justify;\">\n<div dir=\"auto\"><strong>Biography<\/strong><\/div>\n<p>&nbsp;<\/p>\n<div dir=\"auto\"><\/div>\n<div dir=\"auto\">He is an American singer, songwriter and musician, best known as the lead vocalist for the soul \/ funk group Tower of Power in the early 1970s. As a solo artist, Williams made several successful recordings, including &#8220;Cause I Love You&#8221; from 1978 and &#8220;Choosing You&#8221; from 1977.<\/div>\n<p>&nbsp;<\/p>\n<div dir=\"auto\"><\/div>\n<\/div>\n<div class=\"cxmmr5t8 oygrvhab hcukyx3x c1et5uql o9v6fnle ii04i59q\" style=\"text-align: justify;\">\n<div dir=\"auto\">Williams was born in Little Rock, Arkansas and moved to Oakland, California at a young age. Learning to play the trumpet in elementary school fueled his interest in music; her vocal skills were first nurtured by singing in choirs and gospel groups in the Bay Area. He worked with several notable artists including Sly Stone, Andra\u00e9 Crouch, Billy Preston, and members of the Hawkins family, Edwin, Walter, and Tramaine.<\/div>\n<p>&nbsp;<\/p>\n<div dir=\"auto\"><\/div>\n<\/div>\n<div class=\"cxmmr5t8 oygrvhab hcukyx3x c1et5uql o9v6fnle ii04i59q\" style=\"text-align: justify;\">\n<div dir=\"auto\">While still at Tower of Power, he recorded his first solo album Pray for the Lion for Warner Bros. Records in 1974. In late 1975, Williams left the band and returned to his solo projects. Initially signed to Motown Records in 1975, then moved to ABC Records in 1977.<\/div>\n<p>&nbsp;<\/p>\n<div dir=\"auto\"><\/div>\n<\/div>\n<div class=\"cxmmr5t8 oygrvhab hcukyx3x c1et5uql o9v6fnle ii04i59q\" style=\"text-align: justify;\">\n<div dir=\"auto\">After leaving MCA, Williams recorded for the independent labels Rockshire and Knobhill. In 1986, he was invited to sing backing vocals on &#8220;Don&#8217;t Make Me Wait for Love,&#8221; a track from Duotones, a multi-platinum recording by Kenny G. The song became a Top 20 on the Billboard Hot 100 and an R&amp;B hit the following year.<\/div>\n<div dir=\"auto\"><\/div>\n<p>&nbsp;<\/p>\n<\/div>\n<div class=\"cxmmr5t8 oygrvhab hcukyx3x c1et5uql o9v6fnle ii04i59q\" style=\"text-align: justify;\">\n<h5 dir=\"auto\">Discography<\/h5>\n<p>&nbsp;<\/p>\n<div dir=\"auto\"><\/div>\n<\/div>\n<div dir=\"auto\" style=\"text-align: justify;\">\n<table width=\"547\">\n<tbody>\n<tr>\n<td style=\"text-align: center;\" width=\"129\"><strong>Genero\u00a0\u00a0 <\/strong><br \/>\n<strong>R&amp;B\/Soul<\/strong><\/td>\n<td style=\"text-align: center;\" width=\"338\"><strong>Escuchar Musica\u00a0<\/strong><\/td>\n<td style=\"text-align: center;\" width=\"80\"><strong>A\u00f1o<\/strong><\/td>\n<\/tr>\n<tr>\n<td>1<\/td>\n<td>Pray for the Lion<\/td>\n<td>1974<\/td>\n<\/tr>\n<tr>\n<td>2<\/td>\n<td>Rise Sleeping Beauty<\/td>\n<td>1975<\/td>\n<\/tr>\n<tr>\n<td>3<\/td>\n<td>Eligi\u00e9ndote<\/td>\n<td>1977<\/td>\n<\/tr>\n<tr>\n<td>4<\/td>\n<td>Spark of Love<\/td>\n<td>1978<\/td>\n<\/tr>\n<tr>\n<td>5<\/td>\n<td>Love Current<\/td>\n<td>1979<\/td>\n<\/tr>\n<tr>\n<td>6<\/td>\n<td>Hag\u00e1moslo hoy<\/td>\n<td>1980<\/td>\n<\/tr>\n<tr>\n<td>7<\/td>\n<td>Taking Chances<\/td>\n<td>1981<\/td>\n<\/tr>\n<tr>\n<td>8<\/td>\n<td>Changing<\/td>\n<td>1984<\/td>\n<\/tr>\n<tr>\n<td>9<\/td>\n<td>Nuevo episodio<\/td>\n<td>1986<\/td>\n<\/tr>\n<tr>\n<td>10<\/td>\n<td>Layin &#8216;In Wait<\/td>\n<td>1989<\/td>\n<\/tr>\n<tr>\n<td>11<\/td>\n<td>Chill<\/td>\n<td>1994<\/td>\n<\/tr>\n<tr>\n<td>12<\/td>\n<td>Aqu\u00ed est\u00e1 la dama<\/td>\n<td>1996<\/td>\n<\/tr>\n<tr>\n<td>13<\/td>\n<td>Terapia de amor<\/td>\n<td>2000<\/td>\n<\/tr>\n<tr>\n<td>14<\/td>\n<td>My Way<\/td>\n<td>2004<\/td>\n<\/tr>\n<tr>\n<td>15<\/td>\n<td>Debe ser amor<\/td>\n<td>2007<\/td>\n<\/tr>\n<tr>\n<td>16<\/td>\n<td>Asuntos inconclusos<\/td>\n<td>2009<\/td>\n<\/tr>\n<tr>\n<td>17<\/td>\n<td>Todav\u00eda en el juego<\/td>\n<td>2012<\/td>\n<\/tr>\n<tr>\n<td>18<\/td>\n<td>Bien<\/td>\n<td>2020<\/td>\n<\/tr>\n<\/tbody>\n<\/table>\n<p>&nbsp;<\/p>\n<\/div>\n<div class=\"cxmmr5t8 oygrvhab hcukyx3x c1et5uql o9v6fnle ii04i59q\" style=\"text-align: justify;\">\n<div dir=\"auto\">Cr\u00e9ditos tomados de Wikipedia:<\/div>\n<div dir=\"auto\"><a class=\"oajrlxb2 g5ia77u1 qu0x051f esr5mh6w e9989ue4 r7d6kgcz rq0escxv nhd2j8a9 nc684nl6 p7hjln8o kvgmc6g5 cxmmr5t8 oygrvhab hcukyx3x jb3vyjys rz4wbd8a qt6c0cv9 a8nywdso i1ao9s8h esuyzwwr f1sip0of lzcic4wl gpro0wi8 py34i1dx\" tabindex=\"0\" role=\"link\" href=\"https:\/\/l.facebook.com\/l.php?u=https%3A%2F%2Fen.wikipedia.org%2Fwiki%2FLenny_Williams%3Ffbclid%3DIwAR2JWaoR-CotDucucPpgjA3ECIazlVLIhZY5kk1ph-cAEFbW1SS6KFv330c&amp;h=AT2Lgn-GR_iXbhIn-jMWlqvO3-UZVve32GpJ6syB1Z_h0BDAtb-RVLpIf16KiOiHYkyLL9vFnS-7C1K0Y8TU2dp98NCYSE-PHpSrBM0RplFaZ6BfZSs4HyownxL_M22OADqT&amp;__tn__=-UK-R&amp;c[0]=AT1UVo5O9tmnv0MC2G5EbO3NfAEV9WtCnp2E-xc8PvtpKgMPHGmkcw3eZjd_aUO2MeufSpH6txxMtQJoDPrk9jeUDKVIa3octwPR7-7X1_bcl5t_uaiR50YoHxe56yoN03E-jiAtoZaDY1UbShgsdiCtNHN4NKJu4imV9w\" target=\"_blank\" rel=\"nofollow noopener\">https:\/\/en.wikipedia.org\/wiki\/Lenny_Williams<\/a><\/div>\n<div dir=\"auto\"><\/div>\n<p>&nbsp;<\/p>\n<\/div>\n<div class=\"epyt-video-wrapper\"><iframe loading=\"lazy\"  id=\"_ytid_43446\"  width=\"618\" height=\"347\"  data-origwidth=\"618\" data-origheight=\"347\" src=\"https:\/\/www.youtube.com\/embed\/bvTAdmd4VUw?enablejsapi=1&#038;autoplay=0&#038;cc_load_policy=0&#038;cc_lang_pref=&#038;iv_load_policy=1&#038;loop=0&#038;modestbranding=0&#038;rel=1&#038;fs=1&#038;playsinline=0&#038;autohide=2&#038;theme=dark&#038;color=red&#038;controls=1&#038;\" class=\"__youtube_prefs__  epyt-is-override  no-lazyload\" title=\"YouTube player\"  allow=\"fullscreen; accelerometer; autoplay; clipboard-write; encrypted-media; gyroscope; picture-in-picture\" allowfullscreen data-no-lazy=\"1\" data-skipgform_ajax_framebjll=\"\"><\/iframe><\/div>\n","protected":false},"excerpt":{"rendered":"<p>&nbsp; Fecha de Nacimiento: 16 de febrero de 1945 &nbsp; Biograf\u00eda: &nbsp; Es un cantante, compositor y m\u00fasico estadounidense, mejor conocido como el vocalista principal del grupo de soul \/ funk Tower of Power a principios de la d\u00e9cada de 1970. Como solista, Williams hizo varias grabaciones exitosas , incluyendo &#8220;Cause I Love You&#8221; de &hellip;<\/p>\n","protected":false},"author":1,"featured_media":0,"parent":0,"menu_order":0,"comment_status":"closed","ping_status":"closed","template":"","meta":{"footnotes":""},"class_list":["post-27946","page","type-page","status-publish",""],"jetpack_sharing_enabled":true,"_links":{"self":[{"href":"http:\/\/mickyandoniehn.com\/radio\/wp-json\/wp\/v2\/pages\/27946","targetHints":{"allow":["GET"]}}],"collection":[{"href":"http:\/\/mickyandoniehn.com\/radio\/wp-json\/wp\/v2\/pages"}],"about":[{"href":"http:\/\/mickyandoniehn.com\/radio\/wp-json\/wp\/v2\/types\/page"}],"author":[{"embeddable":true,"href":"http:\/\/mickyandoniehn.com\/radio\/wp-json\/wp\/v2\/users\/1"}],"replies":[{"embeddable":true,"href":"http:\/\/mickyandoniehn.com\/radio\/wp-json\/wp\/v2\/comments?post=27946"}],"version-history":[{"count":3,"href":"http:\/\/mickyandoniehn.com\/radio\/wp-json\/wp\/v2\/pages\/27946\/revisions"}],"predecessor-version":[{"id":30328,"href":"http:\/\/mickyandoniehn.com\/radio\/wp-json\/wp\/v2\/pages\/27946\/revisions\/30328"}],"wp:attachment":[{"href":"http:\/\/mickyandoniehn.com\/radio\/wp-json\/wp\/v2\/media?parent=27946"}],"curies":[{"name":"wp","href":"https:\/\/api.w.org\/{rel}","templated":true}]}}