{"id":27942,"date":"2022-08-25T12:29:16","date_gmt":"2022-08-25T18:29:16","guid":{"rendered":"https:\/\/mickyandoniehn.com\/radio\/?page_id=27942"},"modified":"2022-09-01T09:43:32","modified_gmt":"2022-09-01T15:43:32","slug":"dorindo-cardenas","status":"publish","type":"page","link":"http:\/\/mickyandoniehn.com\/radio\/dorindo-cardenas\/","title":{"rendered":"Dorindo C\u00e1rdenas"},"content":{"rendered":"<p style=\"text-align: justify;\"><img loading=\"lazy\" decoding=\"async\" class=\" wp-image-24580 aligncenter\" src=\"http:\/\/mickyandoniehn.com\/radio\/wp-content\/uploads\/2022\/08\/Dorindo-Cardenas.jpg\" alt=\"\" width=\"876\" height=\"561\" \/><\/p>\n<p>&nbsp;<\/p>\n<div class=\"cxmmr5t8 oygrvhab hcukyx3x c1et5uql o9v6fnle\" style=\"text-align: justify;\">\n<div dir=\"auto\"><strong>Fecha de Nacimiento:<\/strong> 14 de febrero de 1936<\/div>\n<p>&nbsp;<\/p>\n<div dir=\"auto\"><\/div>\n<\/div>\n<div class=\"cxmmr5t8 oygrvhab hcukyx3x c1et5uql o9v6fnle\" style=\"text-align: justify;\">\n<div dir=\"auto\"><strong>Biograf\u00eda:<\/strong><\/div>\n<p>&nbsp;<\/p>\n<div dir=\"auto\"><\/div>\n<div dir=\"auto\">Conocido como \u201cEl Poste de Macano Negro\u201d, \u201cEl Maestro\u201d, \u201cEl Premier de los Comendadores\u201d, \u201cEl M\u00fasico del Pueblo\u201d, Dorindo C\u00e1rdenas ha sido condecorado con m\u00e1s de 100 reconocimientos a trav\u00e9s de sus m\u00e1s de 63 a\u00f1os de carrera art\u00edstica ininterrumpida, entre estos: Orden Vasco N\u00fa\u00f1ez de Balboa en Grado de Gran Comendador, Orden Belisario Porras en Grado de Gran Oficial, Llave de la Ciudad de Panam\u00e1, M\u00fasico del Siglo y recientemente Medalla Justo Arosemena entregada por la Asamblea Nacional de Panam\u00e1.<\/div>\n<div dir=\"auto\"><\/div>\n<p>&nbsp;<\/p>\n<\/div>\n<div class=\"cxmmr5t8 oygrvhab hcukyx3x c1et5uql o9v6fnle\" style=\"text-align: justify;\">\n<div dir=\"auto\">Ha compuesto m\u00e1s de 100 piezas musicales, entre ellas los \u00e9xitos internacionales: \u201cDecimoquinto Festival en Guarar\u00e9\u201d, cumbia paname\u00f1a que se ha convertido en un cl\u00e1sico del vallenato en Colombia; \u00abEl Solitario\u00bb, grabado por varios artistas y agrupaciones internacionales de la talla de Alfredo Guti\u00e9rrez y Enrique Bunbury y \u00abOlvidemos el Pasado\u00bb, igualmente inmortalizada internacionalmente.<\/div>\n<p>&nbsp;<\/p>\n<div dir=\"auto\"><\/div>\n<\/div>\n<div class=\"cxmmr5t8 oygrvhab hcukyx3x c1et5uql o9v6fnle\" style=\"text-align: justify;\">\n<div dir=\"auto\">Dorindo C\u00e1rdenas Guti\u00e9rrez es el segundo de ocho hijos y sus padres son Peregrino C\u00e1rdenas y Clementina Guti\u00e9rrez de C\u00e1rdenas. Naci\u00f3 en 1936 en el corregimiento de Las Guabas, en el distrito de Los Santos, provincia de Los Santos. Desde peque\u00f1o le interes\u00f3 el canto observando a sus familiares. Tambi\u00e9n de peque\u00f1o le interes\u00f3 tocar el viol\u00edn observando a su t\u00edo Rosendo Guti\u00e9rrez quien residi\u00f3 en el sector de las Guabas arriba, Las Guabas de Los Santos.<\/div>\n<p>&nbsp;<\/p>\n<div dir=\"auto\"><\/div>\n<\/div>\n<div class=\"cxmmr5t8 oygrvhab hcukyx3x c1et5uql o9v6fnle\" style=\"text-align: justify;\">\n<div dir=\"auto\">Posteriormente decidi\u00f3 fundar el conjunto &#8220;\u00c1guilas Istme\u00f1as&#8221;, realizando su primera presentaci\u00f3n en 1957 en la provincia de Chiriqu\u00ed. Luego decide regresar a su pueblo natal donde debi\u00f3 competir con Gelo C\u00f3rdoba, Claudio Castillo, entre otros.<\/div>\n<div dir=\"auto\"><\/div>\n<p>&nbsp;<\/p>\n<\/div>\n<div class=\"cxmmr5t8 oygrvhab hcukyx3x c1et5uql o9v6fnle\" style=\"text-align: justify;\">\n<div dir=\"auto\">En la provincia de Los Santos consigui\u00f3 sus grandes y rotundos \u00e9xitos de m\u00fasica t\u00edpica. Es el \u00fanico acordeonista de m\u00fasica t\u00edpica que ha representado a Panam\u00e1 en el &#8220;Festival de Acordeones&#8221;.<\/div>\n<p>&nbsp;<\/p>\n<div dir=\"auto\"><\/div>\n<\/div>\n<div class=\"cxmmr5t8 oygrvhab hcukyx3x c1et5uql o9v6fnle\" style=\"text-align: justify;\">\n<div dir=\"auto\"><strong>Wikipedia in English<\/strong><\/div>\n<p>&nbsp;<\/p>\n<div dir=\"auto\"><\/div>\n<\/div>\n<div class=\"cxmmr5t8 oygrvhab hcukyx3x c1et5uql o9v6fnle\" style=\"text-align: justify;\">\n<div dir=\"auto\"><strong>Date of Birth:<\/strong> February 14, 1936<\/div>\n<p>&nbsp;<\/p>\n<div dir=\"auto\"><\/div>\n<\/div>\n<div class=\"cxmmr5t8 oygrvhab hcukyx3x c1et5uql o9v6fnle\" style=\"text-align: justify;\">\n<div dir=\"auto\"><strong>Biography:<\/strong><\/div>\n<p>&nbsp;<\/p>\n<div dir=\"auto\"><\/div>\n<div dir=\"auto\">Known as \u201cEl Poste de Macano Negro\u201d, \u201cEl Maestro\u201d, \u201cEl Premier de los Comendadores\u201d, \u201cEl M\u00fasico del Pueblo\u201d, Dorindo C\u00e1rdenas has been decorated with more than 100 awards throughout his more than 63-year career. uninterrupted artistic order, among these: Vasco N\u00fa\u00f1ez de Balboa Order in the Grade of Grand Commander, Belisario Porras Order in the Grade of Grand Officer, Key to the City of Panama, Musician of the Century and recently the Justo Arosemena Medal awarded by the National Assembly of Panama.<\/div>\n<div dir=\"auto\"><\/div>\n<p>&nbsp;<\/p>\n<\/div>\n<div class=\"cxmmr5t8 oygrvhab hcukyx3x c1et5uql o9v6fnle\" style=\"text-align: justify;\">\n<div dir=\"auto\">He has composed more than 100 musical pieces, including international hits: &#8220;Fifteenth Festival in Guarar\u00e9&#8221;, Panamanian cumbia that has become a classic of vallenato in Colombia; &#8220;El Solitario&#8221;, recorded by several international artists and groups of the stature of Alfredo Guti\u00e9rrez and Enrique Bunbury and &#8220;Olvidemos el Pasado&#8221;, equally immortalized internationally.<\/div>\n<div dir=\"auto\"><\/div>\n<\/div>\n<div class=\"cxmmr5t8 oygrvhab hcukyx3x c1et5uql o9v6fnle\" style=\"text-align: justify;\">\n<div dir=\"auto\">Dorindo C\u00e1rdenas Guti\u00e9rrez is the second of eight children and his parents are Peregrino C\u00e1rdenas and Clementina Guti\u00e9rrez de C\u00e1rdenas. He was born in 1936 in the district of Las Guabas, in the district of Los Santos, province of Los Santos. Since he was little he was interested in singing by observing his relatives. Also as a child he was interested in playing the violin watching his uncle Rosendo Guti\u00e9rrez who lived in the Guabas sector above, Las Guabas de Los Santos.<\/div>\n<p>&nbsp;<\/p>\n<div dir=\"auto\"><\/div>\n<\/div>\n<div class=\"cxmmr5t8 oygrvhab hcukyx3x c1et5uql o9v6fnle\" style=\"text-align: justify;\">\n<div dir=\"auto\">Later he decided to found the group &#8220;\u00c1guilas Istme\u00f1as&#8221;, making its first presentation in 1957 in the province of Chiriqu\u00ed. Then he decides to return to his hometown where he had to compete with Gelo C\u00f3rdoba, Claudio Castillo, among others.<\/div>\n<p>&nbsp;<\/p>\n<div dir=\"auto\"><\/div>\n<\/div>\n<div class=\"cxmmr5t8 oygrvhab hcukyx3x c1et5uql o9v6fnle\" style=\"text-align: justify;\">\n<div dir=\"auto\">In the province of Los Santos he achieved his great and resounding successes of typical music. He is the only accordionist of typical music that has represented Panama in the &#8220;Festival de Acordeones&#8221;.<\/div>\n<p>&nbsp;<\/p>\n<div dir=\"auto\"><\/div>\n<\/div>\n<div class=\"cxmmr5t8 oygrvhab hcukyx3x c1et5uql o9v6fnle\" style=\"text-align: justify;\">\n<div dir=\"auto\"><strong>Discography<\/strong><\/div>\n<p>&nbsp;<\/p>\n<\/div>\n<div dir=\"auto\"><\/div>\n<div dir=\"auto\">\n<table width=\"398\">\n<tbody>\n<tr>\n<td style=\"text-align: center;\" width=\"142\"><strong>Temas Cumbia y Musica Popular<\/strong><\/td>\n<td style=\"text-align: center;\" width=\"256\"><strong>Escuchar tema<\/strong><\/td>\n<\/tr>\n<tr>\n<td><\/td>\n<td>Lo Mejor de Dorindo C\u00e1rdenas<\/td>\n<\/tr>\n<tr>\n<td>1<\/td>\n<td>Tu Me Haces Falta<\/td>\n<\/tr>\n<tr>\n<td>2<\/td>\n<td>Yiniv La Bella<\/td>\n<\/tr>\n<tr>\n<td>3<\/td>\n<td>Para Que Puedas Gozar<\/td>\n<\/tr>\n<tr>\n<td>4<\/td>\n<td>Loco Por Ti<\/td>\n<\/tr>\n<tr>\n<td>5<\/td>\n<td>Si Tanto Nos Queremos<\/td>\n<\/tr>\n<tr>\n<td>6<\/td>\n<td>Lizbeth Emperatriz<\/td>\n<\/tr>\n<tr>\n<td>7<\/td>\n<td>Al Llegar La Madrugada<\/td>\n<\/tr>\n<tr>\n<td>8<\/td>\n<td>As\u00ed Soy Yo<\/td>\n<\/tr>\n<tr>\n<td>9<\/td>\n<td>El Solitario<\/td>\n<\/tr>\n<tr>\n<td>10<\/td>\n<td>La Perra Candela<\/td>\n<\/tr>\n<tr>\n<td>11<\/td>\n<td>Tendr\u00e1s Que Decidirte<\/td>\n<\/tr>\n<tr>\n<td>12<\/td>\n<td>El Emigrante<\/td>\n<\/tr>\n<tr>\n<td>13<\/td>\n<td>Me Torturas El Alma<\/td>\n<\/tr>\n<tr>\n<td>14<\/td>\n<td>Sombrero Misterioso<\/td>\n<\/tr>\n<tr>\n<td>15<\/td>\n<td>Jennie Te Quiero<\/td>\n<\/tr>\n<tr>\n<td>16<\/td>\n<td>Mal Pago<\/td>\n<\/tr>\n<tr>\n<td>17<\/td>\n<td>Desolaci\u00f3n<\/td>\n<\/tr>\n<tr>\n<td><\/td>\n<td><\/td>\n<\/tr>\n<\/tbody>\n<\/table>\n<\/div>\n<div class=\"cxmmr5t8 oygrvhab hcukyx3x c1et5uql o9v6fnle\" style=\"text-align: justify;\">\n<div dir=\"auto\"><\/div>\n<\/div>\n<p>&nbsp;<\/p>\n<div class=\"cxmmr5t8 oygrvhab hcukyx3x c1et5uql o9v6fnle\" style=\"text-align: justify;\">\n<div dir=\"auto\">Cr\u00e9ditos tomados de Wikipedia:<\/div>\n<div dir=\"auto\"><a class=\"oajrlxb2 g5ia77u1 qu0x051f esr5mh6w e9989ue4 r7d6kgcz rq0escxv nhd2j8a9 nc684nl6 p7hjln8o kvgmc6g5 cxmmr5t8 oygrvhab hcukyx3x jb3vyjys rz4wbd8a qt6c0cv9 a8nywdso i1ao9s8h esuyzwwr f1sip0of lzcic4wl gpro0wi8 py34i1dx\" tabindex=\"0\" role=\"link\" href=\"https:\/\/es.wikipedia.org\/wiki\/Dorindo_C%C3%A1rdenas?fbclid=IwAR2xcHKgY7ILpLo5M141DBQG50_5M4CoG2BCuXzFLRG79hIQzLJ6Lb8S78U\" target=\"_blank\" rel=\"nofollow noopener\">https:\/\/es.wikipedia.org\/wiki\/Dorindo_C%C3%A1rdenas<\/a><\/div>\n<\/div>\n<div class=\"epyt-video-wrapper\"><iframe loading=\"lazy\"  id=\"_ytid_64406\"  width=\"618\" height=\"347\"  data-origwidth=\"618\" data-origheight=\"347\" src=\"https:\/\/www.youtube.com\/embed\/5_heMcs8uSo?enablejsapi=1&#038;autoplay=0&#038;cc_load_policy=0&#038;cc_lang_pref=&#038;iv_load_policy=1&#038;loop=0&#038;modestbranding=0&#038;rel=1&#038;fs=1&#038;playsinline=0&#038;autohide=2&#038;theme=dark&#038;color=red&#038;controls=1&#038;\" class=\"__youtube_prefs__  epyt-is-override  no-lazyload\" title=\"YouTube player\"  allow=\"fullscreen; accelerometer; autoplay; clipboard-write; encrypted-media; gyroscope; picture-in-picture\" allowfullscreen data-no-lazy=\"1\" data-skipgform_ajax_framebjll=\"\"><\/iframe><\/div>\n","protected":false},"excerpt":{"rendered":"<p>&nbsp; Fecha de Nacimiento: 14 de febrero de 1936 &nbsp; Biograf\u00eda: &nbsp; Conocido como \u201cEl Poste de Macano Negro\u201d, \u201cEl Maestro\u201d, \u201cEl Premier de los Comendadores\u201d, \u201cEl M\u00fasico del Pueblo\u201d, Dorindo C\u00e1rdenas ha sido condecorado con m\u00e1s de 100 reconocimientos a trav\u00e9s de sus m\u00e1s de 63 a\u00f1os de carrera art\u00edstica ininterrumpida, entre estos: Orden &hellip;<\/p>\n","protected":false},"author":1,"featured_media":0,"parent":0,"menu_order":0,"comment_status":"closed","ping_status":"closed","template":"","meta":{"footnotes":""},"class_list":["post-27942","page","type-page","status-publish",""],"jetpack_sharing_enabled":true,"_links":{"self":[{"href":"http:\/\/mickyandoniehn.com\/radio\/wp-json\/wp\/v2\/pages\/27942","targetHints":{"allow":["GET"]}}],"collection":[{"href":"http:\/\/mickyandoniehn.com\/radio\/wp-json\/wp\/v2\/pages"}],"about":[{"href":"http:\/\/mickyandoniehn.com\/radio\/wp-json\/wp\/v2\/types\/page"}],"author":[{"embeddable":true,"href":"http:\/\/mickyandoniehn.com\/radio\/wp-json\/wp\/v2\/users\/1"}],"replies":[{"embeddable":true,"href":"http:\/\/mickyandoniehn.com\/radio\/wp-json\/wp\/v2\/comments?post=27942"}],"version-history":[{"count":2,"href":"http:\/\/mickyandoniehn.com\/radio\/wp-json\/wp\/v2\/pages\/27942\/revisions"}],"predecessor-version":[{"id":30197,"href":"http:\/\/mickyandoniehn.com\/radio\/wp-json\/wp\/v2\/pages\/27942\/revisions\/30197"}],"wp:attachment":[{"href":"http:\/\/mickyandoniehn.com\/radio\/wp-json\/wp\/v2\/media?parent=27942"}],"curies":[{"name":"wp","href":"https:\/\/api.w.org\/{rel}","templated":true}]}}