{"id":27935,"date":"2022-08-25T12:23:23","date_gmt":"2022-08-25T18:23:23","guid":{"rendered":"https:\/\/mickyandoniehn.com\/radio\/?page_id=27935"},"modified":"2022-09-01T11:35:58","modified_gmt":"2022-09-01T17:35:58","slug":"michael-mcdonald","status":"publish","type":"page","link":"http:\/\/mickyandoniehn.com\/radio\/michael-mcdonald\/","title":{"rendered":"Michael McDonald"},"content":{"rendered":"<p style=\"text-align: justify;\"><img loading=\"lazy\" decoding=\"async\" class=\" wp-image-24556 aligncenter\" src=\"http:\/\/mickyandoniehn.com\/radio\/wp-content\/uploads\/2022\/08\/Michael-McDonald-300x249.png\" alt=\"\" width=\"765\" height=\"635\" srcset=\"http:\/\/mickyandoniehn.com\/radio\/wp-content\/uploads\/2022\/08\/Michael-McDonald-300x249.png 300w, http:\/\/mickyandoniehn.com\/radio\/wp-content\/uploads\/2022\/08\/Michael-McDonald.png 573w\" sizes=\"auto, (max-width: 765px) 100vw, 765px\" \/><\/p>\n<p>&nbsp;<\/p>\n<div class=\"cxmmr5t8 oygrvhab hcukyx3x c1et5uql o9v6fnle ii04i59q\" style=\"text-align: justify;\">\n<div dir=\"auto\"><strong>Fecha de Nacimiento<\/strong> 12 de febrero de 1952<\/div>\n<p>&nbsp;<\/p>\n<div dir=\"auto\"><\/div>\n<\/div>\n<div class=\"cxmmr5t8 oygrvhab hcukyx3x c1et5uql o9v6fnle ii04i59q\" style=\"text-align: justify;\">\n<div dir=\"auto\"><strong>Biograf\u00eda<\/strong><\/div>\n<p>&nbsp;<\/p>\n<div dir=\"auto\"><\/div>\n<div dir=\"auto\">Es un cantante estadounidense de R&amp;B y soul. McDonald toc\u00f3 en m\u00faltiples bandas (como Mike and the Majestics, Jerry Jay and the Sheratons, the Reebtoors y The Guild) en su pueblo natal Ferguson, Misuri, un suburbio de St. Louis. Fue descubierto cuando hac\u00eda parte de un grupo llamado Blue y en consecuencia se mud\u00f3 a Los \u00c1ngeles en 1970. Inicialmente fue conocido como miembro ocasional de Steely Dan, poniendo la voz en Katy Lied y en subsiguientes \u00e1lbumes como The Royal Scam y Aja.<\/div>\n<p>&nbsp;<\/p>\n<div dir=\"auto\"><\/div>\n<\/div>\n<div class=\"cxmmr5t8 oygrvhab hcukyx3x c1et5uql o9v6fnle ii04i59q\" style=\"text-align: justify;\">\n<div dir=\"auto\">McDonald se uni\u00f3 a los The Doobie Brothers en abril de 1975 cuando su voz l\u00edder Tom Johnston enferm\u00f3 durante una gira nacional. Como miembro de los Doobies, grab\u00f3 canciones como &#8220;Takin&#8217; It To The Streets,&#8221; &#8220;Little Darling,&#8221; &#8220;It Keeps You Runnin'&#8221; (usada en la pel\u00edcula Forrest Gump), &#8220;Minute by Minute&#8221; y &#8220;What a Fool Believes&#8221; (que lleg\u00f3 al n\u00famero uno en Estados Unidos y por la cual gan\u00f3 un premio Grammy en 1980 en la categor\u00eda de canci\u00f3n del a\u00f1o).<\/div>\n<p>&nbsp;<\/p>\n<div dir=\"auto\"><\/div>\n<\/div>\n<div class=\"cxmmr5t8 oygrvhab hcukyx3x c1et5uql o9v6fnle ii04i59q\" style=\"text-align: justify;\">\n<div dir=\"auto\"><strong>Wikipedia<\/strong> <strong>in English<\/strong><\/div>\n<p>&nbsp;<\/p>\n<\/div>\n<div dir=\"auto\"><\/div>\n<div dir=\"auto\"><strong>Date of Birth:<\/strong> February 12, 1952<\/div>\n<p>&nbsp;<\/p>\n<div dir=\"auto\"><\/div>\n<div class=\"cxmmr5t8 oygrvhab hcukyx3x c1et5uql o9v6fnle ii04i59q\" style=\"text-align: justify;\">\n<div dir=\"auto\"><strong>Biography:<\/strong><\/div>\n<p>&nbsp;<\/p>\n<div dir=\"auto\"><\/div>\n<\/div>\n<div class=\"cxmmr5t8 oygrvhab hcukyx3x c1et5uql o9v6fnle ii04i59q\" style=\"text-align: justify;\">\n<div dir=\"auto\">Is an American R&amp;B and soul singer. McDonald played in multiple bands (including Mike and the Majestics, Jerry Jay and the Sheratons, the Reebtoors, and The Guild) in his hometown of Ferguson, Missouri, a suburb of St. Louis. He was discovered when he was part of a group called Blue and consequently moved to Los Angeles in 1970. He was initially known as an occasional member of Steely Dan, voicing Katy Lied and subsequent albums such as The Royal Scam and Aja.<\/div>\n<p>&nbsp;<\/p>\n<div dir=\"auto\"><\/div>\n<\/div>\n<div class=\"cxmmr5t8 oygrvhab hcukyx3x c1et5uql o9v6fnle ii04i59q\" style=\"text-align: justify;\">\n<div dir=\"auto\">McDonald joined The Doobie Brothers in April 1975 when their lead vocal Tom Johnston fell ill during a national tour. As a member of the Doobies, he recorded songs like &#8220;Takin &#8216;It To The Streets,&#8221; &#8220;Little Darling,&#8221; &#8220;It Keeps You Runnin'&#8221; (used in the movie Forrest Gump), &#8220;Minute by Minute&#8221; and &#8220;What a Fool Believes. &#8220;(which reached number one in the United States and for which it won a Grammy award in 1980 in the song of the year category).<\/div>\n<p>&nbsp;<\/p>\n<div dir=\"auto\"><\/div>\n<\/div>\n<div class=\"cxmmr5t8 oygrvhab hcukyx3x c1et5uql o9v6fnle ii04i59q\" style=\"text-align: justify;\">\n<div dir=\"auto\"><strong>Discograf\u00eda:<\/strong><\/div>\n<p>&nbsp;<\/p>\n<div dir=\"auto\"><\/div>\n<\/div>\n<div class=\"cxmmr5t8 oygrvhab hcukyx3x c1et5uql o9v6fnle ii04i59q\" style=\"text-align: justify;\">\n<div dir=\"auto\">\n<table style=\"height: 453px;\" width=\"551\">\n<tbody>\n<tr>\n<td style=\"text-align: center;\" width=\"80\"><strong>Genero\u00a0 Soft rock \u00b7 \u200eblue-Eyed soul<\/strong><\/td>\n<td style=\"text-align: center;\" width=\"338\"><strong>Escuchar Musica\u00a0<\/strong><\/td>\n<td style=\"text-align: center;\" width=\"80\"><strong>A\u00f1o<\/strong><\/td>\n<\/tr>\n<tr>\n<td>1<\/td>\n<td>\u00a0If That&#8217;s What It Takes<\/td>\n<td>1982<\/td>\n<\/tr>\n<tr>\n<td>2<\/td>\n<td>\u00a0Westwood One Startrak Profile<\/td>\n<td>1983<\/td>\n<\/tr>\n<tr>\n<td>3<\/td>\n<td>No Lookin&#8217; Back<\/td>\n<td>1985<\/td>\n<\/tr>\n<tr>\n<td>4<\/td>\n<td>\u00a0Take It To Heart<\/td>\n<td>1990<\/td>\n<\/tr>\n<tr>\n<td>5<\/td>\n<td>\u00a0Blink Of An Ey<\/td>\n<td>1993<\/td>\n<\/tr>\n<tr>\n<td>6<\/td>\n<td>\u00a0Blue Obsession<\/td>\n<td>1997<\/td>\n<\/tr>\n<tr>\n<td>7<\/td>\n<td>\u00a0In The Spirit<\/td>\n<td>2001<\/td>\n<\/tr>\n<tr>\n<td>8<\/td>\n<td>Motown<\/td>\n<td>2003<\/td>\n<\/tr>\n<tr>\n<td>9<\/td>\n<td>Motown Two<\/td>\n<td>2004<\/td>\n<\/tr>\n<tr>\n<td>10<\/td>\n<td>Through The Many Winters: A Christmas Album<\/td>\n<td>2005<\/td>\n<\/tr>\n<tr>\n<td>11<\/td>\n<td>Soul Speak<\/td>\n<td>2008<\/td>\n<\/tr>\n<tr>\n<td>12<\/td>\n<td>\u00a0Wide Open<\/td>\n<td>2017<\/td>\n<\/tr>\n<\/tbody>\n<\/table>\n<p>&nbsp;<\/p>\n<\/div>\n<\/div>\n<div class=\"epyt-video-wrapper\"><iframe loading=\"lazy\"  id=\"_ytid_39408\"  width=\"618\" height=\"347\"  data-origwidth=\"618\" data-origheight=\"347\" src=\"https:\/\/www.youtube.com\/embed\/WCJAlPgMCc8?enablejsapi=1&#038;autoplay=0&#038;cc_load_policy=0&#038;cc_lang_pref=&#038;iv_load_policy=1&#038;loop=0&#038;modestbranding=0&#038;rel=1&#038;fs=1&#038;playsinline=0&#038;autohide=2&#038;theme=dark&#038;color=red&#038;controls=1&#038;\" class=\"__youtube_prefs__  epyt-is-override  no-lazyload\" title=\"YouTube player\"  allow=\"fullscreen; accelerometer; autoplay; clipboard-write; encrypted-media; gyroscope; picture-in-picture\" allowfullscreen data-no-lazy=\"1\" data-skipgform_ajax_framebjll=\"\"><\/iframe><\/div>\n","protected":false},"excerpt":{"rendered":"<p>&nbsp; Fecha de Nacimiento 12 de febrero de 1952 &nbsp; Biograf\u00eda &nbsp; Es un cantante estadounidense de R&amp;B y soul. McDonald toc\u00f3 en m\u00faltiples bandas (como Mike and the Majestics, Jerry Jay and the Sheratons, the Reebtoors y The Guild) en su pueblo natal Ferguson, Misuri, un suburbio de St. Louis. Fue descubierto cuando hac\u00eda &hellip;<\/p>\n","protected":false},"author":1,"featured_media":0,"parent":0,"menu_order":0,"comment_status":"closed","ping_status":"closed","template":"","meta":{"footnotes":""},"class_list":["post-27935","page","type-page","status-publish",""],"jetpack_sharing_enabled":true,"_links":{"self":[{"href":"http:\/\/mickyandoniehn.com\/radio\/wp-json\/wp\/v2\/pages\/27935","targetHints":{"allow":["GET"]}}],"collection":[{"href":"http:\/\/mickyandoniehn.com\/radio\/wp-json\/wp\/v2\/pages"}],"about":[{"href":"http:\/\/mickyandoniehn.com\/radio\/wp-json\/wp\/v2\/types\/page"}],"author":[{"embeddable":true,"href":"http:\/\/mickyandoniehn.com\/radio\/wp-json\/wp\/v2\/users\/1"}],"replies":[{"embeddable":true,"href":"http:\/\/mickyandoniehn.com\/radio\/wp-json\/wp\/v2\/comments?post=27935"}],"version-history":[{"count":3,"href":"http:\/\/mickyandoniehn.com\/radio\/wp-json\/wp\/v2\/pages\/27935\/revisions"}],"predecessor-version":[{"id":30414,"href":"http:\/\/mickyandoniehn.com\/radio\/wp-json\/wp\/v2\/pages\/27935\/revisions\/30414"}],"wp:attachment":[{"href":"http:\/\/mickyandoniehn.com\/radio\/wp-json\/wp\/v2\/media?parent=27935"}],"curies":[{"name":"wp","href":"https:\/\/api.w.org\/{rel}","templated":true}]}}