{"id":27933,"date":"2022-08-25T12:22:55","date_gmt":"2022-08-25T18:22:55","guid":{"rendered":"https:\/\/mickyandoniehn.com\/radio\/?page_id=27933"},"modified":"2022-09-01T10:16:18","modified_gmt":"2022-09-01T16:16:18","slug":"gerry-goffin","status":"publish","type":"page","link":"http:\/\/mickyandoniehn.com\/radio\/gerry-goffin\/","title":{"rendered":"Gerry Goffin"},"content":{"rendered":"<p style=\"text-align: justify;\"><img loading=\"lazy\" decoding=\"async\" class=\" wp-image-24553 aligncenter\" src=\"http:\/\/mickyandoniehn.com\/radio\/wp-content\/uploads\/2022\/08\/Gerry-Goffin-300x300.png\" alt=\"\" width=\"650\" height=\"650\" srcset=\"http:\/\/mickyandoniehn.com\/radio\/wp-content\/uploads\/2022\/08\/Gerry-Goffin-300x300.png 300w, http:\/\/mickyandoniehn.com\/radio\/wp-content\/uploads\/2022\/08\/Gerry-Goffin-150x150.png 150w, http:\/\/mickyandoniehn.com\/radio\/wp-content\/uploads\/2022\/08\/Gerry-Goffin.png 440w\" sizes=\"auto, (max-width: 650px) 100vw, 650px\" \/><\/p>\n<p>&nbsp;<\/p>\n<div class=\"cxmmr5t8 oygrvhab hcukyx3x c1et5uql o9v6fnle ii04i59q\" style=\"text-align: justify;\">\n<div dir=\"auto\"><strong>Fecha de Nacimiento<\/strong> 11 de febrero de 1939<\/div>\n<p>&nbsp;<\/p>\n<div dir=\"auto\"><\/div>\n<div dir=\"auto\"><strong>Fecha de Fallecimiento<\/strong> 19 de junio de 2014<\/div>\n<p>&nbsp;<\/p>\n<div dir=\"auto\"><\/div>\n<\/div>\n<div class=\"cxmmr5t8 oygrvhab hcukyx3x c1et5uql o9v6fnle ii04i59q\" style=\"text-align: justify;\">\n<div dir=\"auto\"><strong>Biograf\u00eda:<\/strong><\/div>\n<p>&nbsp;<\/p>\n<div dir=\"auto\"><\/div>\n<div dir=\"auto\">Fue un letrista estadounidense. Escribi\u00f3 junto a su esposa Carole King numerosos \u00e9xitos internacionales de m\u00fasica pop a principios de los a\u00f1os 60, incluidos los n\u00fameros 1, &#8220;Will You Love Me Tomorrow&#8221;, &#8220;Take Good Care of My Baby&#8221;, &#8220;The Loco-Motion&#8221; y &#8220;Go Away Little Girl&#8221;.<\/div>\n<p>&nbsp;<\/p>\n<div dir=\"auto\"><\/div>\n<\/div>\n<div class=\"cxmmr5t8 oygrvhab hcukyx3x c1et5uql o9v6fnle ii04i59q\" style=\"text-align: justify;\">\n<div dir=\"auto\">Tras divorciarse de King, Goffin escribi\u00f3 para otros compositores como Barry Goldberg y Michael Masser, con quien escribi\u00f3 &#8220;Theme from Mahogany (Do You Know Where You&#8217;re Going To)&#8221; y &#8220;Saving All My Love for You&#8221;. Durante su carrera, 114 canciones de Goffin lograron entrar en las listas de \u00e9xitos Billboard Hot 100, incluidos 8 n\u00fameros 1. 72 de sus canciones entraron en las listas brit\u00e1nicas. Goffin fue incluido en el Sal\u00f3n de la Fama del Rock and Roll junto a su esposa en 1990.<\/div>\n<p>&nbsp;<\/p>\n<div dir=\"auto\"><\/div>\n<\/div>\n<div class=\"cxmmr5t8 oygrvhab hcukyx3x c1et5uql o9v6fnle ii04i59q\" style=\"text-align: justify;\">\n<div dir=\"auto\">Goffin naci\u00f3 en Brooklyn, Nueva York y creci\u00f3 en el barrio de Queens. Durante su adolescencia trabaj\u00f3 para su abuelo, un peletero jud\u00edo nacido en Rusia. Tras pasar un a\u00f1o en la Academia Naval de los Estados Unidos, estudi\u00f3 qu\u00edmica en la Universidad de Queens.<\/div>\n<p>&nbsp;<\/p>\n<div dir=\"auto\"><\/div>\n<\/div>\n<div class=\"cxmmr5t8 oygrvhab hcukyx3x c1et5uql o9v6fnle ii04i59q\" style=\"text-align: justify;\">\n<div dir=\"auto\"><strong>Wikipedia in English<\/strong><\/div>\n<p>&nbsp;<\/p>\n<div dir=\"auto\"><\/div>\n<\/div>\n<div class=\"cxmmr5t8 oygrvhab hcukyx3x c1et5uql o9v6fnle ii04i59q\" style=\"text-align: justify;\">\n<div dir=\"auto\"><strong>Biography:<\/strong><\/div>\n<p>&nbsp;<\/p>\n<div dir=\"auto\"><\/div>\n<div dir=\"auto\"><strong>Date of Birth:<\/strong> February 11, 1939<\/div>\n<p>&nbsp;<\/p>\n<div dir=\"auto\"><\/div>\n<div dir=\"auto\"><strong>Date of Death:<\/strong> June 19, 2014<\/div>\n<p>&nbsp;<\/p>\n<div dir=\"auto\"><\/div>\n<\/div>\n<div class=\"cxmmr5t8 oygrvhab hcukyx3x c1et5uql o9v6fnle ii04i59q\" style=\"text-align: justify;\">\n<div dir=\"auto\">He was an American lyricist. He wrote with his wife Carole King numerous international pop music hits in the early 1960s, including # 1s, &#8220;Will You Love Me Tomorrow&#8221;, &#8220;Take Good Care of My Baby&#8221;, &#8220;The Loco-Motion&#8221; and &#8221; Go Away Little Girl &#8220;.<\/div>\n<div dir=\"auto\"><\/div>\n<p>&nbsp;<\/p>\n<\/div>\n<div class=\"cxmmr5t8 oygrvhab hcukyx3x c1et5uql o9v6fnle ii04i59q\" style=\"text-align: justify;\">\n<div dir=\"auto\">After divorcing King, Goffin wrote for other songwriters such as Barry Goldberg and Michael Masser, with whom he wrote &#8220;Theme from Mahogany (Do You Know Where You&#8217;re Going To)&#8221; and &#8220;Saving All My Love for You.&#8221; During his career, 114 Goffin songs made the Billboard Hot 100 charts, including 8 numbers 1. 72 of his songs made the UK charts. Goffin was inducted into the Rock and Roll Hall of Fame alongside his wife in 1990.<\/div>\n<p>&nbsp;<\/p>\n<div dir=\"auto\"><\/div>\n<\/div>\n<div class=\"cxmmr5t8 oygrvhab hcukyx3x c1et5uql o9v6fnle ii04i59q\" style=\"text-align: justify;\">\n<div dir=\"auto\">Goffin was born in Brooklyn, New York and grew up in the borough of Queens. During his teens he worked for his grandfather, a Russian-born Jewish furrier. After spending a year at the United States Naval Academy, he studied chemistry at the University of Queens.<\/div>\n<p>&nbsp;<\/p>\n<div dir=\"auto\"><\/div>\n<\/div>\n<div class=\"cxmmr5t8 oygrvhab hcukyx3x c1et5uql o9v6fnle ii04i59q\" style=\"text-align: justify;\">\n<div dir=\"auto\"><strong>Discograf\u00eda<\/strong><\/div>\n<p>&nbsp;<\/p>\n<\/div>\n<div dir=\"auto\"><\/div>\n<div dir=\"auto\">\n<table width=\"498\">\n<tbody>\n<tr>\n<td style=\"text-align: center;\" width=\"80\"><strong>Genero\u00a0 Pop<\/strong><\/td>\n<td style=\"text-align: center;\" width=\"338\"><strong>Escuchar Musica\u00a0<\/strong><\/td>\n<td style=\"text-align: center;\" width=\"80\"><strong>A\u00f1o<\/strong><\/td>\n<\/tr>\n<tr>\n<td><\/td>\n<td>It&#8217;s Not The Spotlight , Adelphi Records Inc \u2013 AD-452<\/td>\n<td>1973<\/td>\n<\/tr>\n<tr>\n<td><\/td>\n<td>Back Room Blood (The CD Single), Genes Records \u2013 GCD 4532<\/td>\n<td>1996<\/td>\n<\/tr>\n<tr>\n<td><\/td>\n<td><\/td>\n<td><\/td>\n<\/tr>\n<tr>\n<td><strong>\u00c1lbumes<\/strong><\/td>\n<td>It Ain&#8217;t Exactly Entertainment<\/td>\n<td>1973<\/td>\n<\/tr>\n<tr>\n<td><\/td>\n<td>Back Room Blood<\/td>\n<td>1996<\/td>\n<\/tr>\n<tr>\n<td><\/td>\n<td>It Ain&#8217;t Exactly Entertainment Demo &amp; Other Sessions<\/td>\n<td>2010<\/td>\n<\/tr>\n<\/tbody>\n<\/table>\n<\/div>\n<div dir=\"auto\"><\/div>\n<div class=\"epyt-video-wrapper\"><iframe loading=\"lazy\"  id=\"_ytid_97158\"  width=\"618\" height=\"347\"  data-origwidth=\"618\" data-origheight=\"347\" src=\"https:\/\/www.youtube.com\/embed\/dFXug3GHb2Q?enablejsapi=1&#038;autoplay=0&#038;cc_load_policy=0&#038;cc_lang_pref=&#038;iv_load_policy=1&#038;loop=0&#038;modestbranding=0&#038;rel=1&#038;fs=1&#038;playsinline=0&#038;autohide=2&#038;theme=dark&#038;color=red&#038;controls=1&#038;\" class=\"__youtube_prefs__  epyt-is-override  no-lazyload\" title=\"YouTube player\"  allow=\"fullscreen; accelerometer; autoplay; clipboard-write; encrypted-media; gyroscope; picture-in-picture\" allowfullscreen data-no-lazy=\"1\" data-skipgform_ajax_framebjll=\"\"><\/iframe><\/div>\n","protected":false},"excerpt":{"rendered":"<p>&nbsp; Fecha de Nacimiento 11 de febrero de 1939 &nbsp; Fecha de Fallecimiento 19 de junio de 2014 &nbsp; Biograf\u00eda: &nbsp; Fue un letrista estadounidense. Escribi\u00f3 junto a su esposa Carole King numerosos \u00e9xitos internacionales de m\u00fasica pop a principios de los a\u00f1os 60, incluidos los n\u00fameros 1, &#8220;Will You Love Me Tomorrow&#8221;, &#8220;Take Good &hellip;<\/p>\n","protected":false},"author":1,"featured_media":0,"parent":0,"menu_order":0,"comment_status":"closed","ping_status":"closed","template":"","meta":{"footnotes":""},"class_list":["post-27933","page","type-page","status-publish",""],"jetpack_sharing_enabled":true,"_links":{"self":[{"href":"http:\/\/mickyandoniehn.com\/radio\/wp-json\/wp\/v2\/pages\/27933","targetHints":{"allow":["GET"]}}],"collection":[{"href":"http:\/\/mickyandoniehn.com\/radio\/wp-json\/wp\/v2\/pages"}],"about":[{"href":"http:\/\/mickyandoniehn.com\/radio\/wp-json\/wp\/v2\/types\/page"}],"author":[{"embeddable":true,"href":"http:\/\/mickyandoniehn.com\/radio\/wp-json\/wp\/v2\/users\/1"}],"replies":[{"embeddable":true,"href":"http:\/\/mickyandoniehn.com\/radio\/wp-json\/wp\/v2\/comments?post=27933"}],"version-history":[{"count":2,"href":"http:\/\/mickyandoniehn.com\/radio\/wp-json\/wp\/v2\/pages\/27933\/revisions"}],"predecessor-version":[{"id":30249,"href":"http:\/\/mickyandoniehn.com\/radio\/wp-json\/wp\/v2\/pages\/27933\/revisions\/30249"}],"wp:attachment":[{"href":"http:\/\/mickyandoniehn.com\/radio\/wp-json\/wp\/v2\/media?parent=27933"}],"curies":[{"name":"wp","href":"https:\/\/api.w.org\/{rel}","templated":true}]}}