{"id":27929,"date":"2022-08-25T12:20:47","date_gmt":"2022-08-25T18:20:47","guid":{"rendered":"https:\/\/mickyandoniehn.com\/radio\/?page_id=27929"},"modified":"2022-09-01T10:26:19","modified_gmt":"2022-09-01T16:26:19","slug":"holly-johnson","status":"publish","type":"page","link":"http:\/\/mickyandoniehn.com\/radio\/holly-johnson\/","title":{"rendered":"Holly Johnson"},"content":{"rendered":"<p style=\"text-align: justify;\"><img loading=\"lazy\" decoding=\"async\" class=\" wp-image-24546 aligncenter\" src=\"http:\/\/mickyandoniehn.com\/radio\/wp-content\/uploads\/2022\/08\/Holly-Johnson-201x300.png\" alt=\"\" width=\"522\" height=\"779\" srcset=\"http:\/\/mickyandoniehn.com\/radio\/wp-content\/uploads\/2022\/08\/Holly-Johnson-201x300.png 201w, http:\/\/mickyandoniehn.com\/radio\/wp-content\/uploads\/2022\/08\/Holly-Johnson.png 250w\" sizes=\"auto, (max-width: 522px) 100vw, 522px\" \/><\/p>\n<p>&nbsp;<\/p>\n<div class=\"cxmmr5t8 oygrvhab hcukyx3x c1et5uql o9v6fnle ii04i59q\" style=\"text-align: justify;\">\n<div dir=\"auto\"><strong>Fecha de Nacimiento:<\/strong> 9 de febrero de 1960<\/div>\n<p>&nbsp;<\/p>\n<div dir=\"auto\"><\/div>\n<\/div>\n<div class=\"cxmmr5t8 oygrvhab hcukyx3x c1et5uql o9v6fnle ii04i59q\" style=\"text-align: justify;\">\n<div dir=\"auto\"><strong>Biograf\u00eda<\/strong><\/div>\n<p>&nbsp;<\/p>\n<div dir=\"auto\"><\/div>\n<div dir=\"auto\">Conocido profesionalmente como Holly Johnson, es un artista, m\u00fasico y escritor ingl\u00e9s, popular por ser el vocalista principal de la agrupaci\u00f3n Frankie Goes to Hollywood, logrando un gran \u00e9xito comercial especialmente en la d\u00e9cada de 1980. A finales de la d\u00e9cada de 1970 fue bajista de la banda Big in Japan. En 1989, el \u00e1lbum en solitario debut de Johnson, Blast, alcanz\u00f3 el n\u00famero uno en la lista de \u00e1lbumes del Reino Unido. Dos sencillos del \u00e1lbum, &#8220;Love Train&#8221; y &#8220;Americanos&#8221;, llegaron al top 5 de la lista de sencillos del Reino Unido. En la d\u00e9cada de 1990 empez\u00f3 a desempe\u00f1arse en la escritura y la pintura.<\/div>\n<p>&nbsp;<\/p>\n<div dir=\"auto\"><\/div>\n<\/div>\n<div class=\"cxmmr5t8 oygrvhab hcukyx3x c1et5uql o9v6fnle ii04i59q\" style=\"text-align: justify;\">\n<div dir=\"auto\"><strong>Wikipedia in English<\/strong><\/div>\n<p>&nbsp;<\/p>\n<div dir=\"auto\"><\/div>\n<\/div>\n<div class=\"cxmmr5t8 oygrvhab hcukyx3x c1et5uql o9v6fnle ii04i59q\" style=\"text-align: justify;\">\n<div dir=\"auto\"><strong>Date of Birth:<\/strong> February 9, 1960<\/div>\n<p>&nbsp;<\/p>\n<div dir=\"auto\"><\/div>\n<\/div>\n<div class=\"cxmmr5t8 oygrvhab hcukyx3x c1et5uql o9v6fnle ii04i59q\" style=\"text-align: justify;\">\n<div dir=\"auto\"><strong>Biography<\/strong><\/div>\n<p>&nbsp;<\/p>\n<div dir=\"auto\"><\/div>\n<div dir=\"auto\">Known professionally as Holly Johnson, he is an English artist, musician and writer, popular for being the lead vocalist of the group Frankie Goes to Hollywood, achieving great commercial success especially in the 1980s. In the late 1970s he was a bassist of the band Big in Japan. In 1989, Johnson&#8217;s debut solo album Blast reached number one on the UK Albums Chart. Two singles from the album, &#8220;Love Train&#8221; and &#8220;Americanos&#8221;, reached the top 5 of the UK Singles Chart. In the 1990s he began to engage in writing and painting.<\/div>\n<div dir=\"auto\"><\/div>\n<p>&nbsp;<\/p>\n<\/div>\n<div class=\"cxmmr5t8 oygrvhab hcukyx3x c1et5uql o9v6fnle ii04i59q\" style=\"text-align: justify;\">\n<div dir=\"auto\"><strong>Discography<\/strong><\/div>\n<p>&nbsp;<\/p>\n<div dir=\"auto\"><\/div>\n<\/div>\n<div class=\"cxmmr5t8 oygrvhab hcukyx3x c1et5uql o9v6fnle ii04i59q\" style=\"text-align: justify;\">\n<div dir=\"auto\">\n<table width=\"340\">\n<tbody>\n<tr>\n<td style=\"text-align: center;\" width=\"31\"><strong>N\u00b0<\/strong><\/td>\n<td style=\"text-align: center;\" width=\"309\"><strong>Escuchar Tema<\/strong><\/td>\n<\/tr>\n<tr>\n<td width=\"31\">1<\/td>\n<td width=\"309\">Atomic City<\/td>\n<\/tr>\n<tr>\n<td width=\"31\">2<\/td>\n<td width=\"309\">Heaven&#8217;s Here<\/td>\n<\/tr>\n<tr>\n<td width=\"31\">3<\/td>\n<td width=\"309\">Americanos<\/td>\n<\/tr>\n<tr>\n<td width=\"31\">4<\/td>\n<td width=\"309\">Deep In Love<\/td>\n<\/tr>\n<tr>\n<td width=\"31\">5<\/td>\n<td width=\"309\">S.U.C.C.E.S.S.<\/td>\n<\/tr>\n<tr>\n<td width=\"31\">6<\/td>\n<td width=\"309\">Love Train<\/td>\n<\/tr>\n<tr>\n<td width=\"31\">7<\/td>\n<td width=\"309\">Got It Made<\/td>\n<\/tr>\n<tr>\n<td width=\"31\">8<\/td>\n<td width=\"309\">Love Will Come<\/td>\n<\/tr>\n<tr>\n<td width=\"31\">9<\/td>\n<td width=\"309\">Perfume<\/td>\n<\/tr>\n<tr>\n<td width=\"31\">10<\/td>\n<td width=\"309\">Feel Good<\/td>\n<\/tr>\n<tr>\n<td width=\"31\">11<\/td>\n<td width=\"309\">Love Train (Americanos Big Beat Version)<\/td>\n<\/tr>\n<tr>\n<td width=\"31\">12<\/td>\n<td width=\"309\">Atomic City (Enviro &#8211; Mental Mix)<\/td>\n<\/tr>\n<tr>\n<td width=\"31\">13<\/td>\n<td width=\"309\">Perfume (Aromatherapy Mix)<\/td>\n<\/tr>\n<tr>\n<td width=\"31\">14<\/td>\n<td width=\"309\">Americanos (The Perfect Taco Mix)<\/td>\n<\/tr>\n<tr>\n<td width=\"31\">15<\/td>\n<td width=\"309\">Heaven&#8217;s Here (Mount Olympus Mix)<\/td>\n<\/tr>\n<tr>\n<td width=\"31\">16<\/td>\n<td width=\"309\">Hollelujah<\/td>\n<\/tr>\n<tr>\n<td width=\"31\">17<\/td>\n<td width=\"309\">Across The Universe<\/td>\n<\/tr>\n<tr>\n<td width=\"31\">18<\/td>\n<td width=\"309\">When The Party&#8217;s Over<\/td>\n<\/tr>\n<tr>\n<td width=\"31\">19<\/td>\n<td width=\"309\">The People Want To Dance<\/td>\n<\/tr>\n<tr>\n<td width=\"31\">20<\/td>\n<td width=\"309\">I Need Your Love<\/td>\n<\/tr>\n<tr>\n<td width=\"31\">21<\/td>\n<td width=\"309\">Boyfriend &#8217;65&#8217;<\/td>\n<\/tr>\n<tr>\n<td width=\"31\">22<\/td>\n<td width=\"309\">Where Has Love Gone?<\/td>\n<\/tr>\n<tr>\n<td width=\"31\">23<\/td>\n<td width=\"309\">Penny Arcade<\/td>\n<\/tr>\n<tr>\n<td width=\"31\">24<\/td>\n<td width=\"309\">Do It For Love<\/td>\n<\/tr>\n<tr>\n<td width=\"31\">25<\/td>\n<td width=\"309\">You&#8217;re A Hit<\/td>\n<\/tr>\n<tr>\n<td width=\"31\">26<\/td>\n<td width=\"309\">The Great Love Story<\/td>\n<\/tr>\n<tr>\n<td width=\"31\">27<\/td>\n<td width=\"309\">Lady Luck<\/td>\n<\/tr>\n<tr>\n<td width=\"31\">28<\/td>\n<td width=\"309\">Soulstream<\/td>\n<\/tr>\n<tr>\n<td width=\"31\">29<\/td>\n<td width=\"309\">Disco Heaven (Sicario Club Mix Radio Edit)<\/td>\n<\/tr>\n<tr>\n<td width=\"31\">30<\/td>\n<td width=\"309\">Don&#8217;t Give Up<\/td>\n<\/tr>\n<tr>\n<td width=\"31\">31<\/td>\n<td width=\"309\">Hope<\/td>\n<\/tr>\n<tr>\n<td width=\"31\">32<\/td>\n<td width=\"309\">The Best Invention<\/td>\n<\/tr>\n<tr>\n<td width=\"31\">33<\/td>\n<td width=\"309\">Hallelujah! (Eric Kupper Radio Mix)<\/td>\n<\/tr>\n<tr>\n<td width=\"31\">34<\/td>\n<td width=\"309\">All U Need Is Love<\/td>\n<\/tr>\n<tr>\n<td width=\"31\">35<\/td>\n<td width=\"309\">Legendary Children (2000)<\/td>\n<\/tr>\n<tr>\n<td width=\"31\">36<\/td>\n<td width=\"309\">The Power Of Love<\/td>\n<\/tr>\n<tr>\n<td width=\"31\">37<\/td>\n<td width=\"309\">Urban Jungle \/ In The House Of The Rising Sun (Album Edit)<\/td>\n<\/tr>\n<\/tbody>\n<\/table>\n<\/div>\n<p>&nbsp;<\/p>\n<div dir=\"auto\"><\/div>\n<\/div>\n<div class=\"cxmmr5t8 oygrvhab hcukyx3x c1et5uql o9v6fnle ii04i59q\" style=\"text-align: justify;\">\n<div dir=\"auto\">Cr\u00e9ditos tomados de Wikipedia:<\/div>\n<div dir=\"auto\"><a class=\"oajrlxb2 g5ia77u1 qu0x051f esr5mh6w e9989ue4 r7d6kgcz rq0escxv nhd2j8a9 nc684nl6 p7hjln8o kvgmc6g5 cxmmr5t8 oygrvhab hcukyx3x jb3vyjys rz4wbd8a qt6c0cv9 a8nywdso i1ao9s8h esuyzwwr f1sip0of lzcic4wl gpro0wi8 py34i1dx\" tabindex=\"0\" role=\"link\" href=\"https:\/\/en.wikipedia.org\/wiki\/Holly_Johnson?fbclid=IwAR3_BmPJPOF2mwRLRPKNU0oF50HdV9afebsAsPVcgh_T-4RO-WkEHUfkgsQ\" target=\"_blank\" rel=\"nofollow noopener\">https:\/\/en.wikipedia.org\/wiki\/Holly_Johnson<\/a><\/div>\n<\/div>\n<p>&nbsp;<\/p>\n<div dir=\"auto\" style=\"text-align: justify;\"><\/div>\n<div dir=\"auto\" style=\"text-align: justify;\"><\/div>\n<div class=\"epyt-video-wrapper\"><iframe loading=\"lazy\"  id=\"_ytid_25517\"  width=\"618\" height=\"347\"  data-origwidth=\"618\" data-origheight=\"347\" src=\"https:\/\/www.youtube.com\/embed\/iUIG37A_DGM?enablejsapi=1&#038;autoplay=0&#038;cc_load_policy=0&#038;cc_lang_pref=&#038;iv_load_policy=1&#038;loop=0&#038;modestbranding=0&#038;rel=1&#038;fs=1&#038;playsinline=0&#038;autohide=2&#038;theme=dark&#038;color=red&#038;controls=1&#038;\" class=\"__youtube_prefs__  epyt-is-override  no-lazyload\" title=\"YouTube player\"  allow=\"fullscreen; accelerometer; autoplay; clipboard-write; encrypted-media; gyroscope; picture-in-picture\" allowfullscreen data-no-lazy=\"1\" data-skipgform_ajax_framebjll=\"\"><\/iframe><\/div>\n","protected":false},"excerpt":{"rendered":"<p>&nbsp; Fecha de Nacimiento: 9 de febrero de 1960 &nbsp; Biograf\u00eda &nbsp; Conocido profesionalmente como Holly Johnson, es un artista, m\u00fasico y escritor ingl\u00e9s, popular por ser el vocalista principal de la agrupaci\u00f3n Frankie Goes to Hollywood, logrando un gran \u00e9xito comercial especialmente en la d\u00e9cada de 1980. A finales de la d\u00e9cada de 1970 &hellip;<\/p>\n","protected":false},"author":1,"featured_media":0,"parent":0,"menu_order":0,"comment_status":"closed","ping_status":"closed","template":"","meta":{"footnotes":""},"class_list":["post-27929","page","type-page","status-publish",""],"jetpack_sharing_enabled":true,"_links":{"self":[{"href":"http:\/\/mickyandoniehn.com\/radio\/wp-json\/wp\/v2\/pages\/27929","targetHints":{"allow":["GET"]}}],"collection":[{"href":"http:\/\/mickyandoniehn.com\/radio\/wp-json\/wp\/v2\/pages"}],"about":[{"href":"http:\/\/mickyandoniehn.com\/radio\/wp-json\/wp\/v2\/types\/page"}],"author":[{"embeddable":true,"href":"http:\/\/mickyandoniehn.com\/radio\/wp-json\/wp\/v2\/users\/1"}],"replies":[{"embeddable":true,"href":"http:\/\/mickyandoniehn.com\/radio\/wp-json\/wp\/v2\/comments?post=27929"}],"version-history":[{"count":2,"href":"http:\/\/mickyandoniehn.com\/radio\/wp-json\/wp\/v2\/pages\/27929\/revisions"}],"predecessor-version":[{"id":30268,"href":"http:\/\/mickyandoniehn.com\/radio\/wp-json\/wp\/v2\/pages\/27929\/revisions\/30268"}],"wp:attachment":[{"href":"http:\/\/mickyandoniehn.com\/radio\/wp-json\/wp\/v2\/media?parent=27929"}],"curies":[{"name":"wp","href":"https:\/\/api.w.org\/{rel}","templated":true}]}}