{"id":27919,"date":"2022-08-25T12:16:59","date_gmt":"2022-08-25T18:16:59","guid":{"rendered":"https:\/\/mickyandoniehn.com\/radio\/?page_id=27919"},"modified":"2022-09-01T10:56:31","modified_gmt":"2022-09-01T16:56:31","slug":"josefa-flores-gonzalez","status":"publish","type":"page","link":"http:\/\/mickyandoniehn.com\/radio\/josefa-flores-gonzalez\/","title":{"rendered":"Josefa Flores Gonz\u00e1lez"},"content":{"rendered":"<div dir=\"auto\" style=\"text-align: justify;\">\n<p style=\"text-align: justify;\"><img loading=\"lazy\" decoding=\"async\" class=\" wp-image-24504 aligncenter\" src=\"http:\/\/mickyandoniehn.com\/radio\/wp-content\/uploads\/2022\/08\/Josefa-Flores-Gonzalez-208x300.png\" alt=\"\" width=\"533\" height=\"769\" srcset=\"http:\/\/mickyandoniehn.com\/radio\/wp-content\/uploads\/2022\/08\/Josefa-Flores-Gonzalez-208x300.png 208w, http:\/\/mickyandoniehn.com\/radio\/wp-content\/uploads\/2022\/08\/Josefa-Flores-Gonzalez.png 346w\" sizes=\"auto, (max-width: 533px) 100vw, 533px\" \/><\/p>\n<p>&nbsp;<\/p>\n<div class=\"cxmmr5t8 oygrvhab hcukyx3x c1et5uql o9v6fnle\" style=\"text-align: justify;\">\n<div dir=\"auto\"><strong>Fecha de Nacimiento:<\/strong> 4 de febrero de 1912<\/div>\n<p>&nbsp;<\/p>\n<div dir=\"auto\"><strong>Fecha de Fallecimiento:<\/strong> 28 de junio de 1985<\/div>\n<p>&nbsp;<\/p>\n<div dir=\"auto\"><\/div>\n<\/div>\n<div class=\"cxmmr5t8 oygrvhab hcukyx3x c1et5uql o9v6fnle\" style=\"text-align: justify;\">\n<div dir=\"auto\"><strong>Biograf\u00eda<\/strong><\/div>\n<p>&nbsp;<\/p>\n<div dir=\"auto\"><\/div>\n<div dir=\"auto\">Naci\u00f3 el 4 de febrero de 1948, en el n\u00famero 10 de calle Refino, en un corral\u00f3n t\u00edpicamente malague\u00f1o en el que conviv\u00edan m\u00e1s de cincuenta familias. Hija mediana de Juan Flores Montoro (f. 1999) y de Mar\u00eda Cayetana Gonz\u00e1lez Moriana (f. 2018), pertenec\u00eda a una familia muy humilde. Ya desde peque\u00f1a destacaba por su enorme afici\u00f3n por el cante y el baile flamenco. Sus hermanos son Mar\u00eda Victoria y Enrique. A temprana edad se uni\u00f3 a la organizaci\u00f3n \u00abCoros y Danzas\u00bb de la Secci\u00f3n Femenina de Falange.<\/div>\n<p>&nbsp;<\/p>\n<div dir=\"auto\"><\/div>\n<\/div>\n<div class=\"cxmmr5t8 oygrvhab hcukyx3x c1et5uql o9v6fnle\" style=\"text-align: justify;\">\n<div dir=\"auto\">A medida que se hizo mayor, Marisol diversific\u00f3 sus trabajos. En 1972, represent\u00f3 a Espa\u00f1a en el primer Festival de la OTI con el tema \u00abNi\u00f1a\u00bb, de Manuel Alejandro, ganando el tercer premio.<\/div>\n<p>&nbsp;<\/p>\n<\/div>\n<div class=\"cxmmr5t8 oygrvhab hcukyx3x c1et5uql o9v6fnle\" style=\"text-align: justify;\">\n<div dir=\"auto\">Junto a Jean Seberg rod\u00f3 una pel\u00edcula de terror, La corrupci\u00f3n de Chris Miller (1972), dirigida por Juan Antonio Bardem, y al a\u00f1o siguiente present\u00f3 su \u00faltima pel\u00edcula musical, La chica del Molino Rojo, con Mel Ferrer como coprotagonista, y B\u00e1rbara Rey, Mirta Miller y Silvia Tortosa.<\/div>\n<p>&nbsp;<\/p>\n<div dir=\"auto\"><\/div>\n<\/div>\n<div class=\"cxmmr5t8 oygrvhab hcukyx3x c1et5uql o9v6fnle\" style=\"text-align: justify;\">\n<div dir=\"auto\">En 1973 se uni\u00f3 sentimentalmente al bailar\u00edn Antonio Gades (de nombre Antonio Esteve R\u00f3denas), con quien contrajo matrimonio civil en Cuba el 5 de octubre de 1982, actuando como padrinos Fidel Castro y Alicia Alonso, y de quien se divorci\u00f3 en 1986.<\/div>\n<p>&nbsp;<\/p>\n<div dir=\"auto\"><\/div>\n<\/div>\n<div class=\"cxmmr5t8 oygrvhab hcukyx3x c1et5uql o9v6fnle\" style=\"text-align: justify;\">\n<div dir=\"auto\">En 1975, particip\u00f3 en la primera huelga de actores espa\u00f1oles que reivindicaba la reducci\u00f3n de la jornada laboral para los int\u00e9rpretes teatrales. Un a\u00f1o despu\u00e9s pos\u00f3 desnuda para la revista Intervi\u00fa, lo que caus\u00f3 gran sensaci\u00f3n y en cierta manera supuso una ruptura definitiva con su pasado de estrella infantil.<\/div>\n<p>&nbsp;<\/p>\n<div dir=\"auto\"><\/div>\n<\/div>\n<div class=\"cxmmr5t8 oygrvhab hcukyx3x c1et5uql o9v6fnle\" style=\"text-align: justify;\">\n<div dir=\"auto\">Obtuvo el premio a la mejor actriz en el Festival Internacional de Cine de Karlovy Vary con Los d\u00edas del pasado (1978), de Mario Camus, con Antonio Gades como compa\u00f1ero de reparto, en lo que fue el \u00faltimo trabajo que hizo acreditada como Marisol. Poco despu\u00e9s, decidi\u00f3 cambiar su nombre art\u00edstico por su nombre real, Pepa Flores, que usar\u00eda durante el resto de su carrera.<\/div>\n<div dir=\"auto\"><\/div>\n<p>&nbsp;<\/p>\n<\/div>\n<div class=\"cxmmr5t8 oygrvhab hcukyx3x c1et5uql o9v6fnle\" style=\"text-align: justify;\">\n<div dir=\"auto\">Sus \u00faltimas pel\u00edculas fueron Bodas de sangre (1981) y Carmen (1983), ambas del director aragon\u00e9s Carlos Saura, y Caso cerrado (1985), de Juan Ca\u00f1o.<\/div>\n<p>&nbsp;<\/p>\n<div dir=\"auto\"><\/div>\n<\/div>\n<div class=\"cxmmr5t8 oygrvhab hcukyx3x c1et5uql o9v6fnle\" style=\"text-align: justify;\">\n<div dir=\"auto\"><strong>Wikipedia in English<\/strong><\/div>\n<p>&nbsp;<\/p>\n<div dir=\"auto\"><\/div>\n<\/div>\n<div class=\"cxmmr5t8 oygrvhab hcukyx3x c1et5uql o9v6fnle\" style=\"text-align: justify;\">\n<div dir=\"auto\"><strong>Date of Birth:<\/strong> February 4, 1912<\/div>\n<p>&nbsp;<\/p>\n<div dir=\"auto\"><\/div>\n<div dir=\"auto\"><strong>Date of Died:<\/strong> June 28, 1985<\/div>\n<p>&nbsp;<\/p>\n<div dir=\"auto\"><\/div>\n<\/div>\n<div class=\"cxmmr5t8 oygrvhab hcukyx3x c1et5uql o9v6fnle\" style=\"text-align: justify;\">\n<div dir=\"auto\"><strong>Biography<\/strong><\/div>\n<p>&nbsp;<\/p>\n<div dir=\"auto\"><\/div>\n<div dir=\"auto\">His real name was James Henry Meador, and he was born in Nashville, Tennessee. Graduated from Rice University in Houston (Texas), he made his film debut in 1937 with a brief supporting role, although without appearing in the credits.<\/div>\n<div dir=\"auto\"><\/div>\n<\/div>\n<div class=\"cxmmr5t8 oygrvhab hcukyx3x c1et5uql o9v6fnle\" style=\"text-align: justify;\">\n<div dir=\"auto\">Specializing in western B-series films, as well as comedies such as the short film Oily to Bed, Oily to Rise (1939), starring the comedy group The Three Stooges, Craig worked hard to make the leap to quality productions. His occasion arose with the film All That Money Can Buy (1941), by William Dieterle, in which he played Jabez Stone, acting alongside Edward Arnold.<\/div>\n<div dir=\"auto\"><\/div>\n<p>&nbsp;<\/p>\n<\/div>\n<div class=\"cxmmr5t8 oygrvhab hcukyx3x c1et5uql o9v6fnle\" style=\"text-align: justify;\">\n<div dir=\"auto\">Craig worked with Ginger Rogers in the comedy Kitty Foyle (1940), with Lucille Ball in the western Valley of the Sun (1942), and with the young Margaret O&#8217;Brien in the drama Lost Angel (1943).<\/div>\n<p>&nbsp;<\/p>\n<\/div>\n<div class=\"cxmmr5t8 oygrvhab hcukyx3x c1et5uql o9v6fnle\" style=\"text-align: justify;\">\n<div dir=\"auto\">The following year Craig participated in the extravagant Kismet (1944), an adventure played by Marlene Dietrich and Ronald Colman in which he played the role of Caliph. He confirmed his talent for comedy by acting in The Heavenly Body (1944), a satire on the popular passion for astrology.1 In the film he played Lloyd X. Hunter, and acted with Hedy Lamarr and William Powell. Another of his comedies was She Went to the Races (1947), with Ava Gardner and Frances Gifford.<\/div>\n<p>&nbsp;<\/p>\n<div dir=\"auto\"><\/div>\n<\/div>\n<div class=\"cxmmr5t8 oygrvhab hcukyx3x c1et5uql o9v6fnle\" style=\"text-align: justify;\">\n<div dir=\"auto\">Active in the police genre, he acted in The Strip (1951), Code Two (1953) and While New York Sleeps (1956, by Fritz Lang), and in the western genre he worked in Northwest Stampede (1948) and Fort Vengeance (1953) .<\/div>\n<p>&nbsp;<\/p>\n<div dir=\"auto\"><\/div>\n<\/div>\n<div class=\"cxmmr5t8 oygrvhab hcukyx3x c1et5uql o9v6fnle\" style=\"text-align: justify;\">\n<div dir=\"auto\">However, in the mid-1950s, Craig progressively moved to television, appearing in series such as Studio 57 (1954-1955), Science Fiction Theater (1955), and The Millionaire (1956).<\/div>\n<p>&nbsp;<\/p>\n<div dir=\"auto\"><\/div>\n<\/div>\n<div class=\"cxmmr5t8 oygrvhab hcukyx3x c1et5uql o9v6fnle\" style=\"text-align: justify;\">\n<div dir=\"auto\">In the 1960s Craig acted in the cinema mainly in westerns such as Hostile Guns (1967), Fort Utah (1967) and Arizona Bushwhackers (1968), as well as working in the war film The Devil&#8217;s Brigade (1968). His television performances in those years include the series Daniel Boone (1967), Custer (1967) and The Virginian (1968).<\/div>\n<p>&nbsp;<\/p>\n<div dir=\"auto\"><\/div>\n<\/div>\n<div class=\"cxmmr5t8 oygrvhab hcukyx3x c1et5uql o9v6fnle\" style=\"text-align: justify;\">\n<div dir=\"auto\">After definitively retiring from acting in 1972, Craig successfully dedicated himself to the real estate business. He died in Santa Ana, California, in 1985, at the age of seventy-three, from lung cancer. His remains were cremated, and the ashes scattered in Big Bear Lake, California.<\/div>\n<p>&nbsp;<\/p>\n<div dir=\"auto\"><\/div>\n<\/div>\n<div class=\"cxmmr5t8 oygrvhab hcukyx3x c1et5uql o9v6fnle\" style=\"text-align: justify;\">\n<div dir=\"auto\">He had been married three times, his wives being Jane Valentine, Jil Jarmyn and Sumie Craig.<\/div>\n<div dir=\"auto\"><\/div>\n<p>&nbsp;<\/p>\n<\/div>\n<div class=\"cxmmr5t8 oygrvhab hcukyx3x c1et5uql o9v6fnle\" style=\"text-align: justify;\"><\/div>\n<div class=\"cxmmr5t8 oygrvhab hcukyx3x c1et5uql o9v6fnle\" style=\"text-align: justify;\">\n<div dir=\"auto\"><strong>Discografia\u00a0<\/strong><\/div>\n<p>&nbsp;<\/p>\n<div dir=\"auto\"><\/div>\n<div dir=\"auto\">\n<table width=\"671\">\n<tbody>\n<tr>\n<td style=\"text-align: center;\" width=\"248\"><strong>Genero Flamenco,\u00a0Lat\u00edn,\u00a0Pop, Soundtrack,\u00a0Ballad, Rock y Funk \/ Soul.<\/strong><\/td>\n<td style=\"text-align: center;\" width=\"423\"><strong>Escuchar Tema<\/strong><\/td>\n<\/tr>\n<tr>\n<td>1<\/td>\n<td>Preludio<\/td>\n<\/tr>\n<tr>\n<td>2<\/td>\n<td>Canciones<\/td>\n<\/tr>\n<tr>\n<td>3<\/td>\n<td>Llorando Y Mirando Al Cielo<\/td>\n<\/tr>\n<tr>\n<td>4<\/td>\n<td>Adi\u00f3s Al Colegio<\/td>\n<\/tr>\n<tr>\n<td>5<\/td>\n<td>Verdiales<\/td>\n<\/tr>\n<tr>\n<td>6<\/td>\n<td>Nana Italiana<\/td>\n<\/tr>\n<tr>\n<td>7<\/td>\n<td>Corre Corre Caballito<\/td>\n<\/tr>\n<tr>\n<td>8<\/td>\n<td>Paso Firme<\/td>\n<\/tr>\n<tr>\n<td>9<\/td>\n<td>Rubita<\/td>\n<\/tr>\n<tr>\n<td>10<\/td>\n<td>El Currucucu<\/td>\n<\/tr>\n<tr>\n<td>11<\/td>\n<td>EL Baile<\/td>\n<\/tr>\n<tr>\n<td>12<\/td>\n<td>Dos Estrellitas<\/td>\n<\/tr>\n<tr>\n<td>13<\/td>\n<td>Sevillanas Del Til\u00edn<\/td>\n<\/tr>\n<tr>\n<td>14<\/td>\n<td>El Tesoro Del Duende<\/td>\n<\/tr>\n<tr>\n<td>15<\/td>\n<td>En El Tren<\/td>\n<\/tr>\n<tr>\n<td>16<\/td>\n<td>Ola, Ola, Ola<\/td>\n<\/tr>\n<tr>\n<td>17<\/td>\n<td>Rumbita<\/td>\n<\/tr>\n<tr>\n<td>18<\/td>\n<td>Canci\u00f3n Marisol<\/td>\n<\/tr>\n<tr>\n<td>19<\/td>\n<td>Buler\u00edas<\/td>\n<\/tr>\n<tr>\n<td>20<\/td>\n<td>Jota Cantada<\/td>\n<\/tr>\n<tr>\n<td>21<\/td>\n<td>Jota Bailada<\/td>\n<\/tr>\n<tr>\n<td>22<\/td>\n<td>Estando Con Tigo<\/td>\n<\/tr>\n<tr>\n<td>23<\/td>\n<td>Canci\u00f3n De Marisol A Organillo<\/td>\n<\/tr>\n<tr>\n<td>24<\/td>\n<td>Tientos<\/td>\n<\/tr>\n<tr>\n<td>25<\/td>\n<td>Soy Un Hombre Del Campo<\/td>\n<\/tr>\n<tr>\n<td>26<\/td>\n<td>Tanguillo<\/td>\n<\/tr>\n<tr>\n<td>27<\/td>\n<td>Alegr\u00edas<\/td>\n<\/tr>\n<tr>\n<td>28<\/td>\n<td>Preludio<\/td>\n<\/tr>\n<tr>\n<td>29<\/td>\n<td>Chiquitina<\/td>\n<\/tr>\n<tr>\n<td>30<\/td>\n<td>Una Nueva Melod\u00eda<\/td>\n<\/tr>\n<tr>\n<td>31<\/td>\n<td>Aquellos Duros De C\u00e1diz<\/td>\n<\/tr>\n<tr>\n<td>32<\/td>\n<td>T\u00f3mbola<\/td>\n<\/tr>\n<tr>\n<td>33<\/td>\n<td>Lobo Lobito<\/td>\n<\/tr>\n<tr>\n<td>34<\/td>\n<td>Con Los Ojos Abiertos<\/td>\n<\/tr>\n<tr>\n<td>35<\/td>\n<td>Nadie Lo Sabe Cantar<\/td>\n<\/tr>\n<tr>\n<td>36<\/td>\n<td>Final Pelicula Tombola<\/td>\n<\/tr>\n<tr>\n<td>37<\/td>\n<td>Mi Carita De Azucena<\/td>\n<\/tr>\n<tr>\n<td>38<\/td>\n<td>La Virgen Y El Pa\u00f1al<\/td>\n<\/tr>\n<tr>\n<td>39<\/td>\n<td>Regalitos A Jesus<\/td>\n<\/tr>\n<tr>\n<td>40<\/td>\n<td>Perd\u00f3name<\/td>\n<\/tr>\n<tr>\n<td>41<\/td>\n<td>Somos Novios<\/td>\n<\/tr>\n<tr>\n<td>42<\/td>\n<td>Doce Meses<\/td>\n<\/tr>\n<tr>\n<td>43<\/td>\n<td>Cuando Me Muera<\/td>\n<\/tr>\n<tr>\n<td>44<\/td>\n<td>Sin El Sol<\/td>\n<\/tr>\n<tr>\n<td>45<\/td>\n<td>Tu y Tus Recuerdos (Primo Amore)<\/td>\n<\/tr>\n<tr>\n<td>46<\/td>\n<td>El Reloj de Cuco<\/td>\n<\/tr>\n<tr>\n<td>47<\/td>\n<td>Felicidad<\/td>\n<\/tr>\n<tr>\n<td>48<\/td>\n<td>Tu y Yo<\/td>\n<\/tr>\n<tr>\n<td>49<\/td>\n<td>Anoche No Pude Dormir<\/td>\n<\/tr>\n<tr>\n<td>50<\/td>\n<td>Recu\u00e9rdame<\/td>\n<\/tr>\n<tr>\n<td><\/td>\n<td><\/td>\n<\/tr>\n<\/tbody>\n<\/table>\n<\/div>\n<p>&nbsp;<\/p>\n<div dir=\"auto\"><\/div>\n<\/div>\n<div class=\"cxmmr5t8 oygrvhab hcukyx3x c1et5uql o9v6fnle\" style=\"text-align: justify;\">\n<div dir=\"auto\">Cr\u00e9ditos tomados de Wikipedia:<\/div>\n<div dir=\"auto\"><a class=\"oajrlxb2 g5ia77u1 qu0x051f esr5mh6w e9989ue4 r7d6kgcz rq0escxv nhd2j8a9 nc684nl6 p7hjln8o kvgmc6g5 cxmmr5t8 oygrvhab hcukyx3x jb3vyjys rz4wbd8a qt6c0cv9 a8nywdso i1ao9s8h esuyzwwr f1sip0of lzcic4wl gpro0wi8 py34i1dx\" tabindex=\"0\" role=\"link\" href=\"https:\/\/es.wikipedia.org\/wiki\/Marisol?fbclid=IwAR3P0OuVAKaahbMocuofOQ5NFCesAuWKmB2SJ2U_PIvGHy0BzFv0x64ohWY\" target=\"_blank\" rel=\"nofollow noopener\">https:\/\/es.wikipedia.org\/wiki\/Marisol<\/a><\/div>\n<\/div>\n<p>&nbsp;<\/p>\n<div dir=\"auto\" style=\"text-align: justify;\"><\/div>\n<\/div>\n","protected":false},"excerpt":{"rendered":"<p>&nbsp; Fecha de Nacimiento: 4 de febrero de 1912 &nbsp; Fecha de Fallecimiento: 28 de junio de 1985 &nbsp; Biograf\u00eda &nbsp; Naci\u00f3 el 4 de febrero de 1948, en el n\u00famero 10 de calle Refino, en un corral\u00f3n t\u00edpicamente malague\u00f1o en el que conviv\u00edan m\u00e1s de cincuenta familias. Hija mediana de Juan Flores Montoro (f. &hellip;<\/p>\n","protected":false},"author":1,"featured_media":0,"parent":0,"menu_order":0,"comment_status":"closed","ping_status":"closed","template":"","meta":{"footnotes":""},"class_list":["post-27919","page","type-page","status-publish",""],"jetpack_sharing_enabled":true,"_links":{"self":[{"href":"http:\/\/mickyandoniehn.com\/radio\/wp-json\/wp\/v2\/pages\/27919","targetHints":{"allow":["GET"]}}],"collection":[{"href":"http:\/\/mickyandoniehn.com\/radio\/wp-json\/wp\/v2\/pages"}],"about":[{"href":"http:\/\/mickyandoniehn.com\/radio\/wp-json\/wp\/v2\/types\/page"}],"author":[{"embeddable":true,"href":"http:\/\/mickyandoniehn.com\/radio\/wp-json\/wp\/v2\/users\/1"}],"replies":[{"embeddable":true,"href":"http:\/\/mickyandoniehn.com\/radio\/wp-json\/wp\/v2\/comments?post=27919"}],"version-history":[{"count":3,"href":"http:\/\/mickyandoniehn.com\/radio\/wp-json\/wp\/v2\/pages\/27919\/revisions"}],"predecessor-version":[{"id":30314,"href":"http:\/\/mickyandoniehn.com\/radio\/wp-json\/wp\/v2\/pages\/27919\/revisions\/30314"}],"wp:attachment":[{"href":"http:\/\/mickyandoniehn.com\/radio\/wp-json\/wp\/v2\/media?parent=27919"}],"curies":[{"name":"wp","href":"https:\/\/api.w.org\/{rel}","templated":true}]}}