{"id":27913,"date":"2022-08-25T12:15:14","date_gmt":"2022-08-25T18:15:14","guid":{"rendered":"https:\/\/mickyandoniehn.com\/radio\/?page_id=27913"},"modified":"2022-09-01T08:54:40","modified_gmt":"2022-09-01T14:54:40","slug":"blythe-danner","status":"publish","type":"page","link":"http:\/\/mickyandoniehn.com\/radio\/blythe-danner\/","title":{"rendered":"Blythe Danner"},"content":{"rendered":"<p style=\"text-align: justify;\">\n<p style=\"text-align: justify;\"><img loading=\"lazy\" decoding=\"async\" class=\" wp-image-30108 aligncenter\" src=\"http:\/\/mickyandoniehn.com\/radio\/wp-content\/uploads\/2022\/02\/Blythe-Danner.jpg\" alt=\"\" width=\"667\" height=\"375\" \/><\/p>\n<p>&nbsp;<\/p>\n<p style=\"text-align: justify;\"><strong>Fecha de Nacimiento:<\/strong> 3 de febrero de 1943<\/p>\n<p style=\"text-align: justify;\"><strong>Biografia<\/strong><\/p>\n<p style=\"text-align: justify;\">Blythe Danner es una actriz estadounidense conocida popularmente por sus papeles de Izzy Huffstodt en &#8220;Huff&#8221; y la Sra. Baker en &#8220;Las mariposas son libres&#8221;. Blythe es una de las pocas actrices que tuvo \u00e9xito en todos los \u00e1mbitos de la actuaci\u00f3n, es decir, Broadway, televisi\u00f3n y pel\u00edculas. Ella fue parte de muchas pel\u00edculas exitosas como &#8220;The Great Santini&#8221;, &#8220;Little Fockers&#8221;, &#8220;Meet the Fockers&#8221;, &#8220;Meet the Parents&#8221;, &#8220;Mr. y la se\u00f1ora Bridge &#8216;, y muchos otros. Es la viuda del famoso director Bruce Paltrow. Sus dos hijos, Jake y Gwyneth, tambi\u00e9n est\u00e1n en la industria del cine.<\/p>\n<p style=\"text-align: justify;\">Jake es director y Gwyneth es una actriz de renombre. Blythe Danner ha ganado dos premios Emmy y un Premio Tony junto con muchas otras nominaciones a su nombre. Ella es conocida por su voz ronca y sus roles que representan mujeres sofisticadas, sociales e inteligentes. Danner es un ecologista activo y ha hecho campa\u00f1a durante las \u00faltimas tres d\u00e9cadas para ayudar a proteger el medio ambiente.<\/p>\n<p style=\"text-align: justify;\">Blythe se cas\u00f3 con el productor, escritor y director de cine Bruce Paltrow en 1969. Sus hijos, Gwyneth, (nacido en 1972) y Jake, (nacido en 1975), tambi\u00e9n est\u00e1n en la industria del cine.<\/p>\n<p style=\"text-align: justify;\">Bruce muri\u00f3 en 2002. Ten\u00eda c\u00e1ncer oral y sufr\u00eda de neumon\u00eda durante sus \u00faltimos d\u00edas.<\/p>\n<p style=\"text-align: justify;\">Seg\u00fan ella, la meditaci\u00f3n trascendental es muy relajante y \u00fatil. Danner sufre de osteoporosis y afirma que la hizo m\u00e1s consciente sobre el fortalecimiento de los huesos.<\/p>\n<p style=\"text-align: justify;\">Blythe Danner fue nominada para el Premio Primetime Emmy a Mejor actriz invitada en una serie de comedia para la serie de televisi\u00f3n &#8220;Will &amp; Grace&#8221; en 2005-06. Obtuvo una nominaci\u00f3n para el mismo premio a la actriz principal en la serie de televisi\u00f3n &#8220;We Were The Mulvaneys&#8221; en 2002 y 2005.<\/p>\n<p style=\"text-align: justify;\">Adem\u00e1s recibi\u00f3 nominaciones para el Premio Globo de Oro a la Mejor Actriz: Miniserie o Pel\u00edcula de Televisi\u00f3n y Premio Primetime Emmy a la Mejor Actriz Principal en una Miniserie o una Pel\u00edcula por su papel de Rebecca Holmes Davitch en la serie &#8220;Back When We Were Grownups&#8221;.<\/p>\n<p style=\"text-align: justify;\">Ella gan\u00f3 el Premio Primetime Emmy a la Mejor Actriz de Reparto en una Serie de Drama por su papel en &#8220;Huff&#8221;.<\/p>\n<p style=\"text-align: justify;\">Danner gan\u00f3 el Premio Saturno a la Mejor Actriz por su pel\u00edcula &#8220;Futureworld&#8221;.<\/p>\n<p style=\"text-align: justify;\">Fue nominada para el Premio Blockbuster Entertainment a la Actriz de reparto favorita en una comedia y el Premio Satellite a la Mejor actriz de reparto &#8211; Pel\u00edcula para &#8216;Meet the Parents&#8217; y &#8216;The Last Kiss&#8217; respectivamente.<\/p>\n<p style=\"text-align: justify;\">Tambi\u00e9n obtuvo nominaciones para el Premio Gotham a la Mejor Actriz y el Premio Satellite a la Mejor Actriz &#8211; Pel\u00edcula para la pel\u00edcula &#8220;Te ver\u00e9 en mis sue\u00f1os&#8221;.<\/p>\n<p style=\"text-align: justify;\">Blythe Danner gan\u00f3 el Premio Tony por la obra &#8220;Las mariposas son gratis&#8221;.<\/p>\n<p style=\"text-align: justify;\"><strong>Date of Birth:<\/strong> February 3, 1943<\/p>\n<p style=\"text-align: justify;\"><strong>Biography<\/strong><\/p>\n<p style=\"text-align: justify;\">Blythe Danner is an American actress popularly known for her roles as Izzy Huffstodt in &#8220;Huff&#8221; and Mrs. Baker in &#8220;Butterflies Are Free.&#8221; Blythe is one of the few actresses who was successful in all spheres of acting, that is, Broadway, television and movies. She was part of many successful movies like &#8220;The Great Santini&#8221;, &#8220;Little Fockers&#8221;, &#8220;Meet the Fockers&#8221;, &#8220;Meet the Parents&#8221;, &#8220;Mr. and Mrs. Bridge&#8217;, and many others. She is the widow of the famous director Bruce Paltrow His two children, Jake and Gwyneth, are also in the film industry.<\/p>\n<p style=\"text-align: justify;\">Jake is a director and Gwyneth is a renowned actress. Blythe Danner has won two Emmy Awards and a Tony Award along with many other nominations to her name. She is known for her raspy voice and her roles portraying sophisticated, social, and intelligent women. Danner is an active environmentalist and has campaigned for the past three decades to help protect the environment.<\/p>\n<p style=\"text-align: justify;\">Blythe married film producer, writer, and director Bruce Paltrow in 1969. Their children, Gwyneth, (born 1972) and Jake, (born 1975), are also in the film industry.<\/p>\n<p style=\"text-align: justify;\">Bruce died in 2002. He had oral cancer and suffered from pneumonia during his final days.<\/p>\n<p style=\"text-align: justify;\">According to her, transcendental meditation is very relaxing and helpful. Danner suffers from osteoporosis and says it made her more aware of strengthening her bones.<\/p>\n<p style=\"text-align: justify;\">Blythe Danner was nominated for the Primetime Emmy Award for Outstanding Guest Actress in a Comedy Series for the television series &#8220;Will &amp; Grace&#8221; in 2005-06. She earned a nomination for the same award for leading actress in the television series &#8220;We Were The Mulvaneys&#8221; in 2002 and 2005.<\/p>\n<p style=\"text-align: justify;\">She also received nominations for the Golden Globe Award for Best Actress: Miniseries or Television Movie and Primetime Emmy Award for Outstanding Lead Actress in a Miniseries or a Movie for her role as Rebecca Holmes Davitch in the series &#8220;Back When We Were Grownups.&#8221;.<\/p>\n<p style=\"text-align: justify;\">She won the Primetime Emmy Award for Outstanding Supporting Actress in a Drama Series for her role in &#8220;Huff.&#8221;<\/p>\n<p style=\"text-align: justify;\">Danner won the Saturn Award for Best Actress for her film &#8220;Futureworld.&#8221;<\/p>\n<p style=\"text-align: justify;\">She was nominated for the Blockbuster Entertainment Award for Favorite Supporting Actress in a Comedy and the Satellite Award for Best Supporting Actress &#8211; Motion Picture for &#8216;Meet the Parents&#8217; and &#8216;The Last Kiss&#8217; respectively.<\/p>\n<p style=\"text-align: justify;\">She also garnered nominations for the Gotham Award for Best Actress and the Satellite Award for Best Actress &#8211; Motion Picture for the film &#8220;I&#8217;ll See You in My Dreams.&#8221;<\/p>\n<p style=\"text-align: justify;\">Blythe Danner won the Tony Award for &#8220;Butterflies Are Free.&#8221;<\/p>\n<p style=\"text-align: justify;\"><strong>Filmograf\u00eda<\/strong><\/p>\n<table style=\"height: 1526px;\" width=\"627\">\n<tbody>\n<tr>\n<td style=\"text-align: center;\" width=\"200\"><strong>Titulo<\/strong><\/td>\n<td style=\"text-align: center;\" width=\"80\"><strong>A\u00f1o<\/strong><\/td>\n<\/tr>\n<tr>\n<td>To Kill a Clown<\/td>\n<td>1972<\/td>\n<\/tr>\n<tr>\n<td><\/td>\n<td><\/td>\n<\/tr>\n<tr>\n<td>Lovin&#8217; Molly<\/td>\n<td>1974<\/td>\n<\/tr>\n<tr>\n<td>Hearts of the West<\/td>\n<td>1975<\/td>\n<\/tr>\n<tr>\n<td>Futureworld<\/td>\n<td>1976<\/td>\n<\/tr>\n<tr>\n<td>The Great Santini<\/td>\n<td>1979<\/td>\n<\/tr>\n<tr>\n<td>Inside the Third Reich<\/td>\n<td>1983<\/td>\n<\/tr>\n<tr>\n<td>Man, Woman and Child<\/td>\n<td><\/td>\n<\/tr>\n<tr>\n<td>Guilty Conscience<\/td>\n<td>1985<\/td>\n<\/tr>\n<tr>\n<td>Brighton Beach Memoirs<\/td>\n<td>1986<\/td>\n<\/tr>\n<tr>\n<td>Another Woman<\/td>\n<td>1988<\/td>\n<\/tr>\n<tr>\n<td>Mr. and Mrs. Bridge<\/td>\n<td>1990<\/td>\n<\/tr>\n<tr>\n<td>Alice<\/td>\n<td><\/td>\n<\/tr>\n<tr>\n<td>The Prince of Tides<\/td>\n<td>1991<\/td>\n<\/tr>\n<tr>\n<td>Husbands and Wives<\/td>\n<td>1992<\/td>\n<\/tr>\n<tr>\n<td>Napoleon<\/td>\n<td>1995<\/td>\n<\/tr>\n<tr>\n<td>Homage<\/td>\n<td><\/td>\n<\/tr>\n<tr>\n<td colspan=\"2\">To Wong Foo, Thanks for Everything! Julie Newmar<\/td>\n<\/tr>\n<tr>\n<td>The Myth of Fingerprints<\/td>\n<td>1997<\/td>\n<\/tr>\n<tr>\n<td>Mad City<\/td>\n<td><\/td>\n<\/tr>\n<tr>\n<td>The Proposition<\/td>\n<td>1998<\/td>\n<\/tr>\n<tr>\n<td>No Looking Back<\/td>\n<td><\/td>\n<\/tr>\n<tr>\n<td>The X-Files<\/td>\n<td><\/td>\n<\/tr>\n<tr>\n<td>Forces of Nature<\/td>\n<td>1999<\/td>\n<\/tr>\n<tr>\n<td>The Love Letter<\/td>\n<td><\/td>\n<\/tr>\n<tr>\n<td>Things I Forgot to Remember<\/td>\n<td><\/td>\n<\/tr>\n<tr>\n<td>Meet the Parents<\/td>\n<td>2000<\/td>\n<\/tr>\n<tr>\n<td>The Invisible Circus<\/td>\n<td>2001<\/td>\n<\/tr>\n<tr>\n<td>Three Days of Rain<\/td>\n<td>2003<\/td>\n<\/tr>\n<tr>\n<td>Sylvia<\/td>\n<td><\/td>\n<\/tr>\n<tr>\n<td>Howl&#8217;s Moving Castle<\/td>\n<td>2004<\/td>\n<\/tr>\n<tr>\n<td>Meet the Fockers<\/td>\n<td><\/td>\n<\/tr>\n<tr>\n<td>Stolen<\/td>\n<td>2006<\/td>\n<\/tr>\n<tr>\n<td>The Last Kiss<\/td>\n<td><\/td>\n<\/tr>\n<tr>\n<td>The Sisterhood of the Traveling Pants 2<\/td>\n<td>2008<\/td>\n<\/tr>\n<tr>\n<td>Waiting for Forever<\/td>\n<td>2009<\/td>\n<\/tr>\n<tr>\n<td>The Lightkeepers<\/td>\n<td><\/td>\n<\/tr>\n<tr>\n<td>Little Fockers<\/td>\n<td>2010<\/td>\n<\/tr>\n<tr>\n<td>Paul<\/td>\n<td>2011<\/td>\n<\/tr>\n<tr>\n<td>What&#8217;s Your Number?<\/td>\n<td><\/td>\n<\/tr>\n<tr>\n<td>Detachment<\/td>\n<td><\/td>\n<\/tr>\n<tr>\n<td>The Lucky One<\/td>\n<td>2012<\/td>\n<\/tr>\n<tr>\n<td>Hello I Must Be Going<\/td>\n<td><\/td>\n<\/tr>\n<tr>\n<td>Murder of a Cat<\/td>\n<td>2014<\/td>\n<\/tr>\n<tr>\n<td>I&#8217;ll See You in My Dreams<\/td>\n<td>2015<\/td>\n<\/tr>\n<tr>\n<td><\/td>\n<td><\/td>\n<\/tr>\n<tr>\n<td>Tumbledown<\/td>\n<td><\/td>\n<\/tr>\n<tr>\n<td>What They Had<\/td>\n<td>2018<\/td>\n<\/tr>\n<tr>\n<td>Hearts Beat Loud<\/td>\n<td><\/td>\n<\/tr>\n<tr>\n<td>The Chaperone<\/td>\n<td><\/td>\n<\/tr>\n<tr>\n<td>The Tomorrow Man<\/td>\n<td>2019<\/td>\n<\/tr>\n<tr>\n<td>Strange but True<\/td>\n<td><\/td>\n<\/tr>\n<\/tbody>\n<\/table>\n<p style=\"text-align: justify;\">Creditos tomados de<\/p>\n<p style=\"text-align: justify;\"><a href=\"https:\/\/es.celeb-true.com\/blythe-danner-american-actress-popularly-known-roles-izzy-huffstodt\">https:\/\/es.celeb-true.com\/blythe-danner-american-actress-popularly-known-roles-izzy-huffstodt<\/a><\/p>\n<p style=\"text-align: justify;\">\n","protected":false},"excerpt":{"rendered":"<p>&nbsp; Fecha de Nacimiento: 3 de febrero de 1943 Biografia Blythe Danner es una actriz estadounidense conocida popularmente por sus papeles de Izzy Huffstodt en &#8220;Huff&#8221; y la Sra. Baker en &#8220;Las mariposas son libres&#8221;. Blythe es una de las pocas actrices que tuvo \u00e9xito en todos los \u00e1mbitos de la actuaci\u00f3n, es decir, Broadway, &hellip;<\/p>\n","protected":false},"author":1,"featured_media":0,"parent":0,"menu_order":0,"comment_status":"closed","ping_status":"closed","template":"","meta":{"footnotes":""},"class_list":["post-27913","page","type-page","status-publish",""],"jetpack_sharing_enabled":true,"_links":{"self":[{"href":"http:\/\/mickyandoniehn.com\/radio\/wp-json\/wp\/v2\/pages\/27913","targetHints":{"allow":["GET"]}}],"collection":[{"href":"http:\/\/mickyandoniehn.com\/radio\/wp-json\/wp\/v2\/pages"}],"about":[{"href":"http:\/\/mickyandoniehn.com\/radio\/wp-json\/wp\/v2\/types\/page"}],"author":[{"embeddable":true,"href":"http:\/\/mickyandoniehn.com\/radio\/wp-json\/wp\/v2\/users\/1"}],"replies":[{"embeddable":true,"href":"http:\/\/mickyandoniehn.com\/radio\/wp-json\/wp\/v2\/comments?post=27913"}],"version-history":[{"count":2,"href":"http:\/\/mickyandoniehn.com\/radio\/wp-json\/wp\/v2\/pages\/27913\/revisions"}],"predecessor-version":[{"id":30110,"href":"http:\/\/mickyandoniehn.com\/radio\/wp-json\/wp\/v2\/pages\/27913\/revisions\/30110"}],"wp:attachment":[{"href":"http:\/\/mickyandoniehn.com\/radio\/wp-json\/wp\/v2\/media?parent=27913"}],"curies":[{"name":"wp","href":"https:\/\/api.w.org\/{rel}","templated":true}]}}