{"id":27910,"date":"2022-08-25T12:14:26","date_gmt":"2022-08-25T18:14:26","guid":{"rendered":"https:\/\/mickyandoniehn.com\/radio\/?page_id=27910"},"modified":"2022-09-01T09:36:06","modified_gmt":"2022-09-01T15:36:06","slug":"dave-davies","status":"publish","type":"page","link":"http:\/\/mickyandoniehn.com\/radio\/dave-davies\/","title":{"rendered":"Dave Davies"},"content":{"rendered":"<p style=\"text-align: justify;\"><img loading=\"lazy\" decoding=\"async\" class=\" wp-image-24495 aligncenter\" src=\"http:\/\/mickyandoniehn.com\/radio\/wp-content\/uploads\/2022\/08\/Dave-Davies.jpg\" alt=\"\" width=\"651\" height=\"490\" \/><\/p>\n<p>&nbsp;<\/p>\n<div class=\"cxmmr5t8 oygrvhab hcukyx3x c1et5uql o9v6fnle ii04i59q\" style=\"text-align: justify;\">\n<div dir=\"auto\"><strong>Fecha de Nacimiento:<\/strong> 3 de febrero de 1947<\/div>\n<p>&nbsp;<\/p>\n<div dir=\"auto\"><\/div>\n<\/div>\n<div class=\"cxmmr5t8 oygrvhab hcukyx3x c1et5uql o9v6fnle ii04i59q\" style=\"text-align: justify;\">\n<div dir=\"auto\"><strong>Biograf\u00eda:<\/strong><\/div>\n<p>&nbsp;<\/p>\n<div dir=\"auto\"><\/div>\n<div dir=\"auto\">El 2003, qued\u00f3 ubicado en el lugar n\u00famero 88 dentro de la Lista de los 100 guitarristas m\u00e1s grandes de todos los tiempos hecha por la revista Rolling Stone.<\/div>\n<p>&nbsp;<\/p>\n<div dir=\"auto\"><\/div>\n<\/div>\n<div class=\"cxmmr5t8 oygrvhab hcukyx3x c1et5uql o9v6fnle ii04i59q\" style=\"text-align: justify;\">\n<div dir=\"auto\">Aunque no ten\u00eda el mismo protagonismo que su hermano dentro de la banda, tambi\u00e9n compuso y cant\u00f3 sus propias canciones. Temas notables como &#8220;Death of a Clown&#8221;, &#8220;Susannah&#8217;s Still Alive&#8221; y &#8220;Living on a Thin Line&#8221;. Y como guitarrista se destaca su trabajo en el riff caracter\u00edstico de la canci\u00f3n &#8220;You Really Got Me&#8221;, canci\u00f3n de s\u00f3lo dos acordes que seg\u00fan lo dicho por \u00e9l y por su hermano, se consigui\u00f3 casualmente cuando Dave conect\u00f3 agujas de coser a su amplificador.<\/div>\n<p>&nbsp;<\/p>\n<div dir=\"auto\"><\/div>\n<\/div>\n<div class=\"cxmmr5t8 oygrvhab hcukyx3x c1et5uql o9v6fnle ii04i59q\" style=\"text-align: justify;\">\n<div dir=\"auto\"><strong>Wikipedia in English<\/strong><\/div>\n<p>&nbsp;<\/p>\n<div dir=\"auto\"><\/div>\n<\/div>\n<div class=\"cxmmr5t8 oygrvhab hcukyx3x c1et5uql o9v6fnle ii04i59q\" style=\"text-align: justify;\">\n<div dir=\"auto\"><strong>Date of Birth:<\/strong> February 3, 1947<\/div>\n<p>&nbsp;<\/p>\n<div dir=\"auto\"><\/div>\n<\/div>\n<div class=\"cxmmr5t8 oygrvhab hcukyx3x c1et5uql o9v6fnle ii04i59q\" style=\"text-align: justify;\">\n<div dir=\"auto\"><strong>Biography:<\/strong><\/div>\n<p>&nbsp;<\/p>\n<div dir=\"auto\"><\/div>\n<div dir=\"auto\">In 2003, he was ranked number 88 on Rolling Stone magazine&#8217;s list of the 100 greatest guitarists of all time.<\/div>\n<p>&nbsp;<\/p>\n<div dir=\"auto\"><\/div>\n<\/div>\n<div class=\"cxmmr5t8 oygrvhab hcukyx3x c1et5uql o9v6fnle ii04i59q\" style=\"text-align: justify;\">\n<div dir=\"auto\">Although he did not have the same role as his brother in the band, he also composed and sang his own songs. Notable tracks like &#8220;Death of a Clown&#8221;, &#8220;Susannah&#8217;s Still Alive&#8221; and &#8220;Living on a Thin Line&#8221;. And as a guitarist, his work stands out in the characteristic riff of the song &#8220;You Really Got Me&#8221;, a song with only two chords that, according to what he and his brother said, was achieved by chance when Dave connected sewing needles to his amplifier.<\/div>\n<p>&nbsp;<\/p>\n<div dir=\"auto\"><\/div>\n<\/div>\n<div class=\"cxmmr5t8 oygrvhab hcukyx3x c1et5uql o9v6fnle ii04i59q\" style=\"text-align: justify;\">\n<div dir=\"auto\"><strong>Discography<\/strong><\/div>\n<p>&nbsp;<\/p>\n<div dir=\"auto\"><\/div>\n<\/div>\n<div class=\"cxmmr5t8 oygrvhab hcukyx3x c1et5uql o9v6fnle ii04i59q\" style=\"text-align: justify;\">\n<div dir=\"auto\">\n<table width=\"561\">\n<tbody>\n<tr>\n<td style=\"text-align: center;\" width=\"127\"><strong>G\u00e9nero Rock<\/strong><\/td>\n<td style=\"text-align: center;\" width=\"319\"><strong>Escuchar Tema<\/strong><\/td>\n<td style=\"text-align: center;\" width=\"115\"><strong>A\u00f1o de Publicaci\u00f3n<\/strong><\/td>\n<\/tr>\n<tr>\n<td>1<\/td>\n<td>Lola<\/td>\n<td>1970<\/td>\n<\/tr>\n<tr>\n<td>2<\/td>\n<td>Sunny Afternoon<\/td>\n<td>1966<\/td>\n<\/tr>\n<tr>\n<td>3<\/td>\n<td>You Really Got Me<\/td>\n<td>1964<\/td>\n<\/tr>\n<tr>\n<td>4<\/td>\n<td>Living on a Thin Line<\/td>\n<td>1984<\/td>\n<\/tr>\n<tr>\n<td>5<\/td>\n<td>All Day &amp; All Of The Night<\/td>\n<td>1964<\/td>\n<\/tr>\n<tr>\n<td>6<\/td>\n<td>I\u2019m Not Like Everybody Else<\/td>\n<td>1967<\/td>\n<\/tr>\n<tr>\n<td>7<\/td>\n<td>Come Dancing<\/td>\n<td>1983<\/td>\n<\/tr>\n<tr>\n<td>8<\/td>\n<td>A Well Respected Man<\/td>\n<td>1965<\/td>\n<\/tr>\n<tr>\n<td>9<\/td>\n<td>Dedicated Follower of Fashion<\/td>\n<td>1965<\/td>\n<\/tr>\n<tr>\n<td>10<\/td>\n<td>Catch Me Now I&#8217;m Falling<\/td>\n<td>1979<\/td>\n<\/tr>\n<tr>\n<td>11<\/td>\n<td>Don&#8217;t Forget to Dance<\/td>\n<td>1983<\/td>\n<\/tr>\n<tr>\n<td>12<\/td>\n<td>Superman<\/td>\n<td>1979<\/td>\n<\/tr>\n<tr>\n<td><\/td>\n<td><\/td>\n<td><\/td>\n<\/tr>\n<\/tbody>\n<\/table>\n<\/div>\n<p>&nbsp;<\/p>\n<div dir=\"auto\"><\/div>\n<\/div>\n<div class=\"cxmmr5t8 oygrvhab hcukyx3x c1et5uql o9v6fnle ii04i59q\" style=\"text-align: justify;\">\n<div dir=\"auto\">Cr\u00e9ditos tomados de Wikipedia:<\/div>\n<div dir=\"auto\"><a class=\"oajrlxb2 g5ia77u1 qu0x051f esr5mh6w e9989ue4 r7d6kgcz rq0escxv nhd2j8a9 nc684nl6 p7hjln8o kvgmc6g5 cxmmr5t8 oygrvhab hcukyx3x jb3vyjys rz4wbd8a qt6c0cv9 a8nywdso i1ao9s8h esuyzwwr f1sip0of lzcic4wl gpro0wi8 py34i1dx\" tabindex=\"0\" role=\"link\" href=\"https:\/\/l.facebook.com\/l.php?u=https%3A%2F%2Fes.wikipedia.org%2Fwiki%2FDave_Davies%3Ffbclid%3DIwAR17M8z4NVmOwSo8doKgAvgbZxFxTQTHi5Bc84IkOznx4wYABKWko24wC6M&amp;h=AT2CFAtS903KQAwrgGzapdAaGGzBl5TN86UsTD8dnzDAy29POrCAYd_dUDchLAr9btRUxHONnV8vAKKk9Z2VA-dV2Xiba8vC7Np9PhvBJTj3mLZXx_VFHsaJBDmXv1RaLfDK&amp;__tn__=-UK-R&amp;c[0]=AT0mudwrMW8TrvGvEpzKInseUkgshnqPm-nAXuLWV1TElptEgxCTltqftwNzKTZNs3OTXVY--B6SFMtEvZD5oGaJsp9-ZkxqoN9kWMB0Tug7uf9vpn88u1167Rwg-TkORGe2w-Krffeby4VhXWqub4SVwonVQmYBHGW3dw\" target=\"_blank\" rel=\"nofollow noopener\">https:\/\/es.wikipedia.org\/wiki\/Dave_Davies<\/a><\/div>\n<div dir=\"auto\"><\/div>\n<p>&nbsp;<\/p>\n<\/div>\n<div class=\"epyt-video-wrapper\"><iframe loading=\"lazy\"  id=\"_ytid_77607\"  width=\"618\" height=\"347\"  data-origwidth=\"618\" data-origheight=\"347\" src=\"https:\/\/www.youtube.com\/embed\/mwUpqeAboC0?enablejsapi=1&#038;autoplay=0&#038;cc_load_policy=0&#038;cc_lang_pref=&#038;iv_load_policy=1&#038;loop=0&#038;modestbranding=0&#038;rel=1&#038;fs=1&#038;playsinline=0&#038;autohide=2&#038;theme=dark&#038;color=red&#038;controls=1&#038;\" class=\"__youtube_prefs__  epyt-is-override  no-lazyload\" title=\"YouTube player\"  allow=\"fullscreen; accelerometer; autoplay; clipboard-write; encrypted-media; gyroscope; picture-in-picture\" allowfullscreen data-no-lazy=\"1\" data-skipgform_ajax_framebjll=\"\"><\/iframe><\/div>\n","protected":false},"excerpt":{"rendered":"<p>&nbsp; Fecha de Nacimiento: 3 de febrero de 1947 &nbsp; Biograf\u00eda: &nbsp; El 2003, qued\u00f3 ubicado en el lugar n\u00famero 88 dentro de la Lista de los 100 guitarristas m\u00e1s grandes de todos los tiempos hecha por la revista Rolling Stone. &nbsp; Aunque no ten\u00eda el mismo protagonismo que su hermano dentro de la banda, &hellip;<\/p>\n","protected":false},"author":1,"featured_media":0,"parent":0,"menu_order":0,"comment_status":"closed","ping_status":"closed","template":"","meta":{"footnotes":""},"class_list":["post-27910","page","type-page","status-publish",""],"jetpack_sharing_enabled":true,"_links":{"self":[{"href":"http:\/\/mickyandoniehn.com\/radio\/wp-json\/wp\/v2\/pages\/27910","targetHints":{"allow":["GET"]}}],"collection":[{"href":"http:\/\/mickyandoniehn.com\/radio\/wp-json\/wp\/v2\/pages"}],"about":[{"href":"http:\/\/mickyandoniehn.com\/radio\/wp-json\/wp\/v2\/types\/page"}],"author":[{"embeddable":true,"href":"http:\/\/mickyandoniehn.com\/radio\/wp-json\/wp\/v2\/users\/1"}],"replies":[{"embeddable":true,"href":"http:\/\/mickyandoniehn.com\/radio\/wp-json\/wp\/v2\/comments?post=27910"}],"version-history":[{"count":2,"href":"http:\/\/mickyandoniehn.com\/radio\/wp-json\/wp\/v2\/pages\/27910\/revisions"}],"predecessor-version":[{"id":30181,"href":"http:\/\/mickyandoniehn.com\/radio\/wp-json\/wp\/v2\/pages\/27910\/revisions\/30181"}],"wp:attachment":[{"href":"http:\/\/mickyandoniehn.com\/radio\/wp-json\/wp\/v2\/media?parent=27910"}],"curies":[{"name":"wp","href":"https:\/\/api.w.org\/{rel}","templated":true}]}}