{"id":27903,"date":"2022-08-25T12:08:48","date_gmt":"2022-08-25T18:08:48","guid":{"rendered":"https:\/\/mickyandoniehn.com\/radio\/?page_id=27903"},"modified":"2022-09-01T10:04:34","modified_gmt":"2022-09-01T16:04:34","slug":"frankie-vaughan","status":"publish","type":"page","link":"http:\/\/mickyandoniehn.com\/radio\/frankie-vaughan\/","title":{"rendered":"Frankie Vaughan"},"content":{"rendered":"<p style=\"text-align: justify;\"><img loading=\"lazy\" decoding=\"async\" class=\" wp-image-24492 aligncenter\" src=\"http:\/\/mickyandoniehn.com\/radio\/wp-content\/uploads\/2022\/08\/Frankie-Vaughan.jpg\" alt=\"\" width=\"579\" height=\"772\" \/><\/p>\n<p>&nbsp;<\/p>\n<p style=\"text-align: justify;\"><strong>Fecha de Nacimiento <\/strong>3 de febrero de 1928<\/p>\n<p style=\"text-align: justify;\"><strong>Falleci\u00f3<\/strong> 17 de septiembre de 1999<\/p>\n<p style=\"text-align: justify;\"><strong>Biograf\u00eda<\/strong><\/p>\n<p style=\"text-align: justify;\">Frank Abelson naci\u00f3 en Liverpool el 3 de febrero de 1928. A lo largo de su infancia, estuvo interesado en cantar y cantaba en funciones familiares, pero era tan t\u00edmido que solo cantaba detr\u00e1s de una cortina o con las luces apagadas. Sin embargo, no era el canto, ese era su mayor inter\u00e9s. El deporte era mucho m\u00e1s importante para \u00e9l, y a los 13 a\u00f1os era un boxeador bastante bueno. Frank siempre afirm\u00f3 que era el boxeo en los clubes de ni\u00f1os lo que lo manten\u00eda en la recta y estrecha. Debido a esto, siempre tuvo fuertes conexiones con los clubes de ni\u00f1os y se convirti\u00f3 en su patrocinador, don\u00e1ndoles regal\u00edas a lo largo de su carrera.<\/p>\n<p style=\"text-align: justify;\">A los 17 a\u00f1os, Frank estaba cantando en el ej\u00e9rcito y despu\u00e9s de su regreso justo antes de los 20 a\u00f1os. Despu\u00e9s de participar en una serie de concursos de talentos, Frank se dio cuenta de que pod\u00eda ganarse la vida cantando y audicion\u00f3 para el principal agente de Londres Billy Marsh. Marsh qued\u00f3 impresionado y reserv\u00f3 a Frank para varios espect\u00e1culos, lo que a su vez result\u00f3 en m\u00e1s trabajo. A mediados de la d\u00e9cada de 1950, Frankie Vaughan era uno de los nombres m\u00e1s importantes en el negocio con \u00e9xitos como &#8216;Green Door&#8217;, &#8216;Garden of Eden&#8217;, &#8216;Give Me the Moonlight&#8217; y &#8216;Come Softly to Me&#8217;. Este fue solo el comienzo de su larga carrera. Pronto comenz\u00f3 una serie de pel\u00edculas que incluyen &#8216;Lady Is a Square&#8217; y &#8216;Heart of a Man&#8217;. Con su carrera volando alto, se le pidi\u00f3 a Frankie que protagonizara una gran pel\u00edcula de Hollywood llamada &#8216;Lets Make Love&#8217; con Marilyn Monroe, y despu\u00e9s de esto hizo &#8216;The Right Approach&#8217; Con Juliet Prowse. Cansado de las pel\u00edculas, regres\u00f3 a Inglaterra y continu\u00f3 su serie de \u00e9xitos con un \u00e9xito n\u00famero uno llamado &#8216;Tower of Strength&#8217;, seguido de &#8216;Don&#8217;t Stop &#8211; Twist&#8217; e incluso m\u00e1s \u00e9xitos.<\/p>\n<p style=\"text-align: justify;\">En 1967, sin embargo, el vapor hab\u00eda comenzado a quedarse sin su carrera en las listas. Frankie todav\u00eda estaba haciendo muchos discos y haciendo muchos shows con entradas agotadas, pero a\u00fan as\u00ed decidi\u00f3 cambiar los sellos e ir a Columbia Records . En Columbia, grab\u00f3 una canci\u00f3n llamada &#8216;There Must Be a Way&#8217;, que se elev\u00f3 entre los diez primeros y rejuveneci\u00f3 su carrera. Despu\u00e9s de algunos seguimientos, sin embargo, su carrera en la lista termin\u00f3. Alrededor de este tiempo, comenz\u00f3 a grabar m\u00e1s \u00e1lbumes. Hab\u00eda descuidado el \u00e1lbum al comienzo de su carrera; ahora regres\u00f3 e hizo There Must Be a Way , The Second Time Around , Mr. Moonlight , &#8216;Frankie&#8217;, &#8216;Frankie Vaughan Sing Song&#8217;, y muchos otros, que se vendieron relativamente bien. En 1975, Frankie se mud\u00f3 a Pye Recordsy comenz\u00f3 otra serie de \u00e1lbumes exitosos, comenzando con Sincerely Yours en 1975 y hasta Seasons for Lovers en 1977. Esta es la \u00faltima vez que Frankie tuvo un contrato de grabaci\u00f3n a largo plazo. Alrededor de este tiempo, tuvo un \u00faltimo \u00e1lbum exitoso en el sello Ronco Teleproducts ; sus 100 Golden Greats trazaron en 1977 casi al mismo tiempo que le dieron su propio programa de televisi\u00f3n, que dur\u00f3 una temporada de verano.<\/p>\n<p style=\"text-align: justify;\">A lo largo de los a\u00f1os, Frankie siempre fue m\u00e1s fuerte en el escenario y se agot\u00f3 constantemente donde quiera que fuera. Su nombre en las vallas publicitarias garantizar\u00eda una venta total. Era un artista inmenso que parec\u00eda tener el amor de la audiencia y de sus compa\u00f1eros artistas. En la d\u00e9cada de 1980, actu\u00f3 en el escenario del musical &#8217;82nd Street&#8217;, que recibi\u00f3 excelentes cr\u00edticas, antes de que tuviera que retirarse debido a su mala salud. A partir de entonces, las cosas se ralentizaron, hizo giras a menudo, pero no fue tan predominante.<\/p>\n<p style=\"text-align: justify;\">En su vida logr\u00f3 muchas cosas, incluido el n\u00famero r\u00e9cord de apariciones en &#8216;Sunday Night at the London Palladium&#8217; (cuatro veces en un mes), y convertirse en King Rat dos veces, en 1967 y 1997. Lamentablemente, en 1999 Frankie muri\u00f3 y el El mundo perdi\u00f3 a un gran artista.<\/p>\n<p style=\"text-align: justify;\"><strong>Date of birth<\/strong> February 3, 1928<\/p>\n<p style=\"text-align: justify;\"><strong>Died<\/strong> September 17, 1999<\/p>\n<p style=\"text-align: justify;\"><strong>Biography<\/strong><\/p>\n<p style=\"text-align: justify;\">Frank Abelson was born in Liverpool on February 3, 1928. Throughout his childhood, he was interested in singing and singing at family functions, but he was so shy that he only sang behind a curtain or with the lights off. However, it was not singing, that was his greatest interest. The sport was much more important to him, and by age 13 he was a pretty good boxer. Frank always claimed that it was boxing in the boys&#8217; clubs that got him on the straight and narrow. Because of this, he always had strong connections with boys&#8217; clubs and became their patron, donating royalties to them throughout his career.<\/p>\n<p style=\"text-align: justify;\">At 17 years old, Frank was singing in the army and after his return just before 20 years old. After entering a series of talent shows, Frank realized he could make a living singing and auditioned for London&#8217;s top agent Billy Marsh. Marsh was impressed and booked Frank for several shows, which in turn resulted in more work. By the mid-1950s, Frankie Vaughan was one of the biggest names in the business with hits like &#8216;Green Door&#8217;, &#8216;Garden of Eden&#8217;, &#8216;Give Me the Moonlight&#8217; and &#8216;Come Softly to Me&#8217;. This was just the beginning of his long career. He soon began a series of movies including &#8216;Lady Is a Square&#8217; and &#8216;Heart of a Man&#8217;. With her career flying high, Frankie was asked to star in a big Hollywood movie called &#8216;Lets Make Love&#8217; with Marilyn Monroe, and after that she did &#8216;The Right Approach&#8217; With Juliet Prowse. Tired of movies, he returned to England and continued his string of hits with a number one hit called &#8216;Tower of Strength&#8217;, followed by &#8216;Don&#8217;t Stop &#8211; Twist&#8217; and even more hits.<\/p>\n<p style=\"text-align: justify;\">By 1967, however, the steamer had begun to run out of its chart run. Frankie was still making a lot of records and doing a lot of sold-out shows, but still decided to switch labels and go to Columbia Records. At Columbia, he recorded a song called &#8216;There Must Be a Way&#8217;, which rose into the top ten and rejuvenated his career. After a few follows, however, his run on the chart was over. Around this time, he began to record more albums. He had neglected the album early in his career; now he went back and did There Must Be a Way, The Second Time Around, Mr. Moonlight, &#8216;Frankie&#8217;, &#8216;Frankie Vaughan Sing Song&#8217;, and many others, which sold relatively well. In 1975, Frankie moved to Pye Records and began another string of successful albums, beginning with Sincerely Yours in 1975 and continuing through Seasons for Lovers in 1977. This is the last time Frankie had a long-term recording contract. Around this time, he had one last successful album on the Ronco Teleproducts label; his 100 Golden Greats charted in 1977 around the same time he was given his own television show, which ran for a summer season.<\/p>\n<p style=\"text-align: justify;\">Over the years, Frankie was always stronger on stage and was constantly exhausted wherever he went. His name on the billboards would guarantee a sellout. He was an immense artist who seemed to have the love of the audience and his fellow artists. In the 1980s, he performed on stage in the critically acclaimed musical &#8217;82nd Street&#8217; before he had to retire due to poor health. From then on, things slowed down, he toured often but wasn&#8217;t as prevalent.<\/p>\n<p style=\"text-align: justify;\">In his life he achieved many things, including the record number of appearances on &#8216;Sunday Night at the London Palladium&#8217; (four times in one month), and becoming King Rat twice, in 1967 and 1997. Sadly, in 1999 Frankie died and The world lost a great artist.<\/p>\n<p style=\"text-align: justify;\"><strong>Discografia<\/strong><\/p>\n<table width=\"340\">\n<tbody>\n<tr>\n<td width=\"31\"><\/td>\n<td style=\"text-align: center;\" width=\"309\"><strong>Genero Rock, Pop<\/strong><\/td>\n<\/tr>\n<tr>\n<td style=\"text-align: center;\" width=\"31\"><strong>N\u00b0<\/strong><\/td>\n<td style=\"text-align: center;\" width=\"309\"><strong>Escuchar Tema<\/strong><\/td>\n<\/tr>\n<tr>\n<td width=\"31\">1<\/td>\n<td width=\"309\">Happy Go Lucky<\/td>\n<\/tr>\n<tr>\n<td width=\"31\">2<\/td>\n<td width=\"309\">Chattanooga Choo Choo<\/td>\n<\/tr>\n<tr>\n<td width=\"31\">3<\/td>\n<td width=\"309\">Shoe-Shine Boy<\/td>\n<\/tr>\n<tr>\n<td width=\"31\">4<\/td>\n<td width=\"309\">You\u2019re Driving Me Crazy (What Did I Do?)<\/td>\n<\/tr>\n<tr>\n<td width=\"31\">5<\/td>\n<td width=\"309\">Do-do-do<\/td>\n<\/tr>\n<tr>\n<td width=\"31\">6<\/td>\n<td width=\"309\">Hit The Road To Dreamland<\/td>\n<\/tr>\n<tr>\n<td width=\"31\">7<\/td>\n<td width=\"309\">East Of The Sun (And West Of The Moon)<\/td>\n<\/tr>\n<tr>\n<td width=\"31\">8<\/td>\n<td width=\"309\">I\u2019m Gonna Sit Right Down And Write Myself A Letter<\/td>\n<\/tr>\n<tr>\n<td width=\"31\">9<\/td>\n<td width=\"309\">I\u2019m Coming Virginia<\/td>\n<\/tr>\n<tr>\n<td width=\"31\">10<\/td>\n<td width=\"309\">Bei Mir Bist Du Schoen (Means That You\u2019re Grand)<\/td>\n<\/tr>\n<tr>\n<td width=\"31\">11<\/td>\n<td width=\"309\">Lazy River<\/td>\n<\/tr>\n<tr>\n<td width=\"31\">12<\/td>\n<td width=\"309\">Dream<\/td>\n<\/tr>\n<tr>\n<td width=\"31\">13<\/td>\n<td width=\"309\">Stars In Your Eyes<\/td>\n<\/tr>\n<tr>\n<td width=\"31\">14<\/td>\n<td width=\"309\">June Night<\/td>\n<\/tr>\n<tr>\n<td width=\"31\">15<\/td>\n<td width=\"309\">I&#8217;ll Build A Stairway To Paradise<\/td>\n<\/tr>\n<tr>\n<td width=\"31\">16<\/td>\n<td width=\"309\">It All Depends On You<\/td>\n<\/tr>\n<tr>\n<td width=\"31\">17<\/td>\n<td width=\"309\">Isn&#8217;t This A Lovely Evening<\/td>\n<\/tr>\n<tr>\n<td width=\"31\">18<\/td>\n<td width=\"309\">Kewpie Doll<\/td>\n<\/tr>\n<tr>\n<td width=\"31\">19<\/td>\n<td width=\"309\">Am I Wasting My Time On You<\/td>\n<\/tr>\n<tr>\n<td width=\"31\">20<\/td>\n<td width=\"309\">That&#8217;s My Doll<\/td>\n<\/tr>\n<tr>\n<td width=\"31\">21<\/td>\n<td width=\"309\">No Help Wanted<\/td>\n<\/tr>\n<tr>\n<td width=\"31\">22<\/td>\n<td width=\"309\">Come Softly To Me<\/td>\n<\/tr>\n<tr>\n<td width=\"31\">23<\/td>\n<td width=\"309\">The Green Door<\/td>\n<\/tr>\n<tr>\n<td width=\"31\">24<\/td>\n<td width=\"309\">Give Me The Moonlight, Give Me The Girl<\/td>\n<\/tr>\n<tr>\n<td width=\"31\">25<\/td>\n<td width=\"309\">Happy Days And Lonely Nights<\/td>\n<\/tr>\n<tr>\n<td width=\"31\">26<\/td>\n<td width=\"309\">Medley<\/td>\n<\/tr>\n<tr>\n<td width=\"31\">27<\/td>\n<td width=\"309\">When You&#8217;re Smiling<\/td>\n<\/tr>\n<tr>\n<td width=\"31\">28<\/td>\n<td width=\"309\">Bye Bye Blackbird<\/td>\n<\/tr>\n<tr>\n<td width=\"31\">29<\/td>\n<td width=\"309\">Toot Toot Tootsie Goo&#8217;bye<\/td>\n<\/tr>\n<tr>\n<td width=\"31\">30<\/td>\n<td width=\"309\">Let Me Sing And I&#8217;m Happy<\/td>\n<\/tr>\n<tr>\n<td width=\"31\">31<\/td>\n<td width=\"309\">Cecilia<\/td>\n<\/tr>\n<tr>\n<td width=\"31\">32<\/td>\n<td width=\"309\">On Mother Kelly&#8217;s Doorstep<\/td>\n<\/tr>\n<tr>\n<td width=\"31\">33<\/td>\n<td width=\"309\">Roamin&#8217; In The Gloamin&#8217;<\/td>\n<\/tr>\n<tr>\n<td width=\"31\">34<\/td>\n<td width=\"309\">Down By The O-hi-o<\/td>\n<\/tr>\n<tr>\n<td width=\"31\">35<\/td>\n<td width=\"309\">I Will Come Back<\/td>\n<\/tr>\n<tr>\n<td width=\"31\">36<\/td>\n<td width=\"309\">Last Night On The Back Porch (I Loved Her Best Of All)<\/td>\n<\/tr>\n<tr>\n<td width=\"31\">37<\/td>\n<td width=\"309\">Tip-Toe Through The Tulips With Me<\/td>\n<\/tr>\n<tr>\n<td width=\"31\">38<\/td>\n<td width=\"309\">Leaning On A Lamp-Post<\/td>\n<\/tr>\n<tr>\n<td width=\"31\">39<\/td>\n<td width=\"309\">Broken Doll<\/td>\n<\/tr>\n<tr>\n<td width=\"31\">40<\/td>\n<td width=\"309\">Teasing<\/td>\n<\/tr>\n<tr>\n<td width=\"31\">41<\/td>\n<td width=\"309\">Oh, You Beautiful Doll<\/td>\n<\/tr>\n<tr>\n<td width=\"31\">42<\/td>\n<td width=\"309\">Long Time, No See<\/td>\n<\/tr>\n<tr>\n<td width=\"31\">43<\/td>\n<td width=\"309\">You Darlin\u00b4You<\/td>\n<\/tr>\n<tr>\n<td width=\"31\">44<\/td>\n<td width=\"309\">Happy Days And Lonely Nights<\/td>\n<\/tr>\n<tr>\n<td width=\"31\">45<\/td>\n<td width=\"309\">Green Door<\/td>\n<\/tr>\n<tr>\n<td width=\"31\">46<\/td>\n<td width=\"309\">Tower Of Strength<\/td>\n<\/tr>\n<tr>\n<td width=\"31\">47<\/td>\n<td width=\"309\">Garden Of Eden<\/td>\n<\/tr>\n<tr>\n<td width=\"31\">48<\/td>\n<td width=\"309\">It&#8217;s Too Late Now<\/td>\n<\/tr>\n<tr>\n<td width=\"31\">49<\/td>\n<td width=\"309\">Ragtime Piano Joe<\/td>\n<\/tr>\n<tr>\n<td width=\"31\">50<\/td>\n<td width=\"309\">My Love, Forgive Me<\/td>\n<\/tr>\n<\/tbody>\n<\/table>\n","protected":false},"excerpt":{"rendered":"<p>&nbsp; Fecha de Nacimiento 3 de febrero de 1928 Falleci\u00f3 17 de septiembre de 1999 Biograf\u00eda Frank Abelson naci\u00f3 en Liverpool el 3 de febrero de 1928. A lo largo de su infancia, estuvo interesado en cantar y cantaba en funciones familiares, pero era tan t\u00edmido que solo cantaba detr\u00e1s de una cortina o con &hellip;<\/p>\n","protected":false},"author":1,"featured_media":0,"parent":0,"menu_order":0,"comment_status":"closed","ping_status":"closed","template":"","meta":{"footnotes":""},"class_list":["post-27903","page","type-page","status-publish",""],"jetpack_sharing_enabled":true,"_links":{"self":[{"href":"http:\/\/mickyandoniehn.com\/radio\/wp-json\/wp\/v2\/pages\/27903","targetHints":{"allow":["GET"]}}],"collection":[{"href":"http:\/\/mickyandoniehn.com\/radio\/wp-json\/wp\/v2\/pages"}],"about":[{"href":"http:\/\/mickyandoniehn.com\/radio\/wp-json\/wp\/v2\/types\/page"}],"author":[{"embeddable":true,"href":"http:\/\/mickyandoniehn.com\/radio\/wp-json\/wp\/v2\/users\/1"}],"replies":[{"embeddable":true,"href":"http:\/\/mickyandoniehn.com\/radio\/wp-json\/wp\/v2\/comments?post=27903"}],"version-history":[{"count":2,"href":"http:\/\/mickyandoniehn.com\/radio\/wp-json\/wp\/v2\/pages\/27903\/revisions"}],"predecessor-version":[{"id":30236,"href":"http:\/\/mickyandoniehn.com\/radio\/wp-json\/wp\/v2\/pages\/27903\/revisions\/30236"}],"wp:attachment":[{"href":"http:\/\/mickyandoniehn.com\/radio\/wp-json\/wp\/v2\/media?parent=27903"}],"curies":[{"name":"wp","href":"https:\/\/api.w.org\/{rel}","templated":true}]}}