{"id":154,"date":"2021-07-05T06:41:44","date_gmt":"2021-07-05T06:41:44","guid":{"rendered":"http:\/\/mickyandoniehn.com\/radio\/?page_id=154"},"modified":"2024-03-11T18:32:38","modified_gmt":"2024-03-12T00:32:38","slug":"acker-bilk","status":"publish","type":"page","link":"http:\/\/mickyandoniehn.com\/radio\/acker-bilk\/","title":{"rendered":"Acker Bilk"},"content":{"rendered":"\r\n<div class=\"wp-block-image\">\r\n<figure class=\"aligncenter size-large\">\r\n<p style=\"text-align: justify;\"><img loading=\"lazy\" decoding=\"async\" class=\" wp-image-67215 aligncenter\" src=\"http:\/\/mickyandoniehn.com\/radio\/wp-content\/uploads\/2024\/01\/Acker-Bilk-300x178.jpg\" alt=\"\" width=\"455\" height=\"270\" srcset=\"http:\/\/mickyandoniehn.com\/radio\/wp-content\/uploads\/2024\/01\/Acker-Bilk-300x178.jpg 300w, http:\/\/mickyandoniehn.com\/radio\/wp-content\/uploads\/2024\/01\/Acker-Bilk.jpg 751w\" sizes=\"auto, (max-width: 455px) 100vw, 455px\" \/><\/p>\r\n<p>&nbsp;<\/p>\r\n<div class=\"cxmmr5t8 oygrvhab hcukyx3x c1et5uql o9v6fnle ii04i59q\" style=\"text-align: justify;\">\r\n<div dir=\"auto\"><strong>Nacimiento:<\/strong> 28 de enero de 1929<\/div>\r\n<div dir=\"auto\">\u00a0<\/div>\r\n<div dir=\"auto\"><strong>Fallecimiento:<\/strong> 2 de noviembre de 2014<\/div>\r\n<div dir=\"auto\">\u00a0<\/div>\r\n<\/div>\r\n<div class=\"cxmmr5t8 oygrvhab hcukyx3x c1et5uql o9v6fnle ii04i59q\" style=\"text-align: justify;\">\r\n<div dir=\"auto\"><strong>Biograf\u00eda:<\/strong><\/div>\r\n<div dir=\"auto\">\u00a0<\/div>\r\n<\/div>\r\n<div class=\"cxmmr5t8 oygrvhab hcukyx3x c1et5uql o9v6fnle ii04i59q\" style=\"text-align: justify;\">\r\n<div dir=\"auto\">En 1962 su tema instrumental &#8220;Stranger on the Shore&#8221; (Un extra\u00f1o en la playa) se convirti\u00f3 en el sencillo m\u00e1s vendido del a\u00f1o en el Reino Unido, manteni\u00e9ndose durante 50 semanas en las listas de \u00e9xitos brit\u00e1nicas. Alcanz\u00f3 tambi\u00e9n el n\u00famero 1 de la lista Billboard Hot 100 en Estados Unidos en 1962.<\/div>\r\n<div dir=\"auto\">\u00a0<\/div>\r\n<\/div>\r\n<div class=\"cxmmr5t8 oygrvhab hcukyx3x c1et5uql o9v6fnle ii04i59q\" style=\"text-align: justify;\">\r\n<div dir=\"auto\">Naci\u00f3 en Pensford, Somerset en 1929. Aunque su padre intent\u00f3 ense\u00f1arle a tocar el piano, el joven Bilk prefer\u00eda jugar al f\u00fatbol. Su naturaleza inquieta le llev\u00f3 perder dos dientes en una pelea y parte de un dedo en un accidente con un trineo, lo que afect\u00f3 a su forma de tocar el clarinete.<\/div>\r\n<div dir=\"auto\">\u00a0<\/div>\r\n<\/div>\r\n<div class=\"cxmmr5t8 oygrvhab hcukyx3x c1et5uql o9v6fnle ii04i59q\" style=\"text-align: justify;\">\r\n<div dir=\"auto\">Tras finalizar su etapa escolar estuvo trabajando un tiempo en una f\u00e1brica de cigarrillos de Bristol, antes de ingresar en la unidad de ingenieros del Ej\u00e9rcito brit\u00e1nico y ser destinado al Canal de Suez. All\u00ed aprendi\u00f3 a tocar el clarinete despu\u00e9s de que un amigo zapador le regalase uno que hab\u00eda comprado en un bazar. Posteriormente, Bilk consigui\u00f3 un instrumento de mayor calidad facilitado por el Ej\u00e9rcito, que conserv\u00f3 tras su desmovilizaci\u00f3n. Una vez finalizado su servicio militar comenz\u00f3 a trabajar como herrero en el negocio de su t\u00edo.<\/div>\r\n<div dir=\"auto\">\u00a0<\/div>\r\n<\/div>\r\n<div class=\"cxmmr5t8 oygrvhab hcukyx3x c1et5uql o9v6fnle ii04i59q\" style=\"text-align: justify;\">\r\n<div dir=\"auto\"><strong>Wikipedia in English<\/strong><\/div>\r\n<div dir=\"auto\">\u00a0<\/div>\r\n<\/div>\r\n<div class=\"cxmmr5t8 oygrvhab hcukyx3x c1et5uql o9v6fnle ii04i59q\" style=\"text-align: justify;\">\r\n<div dir=\"auto\"><strong>Birth:<\/strong> January 28, 1929<\/div>\r\n<div dir=\"auto\">\u00a0<\/div>\r\n<div dir=\"auto\"><strong>Died:<\/strong> November 2, 2014<\/div>\r\n<div dir=\"auto\">\u00a0<\/div>\r\n<\/div>\r\n<div class=\"cxmmr5t8 oygrvhab hcukyx3x c1et5uql o9v6fnle ii04i59q\" style=\"text-align: justify;\">\r\n<div dir=\"auto\"><strong>Biography:<\/strong><\/div>\r\n<div dir=\"auto\">\u00a0<\/div>\r\n<\/div>\r\n<div class=\"cxmmr5t8 oygrvhab hcukyx3x c1et5uql o9v6fnle ii04i59q\" style=\"text-align: justify;\">\r\n<div dir=\"auto\">In 1962 her instrumental &#8220;Stranger on the Shore&#8221; became the UK&#8217;s best-selling single of the year, spending 50 weeks on the UK charts. It also reached number 1 on the Billboard Hot 100 list in the United States in 1962.<\/div>\r\n<\/div>\r\n<div class=\"cxmmr5t8 oygrvhab hcukyx3x c1et5uql o9v6fnle ii04i59q\" style=\"text-align: justify;\">\r\n<div dir=\"auto\">He was born in Pensford, Somerset in 1929. Although his father tried to teach him to play the piano, the young Bilk preferred to play football. His restless nature led to him losing two teeth in a fight and part of a finger in a sled accident, which affected his clarinet playing.<\/div>\r\n<div dir=\"auto\">\u00a0<\/div>\r\n<\/div>\r\n<div class=\"cxmmr5t8 oygrvhab hcukyx3x c1et5uql o9v6fnle ii04i59q\" style=\"text-align: justify;\">\r\n<div dir=\"auto\">After completing his school years, he spent time working in a cigarette factory in Bristol, before joining the British Army engineering unit and being assigned to the Suez Canal. There he learned to play the clarinet after a sapper friend gave him one that he had bought in a bazaar. Subsequently, Bilk obtained a higher quality instrument provided by the Army, which he kept after his demobilization. After completing his military service, he began working as a blacksmith in his uncle&#8217;s business.<\/div>\r\n<div dir=\"auto\">\u00a0<\/div>\r\n<\/div>\r\n<div class=\"cxmmr5t8 oygrvhab hcukyx3x c1et5uql o9v6fnle ii04i59q\" style=\"text-align: justify;\">\r\n<div dir=\"auto\"><strong>Discography<\/strong><\/div>\r\n<\/div>\r\n<div class=\"cxmmr5t8 oygrvhab hcukyx3x c1et5uql o9v6fnle ii04i59q\" style=\"text-align: justify;\">\r\n<div dir=\"auto\">\r\n<ul>\r\n<li>The Seven Ages of Acker<\/li>\r\n<li>Omnibus<\/li>\r\n<li>Acker<\/li>\r\n<li>Golden Treasury of Bilk<\/li>\r\n<li>\u00a0The Best of Barber and Bilk (with Chris Barber)<\/li>\r\n<li>\u00a0The Best of Barber and Bilk Volume 2 (with Chris Barber)<\/li>\r\n<li>Stranger on the Shore<\/li>\r\n<li>A Taste of Honey<\/li>\r\n<li>Mood For Love<\/li>\r\n<li>The One for Me<\/li>\r\n<li>Sheer Magic<\/li>\r\n<li>\u00a0Evergreen<\/li>\r\n<\/ul>\r\n<\/div>\r\n<\/div>\r\n<div class=\"cxmmr5t8 oygrvhab hcukyx3x c1et5uql o9v6fnle ii04i59q\" style=\"text-align: justify;\">\r\n<div dir=\"auto\">Cr\u00e9ditos tomados de Wikipedia:<\/div>\r\n<div dir=\"auto\"><a class=\"oajrlxb2 g5ia77u1 qu0x051f esr5mh6w e9989ue4 r7d6kgcz rq0escxv nhd2j8a9 nc684nl6 p7hjln8o kvgmc6g5 cxmmr5t8 oygrvhab hcukyx3x jb3vyjys rz4wbd8a qt6c0cv9 a8nywdso i1ao9s8h esuyzwwr f1sip0of lzcic4wl gpro0wi8 py34i1dx\" tabindex=\"0\" role=\"link\" href=\"https:\/\/l.facebook.com\/l.php?u=https%3A%2F%2Fes.wikipedia.org%2Fwiki%2FAcker_Bilk%3Ffbclid%3DIwAR3WWH8uexuhWUjQ1nktmtOF21Qf1pvTKdJn7lK4KpZFU7X_MeIkxQQyXnw&amp;h=AT3pVQCKQ13teS7DSzkczwu3ZHffLJtodSKrlO3D-pywR0kTmBLwAD5WQXU8ni3nSD0yCurWMaIYM_nCC_5V12E-es2CCTW7NDcBsuXQ5P9-DD7lmBYK8Q3V75HNYQflp9n0&amp;__tn__=-UK-R&amp;c[0]=AT3nEeVmxrIqQSrVZ5CegiO5gznHJNOy4T1VZ08c56kT1Cjug3gUBfMXCzYxlS-b4tsBZaXYrPAZEEXTHczWAW0LzRdIwnNKs-5ElpHPw4NspGapkA_6NLRlVLuTjREOfXKE0aBKX0YBUYafC1Mj7mbph7nEcs-QjI5dYA\" target=\"_blank\" rel=\"nofollow noopener\">https:\/\/es.wikipedia.org\/wiki\/Acker_Bilk<\/a><\/div>\r\n<\/div>\r\n<div dir=\"auto\" style=\"text-align: justify;\">\u00a0<\/div>\r\n<p><iframe loading=\"lazy\" title=\"ACKER BILK\" width=\"618\" height=\"464\" src=\"https:\/\/www.youtube.com\/embed\/Tah8gQ9MZ78?feature=oembed\" frameborder=\"0\" allow=\"accelerometer; autoplay; clipboard-write; encrypted-media; gyroscope; picture-in-picture; web-share\" referrerpolicy=\"strict-origin-when-cross-origin\" allowfullscreen><\/iframe><\/p>\r\n<\/figure>\r\n<\/div>\r\n","protected":false},"excerpt":{"rendered":"<p>&nbsp; Nacimiento: 28 de enero de 1929 \u00a0 Fallecimiento: 2 de noviembre de 2014 \u00a0 Biograf\u00eda: \u00a0 En 1962 su tema instrumental &#8220;Stranger on the Shore&#8221; (Un extra\u00f1o en la playa) se convirti\u00f3 en el sencillo m\u00e1s vendido del a\u00f1o en el Reino Unido, manteni\u00e9ndose durante 50 semanas en las listas de \u00e9xitos brit\u00e1nicas. Alcanz\u00f3 &hellip;<\/p>\n","protected":false},"author":1,"featured_media":0,"parent":0,"menu_order":0,"comment_status":"open","ping_status":"closed","template":"","meta":{"footnotes":""},"class_list":["post-154","page","type-page","status-publish",""],"jetpack_sharing_enabled":true,"_links":{"self":[{"href":"http:\/\/mickyandoniehn.com\/radio\/wp-json\/wp\/v2\/pages\/154","targetHints":{"allow":["GET"]}}],"collection":[{"href":"http:\/\/mickyandoniehn.com\/radio\/wp-json\/wp\/v2\/pages"}],"about":[{"href":"http:\/\/mickyandoniehn.com\/radio\/wp-json\/wp\/v2\/types\/page"}],"author":[{"embeddable":true,"href":"http:\/\/mickyandoniehn.com\/radio\/wp-json\/wp\/v2\/users\/1"}],"replies":[{"embeddable":true,"href":"http:\/\/mickyandoniehn.com\/radio\/wp-json\/wp\/v2\/comments?post=154"}],"version-history":[{"count":4,"href":"http:\/\/mickyandoniehn.com\/radio\/wp-json\/wp\/v2\/pages\/154\/revisions"}],"predecessor-version":[{"id":69011,"href":"http:\/\/mickyandoniehn.com\/radio\/wp-json\/wp\/v2\/pages\/154\/revisions\/69011"}],"wp:attachment":[{"href":"http:\/\/mickyandoniehn.com\/radio\/wp-json\/wp\/v2\/media?parent=154"}],"curies":[{"name":"wp","href":"https:\/\/api.w.org\/{rel}","templated":true}]}}