{"id":139,"date":"2021-07-05T06:36:52","date_gmt":"2021-07-05T06:36:52","guid":{"rendered":"http:\/\/mickyandoniehn.com\/radio\/?page_id=139"},"modified":"2022-08-29T09:40:46","modified_gmt":"2022-08-29T15:40:46","slug":"lola-flores","status":"publish","type":"page","link":"http:\/\/mickyandoniehn.com\/radio\/lola-flores\/","title":{"rendered":"Lola Flores"},"content":{"rendered":"\r\n<div class=\"wp-block-image\">\r\n<figure class=\"aligncenter size-large\">\r\n<p style=\"text-align: justify;\"><img loading=\"lazy\" decoding=\"async\" class=\" wp-image-1623 aligncenter\" src=\"http:\/\/mickyandoniehn.com\/radio\/wp-content\/uploads\/2021\/10\/id-57-300x200.jpg\" alt=\"\" width=\"854\" height=\"569\" srcset=\"http:\/\/mickyandoniehn.com\/radio\/wp-content\/uploads\/2021\/10\/id-57-300x200.jpg 300w, http:\/\/mickyandoniehn.com\/radio\/wp-content\/uploads\/2021\/10\/id-57-768x512.jpg 768w, http:\/\/mickyandoniehn.com\/radio\/wp-content\/uploads\/2021\/10\/id-57.jpg 900w\" sizes=\"auto, (max-width: 854px) 100vw, 854px\" \/><\/p>\r\n<p>&nbsp;<\/p>\r\n<p style=\"text-align: justify;\"><strong>Fecha de Nacimiento:<\/strong> 21 de Enero de 1923<\/p>\r\n\r\n\r\n\r\n<p style=\"text-align: justify;\"><strong>Fecha de Fallecimiento:<\/strong> 16 de Mayo de 1995<\/p>\r\n<p style=\"text-align: justify;\"><strong>Biografia<\/strong><\/p>\r\n\r\n\r\n\r\n<p style=\"text-align: justify;\">Mar\u00eda Dolores Flores Ruiz, conocida art\u00edsticamente como Lola Flores y apodada la Faraona1\u200b (Jerez de la Frontera, C\u00e1diz, 21 de enero de 1923-Alcobendas, Madrid, 16 de mayo de 1995), fue una artista espa\u00f1ola polifac\u00e9tica, pues era cantante, bailaora de flamenco y actriz; figura de extraordinaria popularidad durante decenios en Espa\u00f1a y en Latinoam\u00e9rica.<\/p>\r\n\r\n\r\n\r\n<p style=\"text-align: justify;\">Cantante de copla que cuenta con cientos de grabaciones y canciones que han quedado en el recuerdo popular como himnos. Como bailaora enardeci\u00f3 a varias generaciones de distintos continentes. Como actriz interpret\u00f3 m\u00e1s de 35 pel\u00edculas, muchas de ellas ambientadas en el folclorismo andaluz, aunque tambi\u00e9n interpret\u00f3 rumbas y rancheras.2\u200b Fue una artista que se convirti\u00f3 en un s\u00edmbolo de una \u00e9poca de Espa\u00f1a3\u200b<\/p>\r\n\r\n\r\n\r\n<p style=\"text-align: justify;\">Con motivo de su actuaci\u00f3n en Nueva York, una cr\u00f3nica period\u00edstica escribi\u00f3: \u00abLola Flores, una artista espa\u00f1ola, no canta ni baila, pero no se la pierdan\u00bb.4\u200b Fue una de las primeras mujeres en la Espa\u00f1a de la posguerra en hablar libremente de temas considerados tab\u00fa como la violencia contra las mujeres, las relaciones extramatrimoniales o la prostituci\u00f3n.5\u200b<\/p>\r\n\r\n\r\n\r\n<p style=\"text-align: justify;\">Seg\u00fan las cr\u00f3nicas period\u00edsticas, entre el 16 y el 17 de mayo de 1995, pasaron por su capilla ardiente, situada en el Centro Cultural de la Villa de Madrid, m\u00e1s de 150 000 personas.<\/p>\r\n<p style=\"text-align: justify;\"><strong>Date of Birth:<\/strong> January 21, 1923<\/p>\r\n<p style=\"text-align: justify;\"><strong>Date of Death:<\/strong> May 16, 1995<\/p>\r\n<p style=\"text-align: justify;\"><strong>Biography<\/strong><\/p>\r\n<p style=\"text-align: justify;\">Mar\u00eda Dolores Flores Ruiz, known artistically as Lola Flores and nicknamed La Faraona1 (Jerez de la Frontera, C\u00e1diz, January 21, 1923-Alcobendas, Madrid, May 16, 1995), was a multifaceted Spanish artist, as she was a singer, flamenco dancer and actress; figure of extraordinary popularity for decades in Spain and Latin America.<\/p>\r\n<p style=\"text-align: justify;\">Copla singer who has hundreds of recordings and songs that have remained in popular memory as hymns. As a dancer, she inflamed several generations from different continents. As an actress, she performed more than 35 films, many of them set in Andalusian folklore, although she also performed rumbas and rancheras.2 She was an artist who became a symbol of an era in Spain3<\/p>\r\n<p style=\"text-align: justify;\">On the occasion of her performance in New York, a journalistic chronicle wrote: &#8220;Lola Flores, a Spanish artist, does not sing or dance, but do not miss her&#8221;.4 She was one of the first women in post-war Spain to speak freely from topics considered taboo such as violence against women, extramarital relationships or prostitution.5<\/p>\r\n<p style=\"text-align: justify;\">According to the journalistic chronicles, between May 16 and 17, 1995, more than 150,000 people passed through his burning chapel, located in the Cultural Center of the Villa de Madrid.<\/p>\r\n\r\n\r\n\r\n<p style=\"text-align: justify;\"><strong>Discograf\u00eda<\/strong><\/p>\r\n<table width=\"840\">\r\n<tbody>\r\n<tr>\r\n<td style=\"text-align: center;\" width=\"248\"><b>G\u00e9nero Flamenco y Copa<\/b><\/td>\r\n<td style=\"text-align: center;\" width=\"423\"><strong>Escuchar tema<\/strong><\/td>\r\n<td style=\"text-align: center;\" width=\"169\"><strong>A\u00f1o<\/strong><\/td>\r\n<\/tr>\r\n<tr>\r\n<td style=\"text-align: center;\">\u00a0<\/td>\r\n<td style=\"text-align: center;\"><strong>Canta Lola Flores<\/strong><\/td>\r\n<td style=\"text-align: center;\"><strong>1955<\/strong><\/td>\r\n<\/tr>\r\n<tr>\r\n<td>1<\/td>\r\n<td>La Lola Ya Est\u00e1 A Tu Vera<\/td>\r\n<td>\u00a0<\/td>\r\n<\/tr>\r\n<tr>\r\n<td>2<\/td>\r\n<td>Dolores, Ay! Mi Dolores!<\/td>\r\n<td>\u00a0<\/td>\r\n<\/tr>\r\n<tr>\r\n<td>3<\/td>\r\n<td>Ay! Espa\u00f1ol, Espa\u00f1a M\u00eda!<\/td>\r\n<td>\u00a0<\/td>\r\n<\/tr>\r\n<tr>\r\n<td>4<\/td>\r\n<td>Limosna De Amores<\/td>\r\n<td>\u00a0<\/td>\r\n<\/tr>\r\n<tr>\r\n<td>5<\/td>\r\n<td>Tanto Tienes, Tanto Vales<\/td>\r\n<td>\u00a0<\/td>\r\n<\/tr>\r\n<tr>\r\n<td>6<\/td>\r\n<td>\u00c9chale Guindas Al Pavo<\/td>\r\n<td>\u00a0<\/td>\r\n<\/tr>\r\n<tr>\r\n<td>7<\/td>\r\n<td>Nanita Ea<\/td>\r\n<td>\u00a0<\/td>\r\n<\/tr>\r\n<tr>\r\n<td>8<\/td>\r\n<td>Junto Al R\u00edo Magdalena<\/td>\r\n<td>\u00a0<\/td>\r\n<\/tr>\r\n<tr>\r\n<td>9<\/td>\r\n<td>A Tu Puerta<\/td>\r\n<td>\u00a0<\/td>\r\n<\/tr>\r\n<tr>\r\n<td>10<\/td>\r\n<td>La Veleta<\/td>\r\n<td>\u00a0<\/td>\r\n<\/tr>\r\n<tr>\r\n<td>11<\/td>\r\n<td>El Gran C\u00e9sar<\/td>\r\n<td>\u00a0<\/td>\r\n<\/tr>\r\n<tr>\r\n<td>12<\/td>\r\n<td>Maria Bonita<\/td>\r\n<td>\u00a0<\/td>\r\n<\/tr>\r\n<tr>\r\n<td>\u00a0<\/td>\r\n<td>\u00a0<\/td>\r\n<td>\u00a0<\/td>\r\n<\/tr>\r\n<tr>\r\n<td style=\"text-align: center;\">\u00a0<\/td>\r\n<td style=\"text-align: center;\"><strong>Ole!<\/strong><\/td>\r\n<td style=\"text-align: center;\"><strong>1957<\/strong><\/td>\r\n<\/tr>\r\n<tr>\r\n<td>1<\/td>\r\n<td>Angelitos Negros<\/td>\r\n<td>\u00a0<\/td>\r\n<\/tr>\r\n<tr>\r\n<td>2<\/td>\r\n<td>Mora Gitana<\/td>\r\n<td>\u00a0<\/td>\r\n<\/tr>\r\n<tr>\r\n<td>3<\/td>\r\n<td>Un Mundo Raro<\/td>\r\n<td>\u00a0<\/td>\r\n<\/tr>\r\n<tr>\r\n<td>4<\/td>\r\n<td>Espinita<\/td>\r\n<td>\u00a0<\/td>\r\n<\/tr>\r\n<tr>\r\n<td>5<\/td>\r\n<td>Algo De Espa\u00f1a<\/td>\r\n<td>\u00a0<\/td>\r\n<\/tr>\r\n<tr>\r\n<td>6<\/td>\r\n<td>Esto Es Sevilla<\/td>\r\n<td>\u00a0<\/td>\r\n<\/tr>\r\n<tr>\r\n<td>7<\/td>\r\n<td>Gitana Del Camino<\/td>\r\n<td>\u00a0<\/td>\r\n<\/tr>\r\n<tr>\r\n<td>8<\/td>\r\n<td>Tu Rica Boca<\/td>\r\n<td>\u00a0<\/td>\r\n<\/tr>\r\n<tr>\r\n<td>9<\/td>\r\n<td>Mi Ultimo Fracaso<\/td>\r\n<td>\u00a0<\/td>\r\n<\/tr>\r\n<tr>\r\n<td>10<\/td>\r\n<td>La Faraona<\/td>\r\n<td>\u00a0<\/td>\r\n<\/tr>\r\n<tr>\r\n<td>11<\/td>\r\n<td>Mil Besos<\/td>\r\n<td>\u00a0<\/td>\r\n<\/tr>\r\n<tr>\r\n<td>12<\/td>\r\n<td>Magdalena<\/td>\r\n<td>\u00a0<\/td>\r\n<\/tr>\r\n<tr>\r\n<td>\u00a0<\/td>\r\n<td>\u00a0<\/td>\r\n<td>\u00a0<\/td>\r\n<\/tr>\r\n<tr>\r\n<td style=\"text-align: center;\">\u00a0<\/td>\r\n<td style=\"text-align: center;\"><strong>The Toast of Spain<\/strong><\/td>\r\n<td>\u00a0<\/td>\r\n<\/tr>\r\n<tr>\r\n<td>1<\/td>\r\n<td>Lola De Espa\u00f1a<\/td>\r\n<td>\u00a0<\/td>\r\n<\/tr>\r\n<tr>\r\n<td>2<\/td>\r\n<td>Concha Veneno<\/td>\r\n<td>\u00a0<\/td>\r\n<\/tr>\r\n<tr>\r\n<td>3<\/td>\r\n<td>Tu Cartel Por Las Murallas<\/td>\r\n<td>\u00a0<\/td>\r\n<\/tr>\r\n<tr>\r\n<td>4<\/td>\r\n<td>Mi Pelo Negro<\/td>\r\n<td>\u00a0<\/td>\r\n<\/tr>\r\n<tr>\r\n<td>5<\/td>\r\n<td>Mi Embajadora<\/td>\r\n<td>\u00a0<\/td>\r\n<\/tr>\r\n<tr>\r\n<td>6<\/td>\r\n<td>V\u00e1lgame La Magdalena<\/td>\r\n<td>\u00a0<\/td>\r\n<\/tr>\r\n<tr>\r\n<td>7<\/td>\r\n<td>Venga Pronto El Volapie<\/td>\r\n<td>\u00a0<\/td>\r\n<\/tr>\r\n<tr>\r\n<td>8<\/td>\r\n<td>Remedios La De Montilla<\/td>\r\n<td>\u00a0<\/td>\r\n<\/tr>\r\n<tr>\r\n<td>9<\/td>\r\n<td>Gr\u00edtenme Piedras Del Campo<\/td>\r\n<td>\u00a0<\/td>\r\n<\/tr>\r\n<tr>\r\n<td>10<\/td>\r\n<td>Pa Su Pap\u00e1<\/td>\r\n<td>\u00a0<\/td>\r\n<\/tr>\r\n<tr>\r\n<td>11<\/td>\r\n<td>Me Serenaste<\/td>\r\n<td>\u00a0<\/td>\r\n<\/tr>\r\n<tr>\r\n<td>12<\/td>\r\n<td>Maldigo Tus Ojos Verdes<\/td>\r\n<td>\u00a0<\/td>\r\n<\/tr>\r\n<tr>\r\n<td>13<\/td>\r\n<td>Primis Player Placeholder<\/td>\r\n<td>\u00a0<\/td>\r\n<\/tr>\r\n<tr>\r\n<td>\u00a0<\/td>\r\n<td>\u00a0<\/td>\r\n<td>\u00a0<\/td>\r\n<\/tr>\r\n<\/tbody>\r\n<\/table>\r\n\r\n\r\n\r\n<p style=\"text-align: justify;\"><a href=\"https:\/\/es.wikipedia.org\/wiki\/Lola_Flores\">https:\/\/es.wikipedia.org\/wiki\/Lola_Flores<\/a><\/p>\r\n<p style=\"text-align: justify;\">\u00a0<\/p>\r\n<\/figure>\r\n<\/div>\r\n","protected":false},"excerpt":{"rendered":"<p>&nbsp; Fecha de Nacimiento: 21 de Enero de 1923 Fecha de Fallecimiento: 16 de Mayo de 1995 Biografia Mar\u00eda Dolores Flores Ruiz, conocida art\u00edsticamente como Lola Flores y apodada la Faraona1\u200b (Jerez de la Frontera, C\u00e1diz, 21 de enero de 1923-Alcobendas, Madrid, 16 de mayo de 1995), fue una artista espa\u00f1ola polifac\u00e9tica, pues era cantante, &hellip;<\/p>\n","protected":false},"author":1,"featured_media":0,"parent":0,"menu_order":0,"comment_status":"open","ping_status":"closed","template":"","meta":{"footnotes":""},"class_list":["post-139","page","type-page","status-publish",""],"jetpack_sharing_enabled":true,"_links":{"self":[{"href":"http:\/\/mickyandoniehn.com\/radio\/wp-json\/wp\/v2\/pages\/139","targetHints":{"allow":["GET"]}}],"collection":[{"href":"http:\/\/mickyandoniehn.com\/radio\/wp-json\/wp\/v2\/pages"}],"about":[{"href":"http:\/\/mickyandoniehn.com\/radio\/wp-json\/wp\/v2\/types\/page"}],"author":[{"embeddable":true,"href":"http:\/\/mickyandoniehn.com\/radio\/wp-json\/wp\/v2\/users\/1"}],"replies":[{"embeddable":true,"href":"http:\/\/mickyandoniehn.com\/radio\/wp-json\/wp\/v2\/comments?post=139"}],"version-history":[{"count":2,"href":"http:\/\/mickyandoniehn.com\/radio\/wp-json\/wp\/v2\/pages\/139\/revisions"}],"predecessor-version":[{"id":29230,"href":"http:\/\/mickyandoniehn.com\/radio\/wp-json\/wp\/v2\/pages\/139\/revisions\/29230"}],"wp:attachment":[{"href":"http:\/\/mickyandoniehn.com\/radio\/wp-json\/wp\/v2\/media?parent=139"}],"curies":[{"name":"wp","href":"https:\/\/api.w.org\/{rel}","templated":true}]}}