{"id":136,"date":"2021-07-05T06:36:11","date_gmt":"2021-07-05T06:36:11","guid":{"rendered":"http:\/\/mickyandoniehn.com\/radio\/?page_id=136"},"modified":"2022-08-29T09:42:26","modified_gmt":"2022-08-29T15:42:26","slug":"mac-davis","status":"publish","type":"page","link":"http:\/\/mickyandoniehn.com\/radio\/mac-davis\/","title":{"rendered":"Mac Davis"},"content":{"rendered":"\r\n<div class=\"wp-block-image\">\r\n<figure class=\"aligncenter size-large\">\r\n<p style=\"text-align: justify;\"><img loading=\"lazy\" decoding=\"async\" class=\" wp-image-1620 aligncenter\" src=\"http:\/\/mickyandoniehn.com\/radio\/wp-content\/uploads\/2021\/10\/id-56-232x300.jpg\" alt=\"\" width=\"516\" height=\"667\" \/><\/p>\r\n<p>&nbsp;<\/p>\r\n<p style=\"text-align: justify;\"><strong>Fecha de Nacimiento:<\/strong> 21 de enero de 1942<\/p>\r\n<p style=\"text-align: justify;\"><strong>Fecha de Fallecimiento:<\/strong> 29 de septiembre de 2020 (78 a\u00f1os)<\/p>\r\n<p style=\"text-align: justify;\"><strong>Biograf\u00eda<\/strong><\/p>\r\n<p style=\"text-align: justify;\">Fue un cantante, compositor y actor de m\u00fasica country estadounidense. Nacido en Lubbock, Texas , disfrut\u00f3 del \u00e9xito como artista crossover , y durante su carrera temprana escribi\u00f3 para Elvis Presley , proporcion\u00e1ndole los \u00e9xitos &#8221; Memories &#8220;, &#8221; In the Ghetto &#8220;, &#8221; Don&#8217;t Cry Daddy &#8220;. y &#8221; Un poco menos de conversaci\u00f3n &#8220;. Una carrera en solitario posterior en la d\u00e9cada de 1970 produjo \u00e9xitos como &#8221; Baby, Don&#8217;t Get Hooked on Me &#8220;. Davis tambi\u00e9n protagoniz\u00f3 su propio programa de variedades, un musical de Broadway, y varias pel\u00edculas y programas de televisi\u00f3n.<\/p>\r\n<p style=\"text-align: justify;\">Davis naci\u00f3 y se cri\u00f3 en Lubbock, Texas , hijo de Edith Irene (Lankford) y TJ Davis, un constructor. Pas\u00f3 sus a\u00f1os de infancia con su hermana Linda, viviendo y trabajando en el antiguo College Courts, un complejo de apartamentos de eficiencia propiedad de su padre.<\/p>\r\n<p style=\"text-align: justify;\">Davis describi\u00f3 a su padre, que estaba divorciado de la madre de Davis, como &#8220;muy religioso, muy estricto y muy terco&#8221;. Aunque Davis era f\u00edsicamente peque\u00f1o, ten\u00eda predilecci\u00f3n por meterse en peleas a pu\u00f1etazos. &#8220;En aquellos d\u00edas, todo se trataba de f\u00fatbol americano, rodeo y peleas a pu\u00f1etazos. Oh, hombre, me golpearon tanto mientras crec\u00eda en Lubbock&#8221;, dijo Davis en una entrevista del 2 de marzo de 2008 con Lubbock Avalanche. Peri\u00f3dico diario. &#8220;Med\u00eda 5 pies, 9 pulgadas y pesaba 125 libras., pero no le fue bien ni siquiera en mi divisi\u00f3n &#8220;. Davis se gradu\u00f3 a los 16 a\u00f1os de Lubbock High School y, buscando escapar de su ciudad natal, se mud\u00f3 a Atlanta donde viv\u00eda su madre.<\/p>\r\n<p style=\"text-align: justify;\"><strong>Wikipedia in English<\/strong><\/p>\r\n<p style=\"text-align: justify;\"><strong>Date of Birth:<\/strong> January 21, 1942<\/p>\r\n<p style=\"text-align: justify;\"><strong>Date of Died:<\/strong> September 29, 2020 (78 years old)<\/p>\r\n<p style=\"text-align: justify;\"><strong>Biography<\/strong><\/p>\r\n<p style=\"text-align: justify;\">He was an American country music singer, songwriter, and actor. Born in Lubbock, Texas, he enjoyed success as a crossover artist, and during his early career he wrote for Elvis Presley, providing him with the hits &#8220;Memories&#8221;, &#8220;In the Ghetto&#8221;, &#8220;Don&#8217;t Cry Daddy&#8221;. and &#8220;A Little Less Talk&#8221;. A subsequent solo career in the 1970s produced such hits as &#8220;Baby, Don&#8217;t Get Hooked on Me&#8221;. Davis also starred in his own variety show, a Broadway musical, and several movies and television shows.<\/p>\r\n<p style=\"text-align: justify;\">Davis was born and raised in Lubbock, Texas, the son of Edith Irene (Lankford) and TJ Davis, a builder. He spent his childhood years with his sister Linda, living and working in the old College Courts, an efficiency apartment complex owned by his father.<\/p>\r\n<p style=\"text-align: justify;\">Davis described his father, who was divorced from Davis&#8217;s mother, as &#8220;very religious, very strict and very stubborn.&#8221; Although Davis was physically small, he had a predilection for getting into fist fights. &#8220;Back in those days, it was all about football and rodeo and fist fights. Oh man, I got so beat up growing up in Lubbock,&#8221; Davis said in a March 2, 2008 interview with the Lubbock Avalanche. Daily newspaper. &#8220;He was 5-foot-9 and 125 pounds, but he didn&#8217;t do well even in my division.&#8221; Davis graduated at age 16 from Lubbock High School and, seeking to escape his hometown, moved to Atlanta where his mother lived.<\/p>\r\n<p style=\"text-align: justify;\"><strong>Discografia<\/strong><\/p>\r\n<table width=\"507\">\r\n<tbody>\r\n<tr>\r\n<td style=\"text-align: center;\" width=\"80\"><strong>G\u00e9nero Country<\/strong><\/td>\r\n<td style=\"text-align: center;\" width=\"307\"><strong>Escuchar Tema<\/strong><\/td>\r\n<td style=\"text-align: center;\" width=\"120\"><strong>A\u00f1o de Publicaci\u00f3n<\/strong><\/td>\r\n<\/tr>\r\n<tr>\r\n<td>\u00a0<\/td>\r\n<td>\u00a0<\/td>\r\n<td>\u00a0<\/td>\r\n<\/tr>\r\n<tr>\r\n<td>\u00a0<\/td>\r\n<td><strong>Album<\/strong><\/td>\r\n<td><strong>1970\u00a0<\/strong><\/td>\r\n<\/tr>\r\n<tr>\r\n<td style=\"text-align: center;\">\u00a0<\/td>\r\n<td style=\"text-align: center;\">\u00a0<\/td>\r\n<td style=\"text-align: center;\">\u00a0<\/td>\r\n<\/tr>\r\n<tr>\r\n<td>1<\/td>\r\n<td>pintor de canciones<\/td>\r\n<td>1970<\/td>\r\n<\/tr>\r\n<tr>\r\n<td>\u00a0<\/td>\r\n<td>\u00a0<\/td>\r\n<td>\u00a0<\/td>\r\n<\/tr>\r\n<tr>\r\n<td>2<\/td>\r\n<td>Creo en la m\u00fasica<\/td>\r\n<td>1971<\/td>\r\n<\/tr>\r\n<tr>\r\n<td>\u00a0<\/td>\r\n<td>\u00a0<\/td>\r\n<td>\u00a0<\/td>\r\n<\/tr>\r\n<tr>\r\n<td>3<\/td>\r\n<td>Beb\u00e9, no te enganches conmigo<\/td>\r\n<td>1972<\/td>\r\n<\/tr>\r\n<tr>\r\n<td>\u00a0<\/td>\r\n<td>\u00a0<\/td>\r\n<td>\u00a0<\/td>\r\n<\/tr>\r\n<tr>\r\n<td>4<\/td>\r\n<td>mac davis<\/td>\r\n<td>1973<\/td>\r\n<\/tr>\r\n<tr>\r\n<td>\u00a0<\/td>\r\n<td>\u00a0<\/td>\r\n<td>\u00a0<\/td>\r\n<\/tr>\r\n<tr>\r\n<td>5<\/td>\r\n<td>Parar y oler las rosas<\/td>\r\n<td>1974<\/td>\r\n<\/tr>\r\n<tr>\r\n<td>\u00a0<\/td>\r\n<td>\u00a0<\/td>\r\n<td>\u00a0<\/td>\r\n<\/tr>\r\n<tr>\r\n<td>6<\/td>\r\n<td>Todo el amor en el mundo<\/td>\r\n<td>1974<\/td>\r\n<\/tr>\r\n<tr>\r\n<td>\u00a0<\/td>\r\n<td>\u00a0<\/td>\r\n<td>\u00a0<\/td>\r\n<\/tr>\r\n<tr>\r\n<td>7<\/td>\r\n<td>Cosa ardiente<\/td>\r\n<td>1975<\/td>\r\n<\/tr>\r\n<tr>\r\n<td>\u00a0<\/td>\r\n<td>\u00a0<\/td>\r\n<td>\u00a0<\/td>\r\n<\/tr>\r\n<tr>\r\n<td>8<\/td>\r\n<td>Amantes de siempre<\/td>\r\n<td>1976<\/td>\r\n<\/tr>\r\n<tr>\r\n<td>\u00a0<\/td>\r\n<td>\u00a0<\/td>\r\n<td>\u00a0<\/td>\r\n<\/tr>\r\n<tr>\r\n<td>9<\/td>\r\n<td>Trueno en la tarde<\/td>\r\n<td>1977<\/td>\r\n<\/tr>\r\n<tr>\r\n<td>\u00a0<\/td>\r\n<td>\u00a0<\/td>\r\n<td>\u00a0<\/td>\r\n<\/tr>\r\n<tr>\r\n<td>10<\/td>\r\n<td>Fantas\u00eda<\/td>\r\n<td>1978<\/td>\r\n<\/tr>\r\n<tr>\r\n<td>\u00a0<\/td>\r\n<td>\u00a0<\/td>\r\n<td>\u00a0<\/td>\r\n<\/tr>\r\n<tr>\r\n<td>\u00a0<\/td>\r\n<td>\u00a0<\/td>\r\n<td>\u00a0<\/td>\r\n<\/tr>\r\n<tr>\r\n<td style=\"text-align: center;\">\u00a0<\/td>\r\n<td style=\"text-align: center;\"><strong>Album<\/strong><\/td>\r\n<td style=\"text-align: center;\"><strong>1982 y 1990\u00a0<\/strong><\/td>\r\n<\/tr>\r\n<tr>\r\n<td>\u00a0<\/td>\r\n<td>\u00a0<\/td>\r\n<td>\u00a0<\/td>\r\n<\/tr>\r\n<tr>\r\n<td>\u00a0<\/td>\r\n<td>\u00a0<\/td>\r\n<td>\u00a0<\/td>\r\n<\/tr>\r\n<tr>\r\n<td>1<\/td>\r\n<td>Es dif\u00edcil ser humilde<\/td>\r\n<td>1980<\/td>\r\n<\/tr>\r\n<tr>\r\n<td>\u00a0<\/td>\r\n<td>\u00a0<\/td>\r\n<td>\u00a0<\/td>\r\n<\/tr>\r\n<tr>\r\n<td>2<\/td>\r\n<td>Texas en mi espejo retrovisor<\/td>\r\n<td>1980<\/td>\r\n<\/tr>\r\n<tr>\r\n<td>\u00a0<\/td>\r\n<td>\u00a0<\/td>\r\n<td>\u00a0<\/td>\r\n<\/tr>\r\n<tr>\r\n<td>3<\/td>\r\n<td>Loco de medianoche<\/td>\r\n<td>1981<\/td>\r\n<\/tr>\r\n<tr>\r\n<td>\u00a0<\/td>\r\n<td>\u00a0<\/td>\r\n<td>\u00a0<\/td>\r\n<\/tr>\r\n<tr>\r\n<td>4<\/td>\r\n<td>cuarenta 82<\/td>\r\n<td>1982<\/td>\r\n<\/tr>\r\n<tr>\r\n<td>\u00a0<\/td>\r\n<td>\u00a0<\/td>\r\n<td>\u00a0<\/td>\r\n<\/tr>\r\n<tr>\r\n<td>5<\/td>\r\n<td>quien te ama<\/td>\r\n<td>1983<\/td>\r\n<\/tr>\r\n<tr>\r\n<td>\u00a0<\/td>\r\n<td>\u00a0<\/td>\r\n<td>\u00a0<\/td>\r\n<\/tr>\r\n<tr>\r\n<td>6<\/td>\r\n<td>Charla suave<\/td>\r\n<td>1984<\/td>\r\n<\/tr>\r\n<tr>\r\n<td>\u00a0<\/td>\r\n<td>\u00a0<\/td>\r\n<td>\u00a0<\/td>\r\n<\/tr>\r\n<tr>\r\n<td>7<\/td>\r\n<td>Hasta que lo logr\u00e9 contigo<\/td>\r\n<td>1985<\/td>\r\n<\/tr>\r\n<tr>\r\n<td>\u00a0<\/td>\r\n<td>\u00a0<\/td>\r\n<td>\u00a0<\/td>\r\n<\/tr>\r\n<tr>\r\n<td>8<\/td>\r\n<td>En alg\u00fan lugar de Am\u00e9rica<\/td>\r\n<td>1986<\/td>\r\n<\/tr>\r\n<tr>\r\n<td>\u00a0<\/td>\r\n<td>\u00a0<\/td>\r\n<td>\u00a0<\/td>\r\n<\/tr>\r\n<tr>\r\n<td>9<\/td>\r\n<td>Escribir\u00e1 canciones para la comida<\/td>\r\n<td>1994<\/td>\r\n<\/tr>\r\n<tr>\r\n<td>\u00a0<\/td>\r\n<td>\u00a0<\/td>\r\n<td>\u00a0<\/td>\r\n<\/tr>\r\n<tr>\r\n<td style=\"text-align: center;\">\u00a0<\/td>\r\n<td style=\"text-align: center;\"><b>\u00c1lbum<\/b><\/td>\r\n<td>\u00a0<\/td>\r\n<\/tr>\r\n<tr>\r\n<td>\u00a0<\/td>\r\n<td>\u00a0<\/td>\r\n<td>\u00a0<\/td>\r\n<\/tr>\r\n<tr>\r\n<td>1<\/td>\r\n<td>La colecci\u00f3n Mac Davis<\/td>\r\n<td>1979<\/td>\r\n<\/tr>\r\n<tr>\r\n<td>\u00a0<\/td>\r\n<td>\u00a0<\/td>\r\n<td>\u00a0<\/td>\r\n<\/tr>\r\n<tr>\r\n<td>2<\/td>\r\n<td>Grandes Exitos<\/td>\r\n<td>1979<\/td>\r\n<\/tr>\r\n<tr>\r\n<td>\u00a0<\/td>\r\n<td>\u00a0<\/td>\r\n<td>\u00a0<\/td>\r\n<\/tr>\r\n<tr>\r\n<td>3<\/td>\r\n<td>Lo mejor y m\u00e1s<\/td>\r\n<td>1984<\/td>\r\n<\/tr>\r\n<tr>\r\n<td>\u00a0<\/td>\r\n<td>\u00a0<\/td>\r\n<td>\u00a0<\/td>\r\n<\/tr>\r\n<tr>\r\n<td>4<\/td>\r\n<td>Lo mejor de Mac Davis<\/td>\r\n<td>2000<\/td>\r\n<\/tr>\r\n<tr>\r\n<td>\u00a0<\/td>\r\n<td>\u00a0<\/td>\r\n<td>\u00a0<\/td>\r\n<\/tr>\r\n<tr>\r\n<td>5<\/td>\r\n<td>Maestros del siglo XX:<\/td>\r\n<td>2006<\/td>\r\n<\/tr>\r\n<tr>\r\n<td>6<\/td>\r\n<td>la colecci\u00f3n Millennium<\/td>\r\n<td>\u00a0<\/td>\r\n<\/tr>\r\n<tr>\r\n<td>\u00a0<\/td>\r\n<td>Lo mejor de Mac Davis<\/td>\r\n<td>2007<\/td>\r\n<\/tr>\r\n<tr>\r\n<td>7<\/td>\r\n<td>(reedici\u00f3n del \u00e1lbum Razor &amp; Tie de 2000)<\/td>\r\n<td>\u00a0<\/td>\r\n<\/tr>\r\n<tr>\r\n<td>8<\/td>\r\n<td>Un poco m\u00e1s de acci\u00f3n, por favor:<\/td>\r\n<td>2013<\/td>\r\n<\/tr>\r\n<tr>\r\n<td>9<\/td>\r\n<td>la antolog\u00eda 1970-1985<\/td>\r\n<td>\u00a0<\/td>\r\n<\/tr>\r\n<tr>\r\n<td>10<\/td>\r\n<td>Dif\u00edcil de ser humilde: lo mejor de Mac Davis<\/td>\r\n<td>2013<\/td>\r\n<\/tr>\r\n<tr>\r\n<td>\u00a0<\/td>\r\n<td>\u00a0<\/td>\r\n<td>\u00a0<\/td>\r\n<\/tr>\r\n<tr>\r\n<td>\u00a0<\/td>\r\n<td>\u00a0<\/td>\r\n<td>\u00a0<\/td>\r\n<\/tr>\r\n<tr>\r\n<td style=\"text-align: center;\">\u00a0<\/td>\r\n<td style=\"text-align: center;\"><strong>Soltero<\/strong><\/td>\r\n<td>\u00a0<\/td>\r\n<\/tr>\r\n<tr>\r\n<td>\u00a0<\/td>\r\n<td>\u00a0<\/td>\r\n<td>\u00a0<\/td>\r\n<\/tr>\r\n<tr>\r\n<td>1<\/td>\r\n<td>&#8220;Soy un pobre perdedor&#8221;<\/td>\r\n<td>1962<\/td>\r\n<\/tr>\r\n<tr>\r\n<td>2<\/td>\r\n<td>&#8220;Un peque\u00f1o pueblo holand\u00e9s&#8221;<\/td>\r\n<td>1963<\/td>\r\n<\/tr>\r\n<tr>\r\n<td>3<\/td>\r\n<td>&#8220;Amor dulce&#8221;<\/td>\r\n<td>\u00a0<\/td>\r\n<\/tr>\r\n<tr>\r\n<td>4<\/td>\r\n<td>&#8220;Enrolle&#8221;<\/td>\r\n<td>1965<\/td>\r\n<\/tr>\r\n<tr>\r\n<td>5<\/td>\r\n<td>&#8220;Recuerdos&#8221;<\/td>\r\n<td>1968<\/td>\r\n<\/tr>\r\n<tr>\r\n<td>6<\/td>\r\n<td>&#8220;Quien encuentre esto, te amo&#8221;<\/td>\r\n<td>1970<\/td>\r\n<\/tr>\r\n<tr>\r\n<td>7<\/td>\r\n<td>&#8220;Te pintar\u00e9 una canci\u00f3n&#8221;<\/td>\r\n<td>\u00a0<\/td>\r\n<\/tr>\r\n<tr>\r\n<td>8<\/td>\r\n<td>&#8221;\u00a0Creo en la m\u00fasica\u00a0&#8220;<\/td>\r\n<td>\u00a0<\/td>\r\n<\/tr>\r\n<tr>\r\n<td>9<\/td>\r\n<td>&#8220;Empezando a sentir el dolor&#8221;<\/td>\r\n<td>1971<\/td>\r\n<\/tr>\r\n<tr>\r\n<td>10<\/td>\r\n<td>&#8221;\u00a0Nena, no te enganches conmigo\u00a0&#8220;<\/td>\r\n<td>1972<\/td>\r\n<\/tr>\r\n<tr>\r\n<td>11<\/td>\r\n<td>&#8220;Todo el mundo ama una canci\u00f3n de amor&#8221;<\/td>\r\n<td>\u00a0<\/td>\r\n<\/tr>\r\n<tr>\r\n<td>12<\/td>\r\n<td>&#8220;Su\u00e9\u00f1ame a casa&#8221;<\/td>\r\n<td>1973<\/td>\r\n<\/tr>\r\n<tr>\r\n<td>13<\/td>\r\n<td>&#8220;Tu lado de la cama&#8221;<\/td>\r\n<td>\u00a0<\/td>\r\n<\/tr>\r\n<tr>\r\n<td>14<\/td>\r\n<td>&#8220;B\u00e9salo y hazlo mejor&#8221;<\/td>\r\n<td>\u00a0<\/td>\r\n<\/tr>\r\n<tr>\r\n<td>15<\/td>\r\n<td>&#8221;\u00a0Un infierno de mujer\u00a0&#8220;<\/td>\r\n<td>1974<\/td>\r\n<\/tr>\r\n<tr>\r\n<td>16<\/td>\r\n<td>&#8221;\u00a0Detente y huele las rosas\u00a0&#8220;<\/td>\r\n<td>\u00a0<\/td>\r\n<\/tr>\r\n<tr>\r\n<td>17<\/td>\r\n<td>&#8221;\u00a0Rock &#8216;N&#8217; Roll (Te di los mejores a\u00f1os de mi vida)\u00a0&#8220;<\/td>\r\n<td>1975<\/td>\r\n<\/tr>\r\n<tr>\r\n<td>18<\/td>\r\n<td>&#8220;(Si le sumas) todo el amor del mundo&#8221;<\/td>\r\n<td>\u00a0<\/td>\r\n<\/tr>\r\n<tr>\r\n<td>19<\/td>\r\n<td>&#8220;Cosa ardiente&#8221;<\/td>\r\n<td>\u00a0<\/td>\r\n<\/tr>\r\n<tr>\r\n<td>20<\/td>\r\n<td>&#8220;Todav\u00eda te amo (todav\u00eda me amas)&#8221;<\/td>\r\n<td>\u00a0<\/td>\r\n<\/tr>\r\n<tr>\r\n<td>21<\/td>\r\n<td>&#8220;Amantes de siempre&#8221;<\/td>\r\n<td>1976<\/td>\r\n<\/tr>\r\n<tr>\r\n<td>22<\/td>\r\n<td>&#8220;De vez en cuando&#8221;<\/td>\r\n<td>\u00a0<\/td>\r\n<\/tr>\r\n<tr>\r\n<td>23<\/td>\r\n<td>&#8220;Recogiendo los pedazos de mi vida&#8221;<\/td>\r\n<td>1977<\/td>\r\n<\/tr>\r\n<tr>\r\n<td>24<\/td>\r\n<td>&#8220;M\u00fasica en mi vida&#8221;<\/td>\r\n<td>1978<\/td>\r\n<\/tr>\r\n<tr>\r\n<td>\u00a0<\/td>\r\n<td>\u00a0<\/td>\r\n<td>\u00a0<\/td>\r\n<\/tr>\r\n<tr>\r\n<td>1<\/td>\r\n<td>&#8221;\u00a0Es dif\u00edcil ser humilde\u00a0&#8220;<\/td>\r\n<td>1980<\/td>\r\n<\/tr>\r\n<tr>\r\n<td>2<\/td>\r\n<td>&#8220;Manteng\u00e1moslo de esa manera&#8221;<\/td>\r\n<td>\u00a0<\/td>\r\n<\/tr>\r\n<tr>\r\n<td>3<\/td>\r\n<td>&#8220;Texas en mi espejo retrovisor&#8221;<\/td>\r\n<td>\u00a0<\/td>\r\n<\/tr>\r\n<tr>\r\n<td>4<\/td>\r\n<td>&#8220;Enganchado a la m\u00fasica&#8221;<\/td>\r\n<td>1981<\/td>\r\n<\/tr>\r\n<tr>\r\n<td>5<\/td>\r\n<td>&#8220;Misterios&#8221;<\/td>\r\n<td>\u00a0<\/td>\r\n<\/tr>\r\n<tr>\r\n<td>6<\/td>\r\n<td>&#8220;Eres mi mejor amigo&#8221;<\/td>\r\n<td>\u00a0<\/td>\r\n<\/tr>\r\n<tr>\r\n<td>7<\/td>\r\n<td>&#8220;Payaso de rodeo&#8221;<\/td>\r\n<td>1980<\/td>\r\n<\/tr>\r\n<tr>\r\n<td>8<\/td>\r\n<td>&#8220;La canci\u00f3n para beber cerveza&#8221;<\/td>\r\n<td>\u00a0<\/td>\r\n<\/tr>\r\n<tr>\r\n<td>9<\/td>\r\n<td>&#8220;Tumbado aqu\u00ed mintiendo&#8221;<\/td>\r\n<td>\u00a0<\/td>\r\n<\/tr>\r\n<tr>\r\n<td>10<\/td>\r\n<td>&#8220;Sobre todo&#8221;<\/td>\r\n<td>1984<\/td>\r\n<\/tr>\r\n<tr>\r\n<td>11<\/td>\r\n<td>&#8220;Caroline todav\u00eda est\u00e1 en Georgia&#8221;<\/td>\r\n<td>\u00a0<\/td>\r\n<\/tr>\r\n<tr>\r\n<td>12<\/td>\r\n<td>&#8221;\u00a0Nunca hice el amor (hasta que lo hice contigo)\u00a0&#8220;<\/td>\r\n<td>1985<\/td>\r\n<\/tr>\r\n<tr>\r\n<td>13<\/td>\r\n<td>&#8220;Siento que el pa\u00eds me llama&#8221;<\/td>\r\n<td>\u00a0<\/td>\r\n<\/tr>\r\n<tr>\r\n<td>14<\/td>\r\n<td>&#8220;Chica joven sexy&#8221;<\/td>\r\n<td>1986<\/td>\r\n<\/tr>\r\n<tr>\r\n<td>15<\/td>\r\n<td>&#8220;En alg\u00fan lugar de Am\u00e9rica&#8221;<\/td>\r\n<td>\u00a0<\/td>\r\n<\/tr>\r\n<tr>\r\n<td>\u00a0<\/td>\r\n<td>\u00a0<\/td>\r\n<td>\u00a0<\/td>\r\n<\/tr>\r\n<\/tbody>\r\n<\/table>\r\n<p style=\"text-align: justify;\">\u00a0<\/p>\r\n<p style=\"text-align: justify;\"><a href=\"https:\/\/en.wikipedia.org\/wiki\/Mac_Davis?fbclid=IwAR2Vzux8ytnxZjUqmB4XQLXZgFRr5qaAF4SiF6ccABRy1_WAiLIrOfj62i8\">https:\/\/en.wikipedia.org\/wiki\/Mac_Davis<\/a><\/p>\r\n<p><iframe loading=\"lazy\" title=\"Mac Davis\" width=\"618\" height=\"464\" src=\"https:\/\/www.youtube.com\/embed\/-MiTZudz-VI?feature=oembed\" frameborder=\"0\" allow=\"accelerometer; autoplay; clipboard-write; encrypted-media; gyroscope; picture-in-picture; web-share\" referrerpolicy=\"strict-origin-when-cross-origin\" allowfullscreen><\/iframe><\/p>\r\n<\/figure>\r\n<\/div>\r\n","protected":false},"excerpt":{"rendered":"<p>&nbsp; Fecha de Nacimiento: 21 de enero de 1942 Fecha de Fallecimiento: 29 de septiembre de 2020 (78 a\u00f1os) Biograf\u00eda Fue un cantante, compositor y actor de m\u00fasica country estadounidense. Nacido en Lubbock, Texas , disfrut\u00f3 del \u00e9xito como artista crossover , y durante su carrera temprana escribi\u00f3 para Elvis Presley , proporcion\u00e1ndole los \u00e9xitos &hellip;<\/p>\n","protected":false},"author":1,"featured_media":0,"parent":0,"menu_order":0,"comment_status":"open","ping_status":"closed","template":"","meta":{"footnotes":""},"class_list":["post-136","page","type-page","status-publish",""],"jetpack_sharing_enabled":true,"_links":{"self":[{"href":"http:\/\/mickyandoniehn.com\/radio\/wp-json\/wp\/v2\/pages\/136","targetHints":{"allow":["GET"]}}],"collection":[{"href":"http:\/\/mickyandoniehn.com\/radio\/wp-json\/wp\/v2\/pages"}],"about":[{"href":"http:\/\/mickyandoniehn.com\/radio\/wp-json\/wp\/v2\/types\/page"}],"author":[{"embeddable":true,"href":"http:\/\/mickyandoniehn.com\/radio\/wp-json\/wp\/v2\/users\/1"}],"replies":[{"embeddable":true,"href":"http:\/\/mickyandoniehn.com\/radio\/wp-json\/wp\/v2\/comments?post=136"}],"version-history":[{"count":2,"href":"http:\/\/mickyandoniehn.com\/radio\/wp-json\/wp\/v2\/pages\/136\/revisions"}],"predecessor-version":[{"id":29233,"href":"http:\/\/mickyandoniehn.com\/radio\/wp-json\/wp\/v2\/pages\/136\/revisions\/29233"}],"wp:attachment":[{"href":"http:\/\/mickyandoniehn.com\/radio\/wp-json\/wp\/v2\/media?parent=136"}],"curies":[{"name":"wp","href":"https:\/\/api.w.org\/{rel}","templated":true}]}}