{"id":130,"date":"2021-07-05T06:35:03","date_gmt":"2021-07-05T06:35:03","guid":{"rendered":"http:\/\/mickyandoniehn.com\/radio\/?page_id=130"},"modified":"2022-08-29T09:37:20","modified_gmt":"2022-08-29T15:37:20","slug":"dolly-parton","status":"publish","type":"page","link":"http:\/\/mickyandoniehn.com\/radio\/dolly-parton\/","title":{"rendered":"Dolly Parton"},"content":{"rendered":"\r\n<div class=\"wp-block-image\">\r\n<figure class=\"aligncenter size-large\">\r\n<p style=\"text-align: justify;\"><img loading=\"lazy\" decoding=\"async\" class=\" wp-image-1611 aligncenter\" src=\"http:\/\/mickyandoniehn.com\/radio\/wp-content\/uploads\/2021\/10\/id-53-225x300.jpg\" alt=\"\" width=\"583\" height=\"777\" srcset=\"http:\/\/mickyandoniehn.com\/radio\/wp-content\/uploads\/2021\/10\/id-53-225x300.jpg 225w, http:\/\/mickyandoniehn.com\/radio\/wp-content\/uploads\/2021\/10\/id-53.jpg 460w\" sizes=\"auto, (max-width: 583px) 100vw, 583px\" \/><\/p>\r\n<p>&nbsp;<\/p>\r\n<p style=\"text-align: justify;\"><strong>Fecha de Nacimiento:<\/strong> 19 de Enero de 1946<\/p>\r\n\r\n\r\n\r\n<p style=\"text-align: justify;\"><b>Biografia<\/b><\/p>\r\n\r\n\r\n\r\n<p style=\"text-align: justify;\">Es una cantante, compositora, actriz, productora, escritora, fil\u00e1ntropa y empresaria estadounidense. Est\u00e1 considerada como una de las mejores cantantes de la musica country,\u200b as\u00ed como una de las principales figuras art\u00edsticas de este g\u00e9nero. Durante m\u00e1s de cuatro d\u00e9cadas, ha sido reconocida su faceta innovadora, en particular por sus trabajos de las d\u00e9cadas de 1970 y 1980 y por su peculiar voz; se hace referencia a ella frecuentemente como \u00abla Reina del country\u00bb.<\/p>\r\n\r\n\r\n\r\n<p style=\"text-align: justify;\">A pesar de haber lanzado un \u00e1lbum (Hello, I&#8217;m Dolly) y varios sencillos antes, Parton consigui\u00f3 notoriedad a finales de 1967, cuando se uni\u00f3 al programa de televisi\u00f3n presentado por el m\u00fasico Porter Wagoner.\u200b Junto a Wagoner, form\u00f3 una de las parejas de compositores m\u00e1s exitosas del siglo XX, reconocida como la m\u00e1s comercialmente exitosa y cr\u00edticamente aclamada en la historia de la m\u00fasica country. Cuando el d\u00fao comenz\u00f3 a desintegrarse hasta su disoluci\u00f3n en 1976, Parton solidific\u00f3 su carrera como solista, marcada por varios \u00e1lbumes aclamados por la cr\u00edtica, incluyendo Jolene y All I Can Do, y canciones de iconos como \u00abJolene\u00bb y \u00abI Will Always Love You\u00bb. Esta \u00faltima alcanzar\u00eda \u00e9xito planetario dos d\u00e9cadas despu\u00e9s, interpretada por Whitney Houston.<\/p>\r\n\r\n\r\n\r\n<p style=\"text-align: justify;\">Despu\u00e9s de dispares \u00e9xitos comerciales a lo largo de toda la d\u00e9cada de 1990, Parton confundi\u00f3 tanto a los cr\u00edticos como a sus seguidores con el disco The Grass Is Blue, el primero de una trilog\u00eda de \u00e1lbumes de blue grass que lanz\u00f3 bajo el respaldo del sello independiente Sugar Hill Records entre 1999 y 2002. Todos estos \u00e1lbumes entraron en el Top 10 brit\u00e1nico, adem\u00e1s de que recibieron elogios de la cr\u00edtica.<\/p>\r\n<p style=\"text-align: justify;\"><strong>Date of Birth:<\/strong> January 19, 1946<\/p>\r\n<p style=\"text-align: justify;\"><b>Biography<\/b><\/p>\r\n<p style=\"text-align: justify;\">She is an American singer, songwriter, actress, producer, writer, philanthropist, and businesswoman. She is considered one of the best singers in country music, as well as one of the main artistic figures of this genre. For more than four decades, his innovative facet has been recognized, in particular for his works from the 1970s and 1980s and for his peculiar voice; She is frequently referred to as &#8220;the Queen of Country&#8221;.<\/p>\r\n<p style=\"text-align: justify;\">Despite having released an album (Hello, I&#8217;m Dolly) and several singles before, Parton gained notoriety in late 1967, when she joined the television show hosted by musician Porter Wagoner. Along with Wagoner, she formed a the most successful songwriting pairings of the 20th century, recognized as the most commercially successful and critically acclaimed in country music history. As the duo began to disintegrate until disbanding in 1976, Parton solidified her solo career, marked by several critically acclaimed albums, including Jolene and All I Can Do, and iconic songs such as &#8220;Jolene&#8221; and &#8220;I Will Always Love.&#8221; You\u00bb. The latter would achieve planetary success two decades later, played by Whitney Houston.<\/p>\r\n<p style=\"text-align: justify;\">After mixed commercial success throughout the 1990s, Parton confounded critics and fans a like with The Grass Is Blue, the first in a trilogy of bluegrass albums she released under label backing. independent Sugar Hill Records between 1999 and 2002. All of these albums entered the UK Top 10, as well as receiving critical acclaim.<\/p>\r\n\r\n\r\n\r\n<p style=\"text-align: justify;\"><strong>Discograf\u00eda<\/strong><\/p>\r\n\r\n\r\n\r\n<table width=\"467\">\r\n<tbody>\r\n<tr>\r\n<td style=\"text-align: center;\" width=\"80\"><strong>G\u00e9nero Country<\/strong><\/td>\r\n<td style=\"text-align: center;\" width=\"307\"><strong>Escuchar Tema<\/strong><\/td>\r\n<td style=\"text-align: center;\" width=\"80\"><strong>A\u00f1o de Publicaci\u00f3n<\/strong><\/td>\r\n<\/tr>\r\n<tr>\r\n<td>\u00a0<\/td>\r\n<td>\u00a0<\/td>\r\n<td>\u00a0<\/td>\r\n<\/tr>\r\n<tr>\r\n<td>1<\/td>\r\n<td>Hello, I&#8217;m Dolly<\/td>\r\n<td>1967<\/td>\r\n<\/tr>\r\n<tr>\r\n<td>2<\/td>\r\n<td>Just Because I&#8217;m a Woman<\/td>\r\n<td>1968<\/td>\r\n<\/tr>\r\n<tr>\r\n<td>3<\/td>\r\n<td>In the Good Old Days (When Times Were Bad)<\/td>\r\n<td>1969<\/td>\r\n<\/tr>\r\n<tr>\r\n<td>4<\/td>\r\n<td>My Blue Ridge Mountain Boy<\/td>\r\n<td>1969<\/td>\r\n<\/tr>\r\n<tr>\r\n<td>5<\/td>\r\n<td>The Fairest of Them All<\/td>\r\n<td>1970<\/td>\r\n<\/tr>\r\n<tr>\r\n<td>6<\/td>\r\n<td>Joshua<\/td>\r\n<td>1971<\/td>\r\n<\/tr>\r\n<tr>\r\n<td>7<\/td>\r\n<td>Golden Streets of Glory<\/td>\r\n<td>1971<\/td>\r\n<\/tr>\r\n<tr>\r\n<td>8<\/td>\r\n<td>Coat of Many Colors<\/td>\r\n<td>1971<\/td>\r\n<\/tr>\r\n<tr>\r\n<td>9<\/td>\r\n<td>Here You Come Again<\/td>\r\n<td>1977<\/td>\r\n<\/tr>\r\n<tr>\r\n<td>10<\/td>\r\n<td>Heartbreaker<\/td>\r\n<td>1978<\/td>\r\n<\/tr>\r\n<tr>\r\n<td>11<\/td>\r\n<td>Great Balls of Fire<\/td>\r\n<td>1979<\/td>\r\n<\/tr>\r\n<tr>\r\n<td>12<\/td>\r\n<td>Dolly, Dolly, Dolly<\/td>\r\n<td>1980<\/td>\r\n<\/tr>\r\n<tr>\r\n<td>13<\/td>\r\n<td>9 to 5 and Odd Jobs<\/td>\r\n<td>1980<\/td>\r\n<\/tr>\r\n<tr>\r\n<td>14<\/td>\r\n<td>Heartbreak Express<\/td>\r\n<td>1982<\/td>\r\n<\/tr>\r\n<tr>\r\n<td>15<\/td>\r\n<td>Burlap &amp; Satin<\/td>\r\n<td>1983<\/td>\r\n<\/tr>\r\n<tr>\r\n<td>16<\/td>\r\n<td>The Great Pretender<\/td>\r\n<td>1984<\/td>\r\n<\/tr>\r\n<tr>\r\n<td>17<\/td>\r\n<td>Real Love<\/td>\r\n<td>1985<\/td>\r\n<\/tr>\r\n<tr>\r\n<td>18<\/td>\r\n<td>Rainbow<\/td>\r\n<td>1987<\/td>\r\n<\/tr>\r\n<tr>\r\n<td>19<\/td>\r\n<td>White Limozeen<\/td>\r\n<td>1989<\/td>\r\n<\/tr>\r\n<tr>\r\n<td>20<\/td>\r\n<td>Eagle When She Flies<\/td>\r\n<td>1991<\/td>\r\n<\/tr>\r\n<tr>\r\n<td>21<\/td>\r\n<td>Slow Dancing with the Moon<\/td>\r\n<td>1993<\/td>\r\n<\/tr>\r\n<tr>\r\n<td>22<\/td>\r\n<td>Something Special<\/td>\r\n<td>1996<\/td>\r\n<\/tr>\r\n<tr>\r\n<td>23<\/td>\r\n<td>Treasures<\/td>\r\n<td>1996<\/td>\r\n<\/tr>\r\n<tr>\r\n<td>24<\/td>\r\n<td>Hungry Again<\/td>\r\n<td>1998<\/td>\r\n<\/tr>\r\n<tr>\r\n<td>25<\/td>\r\n<td>The Grass Is Blue<\/td>\r\n<td>1999<\/td>\r\n<\/tr>\r\n<tr>\r\n<td>26<\/td>\r\n<td>Little Sparrow<\/td>\r\n<td>2001<\/td>\r\n<\/tr>\r\n<tr>\r\n<td>27<\/td>\r\n<td>Halos &amp; Horns<\/td>\r\n<td>2002<\/td>\r\n<\/tr>\r\n<tr>\r\n<td>28<\/td>\r\n<td>For God and Country<\/td>\r\n<td>2003<\/td>\r\n<\/tr>\r\n<tr>\r\n<td>29<\/td>\r\n<td>Those Were the Days<\/td>\r\n<td>2005<\/td>\r\n<\/tr>\r\n<tr>\r\n<td>30<\/td>\r\n<td>Backwoods Barbie<\/td>\r\n<td>2008<\/td>\r\n<\/tr>\r\n<tr>\r\n<td>31<\/td>\r\n<td>Better Day<\/td>\r\n<td>2011<\/td>\r\n<\/tr>\r\n<tr>\r\n<td>32<\/td>\r\n<td>Blue Smoke<\/td>\r\n<td>2014<\/td>\r\n<\/tr>\r\n<tr>\r\n<td>\u00a0<\/td>\r\n<td>\u00a0<\/td>\r\n<td>\u00a0<\/td>\r\n<\/tr>\r\n<\/tbody>\r\n<\/table>\r\n<p>&nbsp;<\/p>\r\n<p><iframe loading=\"lazy\" title=\"DOLLY PARTON\" width=\"618\" height=\"464\" src=\"https:\/\/www.youtube.com\/embed\/J3yhrGlrokM?feature=oembed\" frameborder=\"0\" allow=\"accelerometer; autoplay; clipboard-write; encrypted-media; gyroscope; picture-in-picture; web-share\" referrerpolicy=\"strict-origin-when-cross-origin\" allowfullscreen><\/iframe><\/p>\r\n<\/figure>\r\n<\/div>\r\n","protected":false},"excerpt":{"rendered":"<p>&nbsp; Fecha de Nacimiento: 19 de Enero de 1946 Biografia Es una cantante, compositora, actriz, productora, escritora, fil\u00e1ntropa y empresaria estadounidense. Est\u00e1 considerada como una de las mejores cantantes de la musica country,\u200b as\u00ed como una de las principales figuras art\u00edsticas de este g\u00e9nero. Durante m\u00e1s de cuatro d\u00e9cadas, ha sido reconocida su faceta innovadora, &hellip;<\/p>\n","protected":false},"author":1,"featured_media":0,"parent":0,"menu_order":0,"comment_status":"open","ping_status":"closed","template":"","meta":{"footnotes":""},"class_list":["post-130","page","type-page","status-publish",""],"jetpack_sharing_enabled":true,"_links":{"self":[{"href":"http:\/\/mickyandoniehn.com\/radio\/wp-json\/wp\/v2\/pages\/130","targetHints":{"allow":["GET"]}}],"collection":[{"href":"http:\/\/mickyandoniehn.com\/radio\/wp-json\/wp\/v2\/pages"}],"about":[{"href":"http:\/\/mickyandoniehn.com\/radio\/wp-json\/wp\/v2\/types\/page"}],"author":[{"embeddable":true,"href":"http:\/\/mickyandoniehn.com\/radio\/wp-json\/wp\/v2\/users\/1"}],"replies":[{"embeddable":true,"href":"http:\/\/mickyandoniehn.com\/radio\/wp-json\/wp\/v2\/comments?post=130"}],"version-history":[{"count":3,"href":"http:\/\/mickyandoniehn.com\/radio\/wp-json\/wp\/v2\/pages\/130\/revisions"}],"predecessor-version":[{"id":29224,"href":"http:\/\/mickyandoniehn.com\/radio\/wp-json\/wp\/v2\/pages\/130\/revisions\/29224"}],"wp:attachment":[{"href":"http:\/\/mickyandoniehn.com\/radio\/wp-json\/wp\/v2\/media?parent=130"}],"curies":[{"name":"wp","href":"https:\/\/api.w.org\/{rel}","templated":true}]}}