{"id":118,"date":"2021-07-05T06:32:44","date_gmt":"2021-07-05T06:32:44","guid":{"rendered":"http:\/\/mickyandoniehn.com\/radio\/?page_id=118"},"modified":"2022-08-29T09:38:54","modified_gmt":"2022-08-29T15:38:54","slug":"howie-day","status":"publish","type":"page","link":"http:\/\/mickyandoniehn.com\/radio\/howie-day\/","title":{"rendered":"Howie Day"},"content":{"rendered":"\r\n<div class=\"wp-block-image\">\r\n<figure class=\"aligncenter size-large\">\r\n<p style=\"text-align: justify;\"><img loading=\"lazy\" decoding=\"async\" class=\" wp-image-1231 aligncenter\" src=\"http:\/\/mickyandoniehn.com\/radio\/wp-content\/uploads\/2021\/10\/id-49-300x222.jpg\" alt=\"\" width=\"510\" height=\"377\" srcset=\"http:\/\/mickyandoniehn.com\/radio\/wp-content\/uploads\/2021\/10\/id-49-300x222.jpg 300w, http:\/\/mickyandoniehn.com\/radio\/wp-content\/uploads\/2021\/10\/id-49.jpg 517w\" sizes=\"auto, (max-width: 510px) 100vw, 510px\" \/><\/p>\r\n<p>&nbsp;<\/p>\r\n<p style=\"text-align: justify;\"><strong>Nacimiento:<\/strong> 15 de Enero de 1981<\/p>\r\n<p><strong>Biografia<\/strong><\/p>\r\n\r\n\r\n\r\n\r\n\r\n<p style=\"text-align: justify;\">Es un cantautor estadounidense. Al comenzar su carrera como solista a fines de la d\u00e9cada de 1990, Day se hizo conocido por sus extensas giras y el uso en conciertos de samplers y pedales de efectos para acompa\u00f1arse a s\u00ed mismo. Se autofinancia y auto lanz\u00f3 su primer \u00e1lbum, Australia , en 2000.<\/p>\r\n\r\n\r\n\r\n<p style=\"text-align: justify;\">Despu\u00e9s de una gira de cinco a\u00f1os antes del lanzamiento de Stop All The World Now seguida de una gira de tres a\u00f1os, Day se tom\u00f3 un tiempo libre y se centr\u00f3 en escribir m\u00fasica. Day lanz\u00f3 su EP Be There en mayo de 2009, seguido de Sound The Alarm , lanzado el 8 de septiembre de 2009. En diciembre de 2014, Day cre\u00f3 una campa\u00f1a Pledge Music para financiar un nuevo \u00e1lbum, Lanterns, que fue lanzado a los participantes el 16 de abril de 2015. El \u00e1lbum fue lanzado en iTunes el 28 de abril de 2015. Varias canciones del \u00e1lbum incluyen a Aimee Mann como coros.<\/p>\r\n\r\n\r\n\r\n<p style=\"text-align: justify;\">Alrededor de los 13 a\u00f1os, el inter\u00e9s de Day se desvi\u00f3 hacia la m\u00fasica rock y la guitarra el\u00e9ctrica. Su padre le compr\u00f3 una Fender Stratocaster y lo inscribi\u00f3 en un entrenamiento vocal b\u00e1sico. Sus padres pose\u00edan y dirig\u00edan un popular restaurante local, lo que le dio a Day un espacio p\u00fablico en el que comenzar a actuar, tocando todos los viernes por la noche para los clientes. Day hizo su primera aparici\u00f3n en el escenario en agosto de 1996 en el restaurante Captain Nick&#8217;s de Bangor.<\/p>\r\n<p style=\"text-align: justify;\"><strong>Birth:<\/strong> January 15, 1981<\/p>\r\n<p><strong>Biography<\/strong><\/p>\r\n<p style=\"text-align: justify;\">He is an American singer-songwriter. Beginning his solo career in the late 1990s, Day became known for his extensive touring and concert use of samplers and effects pedals to accompany himself. He is self-financing and self-released his first album, Australia, in 2000.<\/p>\r\n<p style=\"text-align: justify;\">After touring for five years before the release of Stop All The World Now followed by a three-year tour, Day took some time off and focused on writing music. Day released her EP Be There in May 2009, followed by Sound The Alarm, released on September 8, 2009. In December 2014, Day created a Pledge Music campaign to finance a new album, Lanterns, which was released to participants on April 16, 2015. The album was released on iTunes on April 28, 2015. Several songs on the album feature Aimee Mann on backing vocals.<\/p>\r\n<p style=\"text-align: justify;\">Around the age of 13, Day&#8217;s interest shifted to rock music and the electric guitar. His father bought him a Fender Stratocaster and enrolled him in basic vocal training. His parents owned and ran a popular local restaurant, which gave Day a public space in which to start performing, playing every Friday night for patrons. Day made her first stage appearance in August 1996 at Captain Nick&#8217;s restaurant in Bangor.<\/p>\r\n\r\n\r\n\r\n<p style=\"text-align: justify;\"><strong>Discograf\u00eda<\/strong><\/p>\r\n\r\n\r\n\r\n<table width=\"584\">\r\n<tbody>\r\n<tr>\r\n<td style=\"text-align: center;\" width=\"190\"><strong>Genero Pop rock , indie rock<\/strong><\/td>\r\n<td style=\"text-align: center;\" width=\"310\"><strong>Escuchar Tema<\/strong><\/td>\r\n<td style=\"text-align: center;\" width=\"84\"><strong>A\u00f1o<\/strong><\/td>\r\n<\/tr>\r\n<tr>\r\n<td>1<\/td>\r\n<td>Howie Day (Demo)<\/td>\r\n<td>1998<\/td>\r\n<\/tr>\r\n<tr>\r\n<td>2<\/td>\r\n<td>The White EP (# 1)\u00a0<\/td>\r\n<td>1998<\/td>\r\n<\/tr>\r\n<tr>\r\n<td>3<\/td>\r\n<td>The White EP (# 2)\u00a0<\/td>\r\n<td>1998<\/td>\r\n<\/tr>\r\n<tr>\r\n<td>4<\/td>\r\n<td>Australia<\/td>\r\n<td>2000<\/td>\r\n<\/tr>\r\n<tr>\r\n<td>5<\/td>\r\n<td>Det\u00e9n a todo el mundo ahora<\/td>\r\n<td>2003<\/td>\r\n<\/tr>\r\n<tr>\r\n<td>6<\/td>\r\n<td>Suena la alarma\u00a0<\/td>\r\n<td>2009<\/td>\r\n<\/tr>\r\n<tr>\r\n<td>7<\/td>\r\n<td>Linternas\u00a0<\/td>\r\n<td>2015<\/td>\r\n<\/tr>\r\n<\/tbody>\r\n<\/table>\r\n<p>&nbsp;<\/p>\r\n<p><iframe loading=\"lazy\" title=\"Howie Day\" width=\"618\" height=\"464\" src=\"https:\/\/www.youtube.com\/embed\/GdCk6csnYAI?feature=oembed\" frameborder=\"0\" allow=\"accelerometer; autoplay; clipboard-write; encrypted-media; gyroscope; picture-in-picture; web-share\" referrerpolicy=\"strict-origin-when-cross-origin\" allowfullscreen><\/iframe><\/p>\r\n<\/figure>\r\n<\/div>\r\n","protected":false},"excerpt":{"rendered":"<p>&nbsp; Nacimiento: 15 de Enero de 1981 Biografia Es un cantautor estadounidense. Al comenzar su carrera como solista a fines de la d\u00e9cada de 1990, Day se hizo conocido por sus extensas giras y el uso en conciertos de samplers y pedales de efectos para acompa\u00f1arse a s\u00ed mismo. Se autofinancia y auto lanz\u00f3 su &hellip;<\/p>\n","protected":false},"author":1,"featured_media":0,"parent":0,"menu_order":0,"comment_status":"open","ping_status":"closed","template":"","meta":{"footnotes":""},"class_list":["post-118","page","type-page","status-publish",""],"jetpack_sharing_enabled":true,"_links":{"self":[{"href":"http:\/\/mickyandoniehn.com\/radio\/wp-json\/wp\/v2\/pages\/118","targetHints":{"allow":["GET"]}}],"collection":[{"href":"http:\/\/mickyandoniehn.com\/radio\/wp-json\/wp\/v2\/pages"}],"about":[{"href":"http:\/\/mickyandoniehn.com\/radio\/wp-json\/wp\/v2\/types\/page"}],"author":[{"embeddable":true,"href":"http:\/\/mickyandoniehn.com\/radio\/wp-json\/wp\/v2\/users\/1"}],"replies":[{"embeddable":true,"href":"http:\/\/mickyandoniehn.com\/radio\/wp-json\/wp\/v2\/comments?post=118"}],"version-history":[{"count":2,"href":"http:\/\/mickyandoniehn.com\/radio\/wp-json\/wp\/v2\/pages\/118\/revisions"}],"predecessor-version":[{"id":29227,"href":"http:\/\/mickyandoniehn.com\/radio\/wp-json\/wp\/v2\/pages\/118\/revisions\/29227"}],"wp:attachment":[{"href":"http:\/\/mickyandoniehn.com\/radio\/wp-json\/wp\/v2\/media?parent=118"}],"curies":[{"name":"wp","href":"https:\/\/api.w.org\/{rel}","templated":true}]}}